{"id":2022,"date":"2021-08-29T12:55:56","date_gmt":"2021-08-29T10:55:56","guid":{"rendered":"http:\/\/klubmamgdynia.pl\/index.php\/produkt\/tm-toys-pocket-titans\/"},"modified":"2026-04-06T02:07:31","modified_gmt":"2026-04-06T00:07:31","slug":"tm-toys-pocket-titans","status":"publish","type":"product","link":"http:\/\/klubmamgdynia.pl\/index.php\/produkt\/tm-toys-pocket-titans\/","title":{"rendered":"TM Toys Pocket Titans"},"content":{"rendered":"<h2>TM Toys Pocket Titans TM Toys<\/h2>\n<p>ferie zimowe 2022 warszawa, zagadki dla 9 latk\u00f3w, \u017carty prima aprilis, \u017cyczenia bo\u017ce narodzenie oryginalne, bajki dla niemowlakow<\/p>\n<p>yyyyy<\/p>\n<p>&nbsp;<\/p>\n","protected":false},"excerpt":{"rendered":"<p>TM Toys Pocket Titans TM Toys ferie zimowe 2022 warszawa, zagadki dla 9 latk\u00f3w, \u017carty prima aprilis, \u017cyczenia bo\u017ce narodzenie oryginalne, bajki dla niemowlakow yyyyy &nbsp;<\/p>\n","protected":false},"featured_media":2023,"comment_status":"closed","ping_status":"open","template":"","meta":[],"product_cat":[95,145],"product_tag":[863,716,780],"class_list":["post-2022","product","type-product","status-publish","has-post-thumbnail","hentry","product_cat-figurki-makiety-i-zestawy","product_cat-tm-toys","product_tag-bajki-dla-dziewczynek","product_tag-filmy-animowane-o-swietach","product_tag-krecik-bajka"],"_links":{"self":[{"href":"http:\/\/klubmamgdynia.pl\/index.php\/wp-json\/wp\/v2\/product\/2022","targetHints":{"allow":["GET"]}}],"collection":[{"href":"http:\/\/klubmamgdynia.pl\/index.php\/wp-json\/wp\/v2\/product"}],"about":[{"href":"http:\/\/klubmamgdynia.pl\/index.php\/wp-json\/wp\/v2\/types\/product"}],"replies":[{"embeddable":true,"href":"http:\/\/klubmamgdynia.pl\/index.php\/wp-json\/wp\/v2\/comments?post=2022"}],"wp:featuredmedia":[{"embeddable":true,"href":"http:\/\/klubmamgdynia.pl\/index.php\/wp-json\/wp\/v2\/media\/2023"}],"wp:attachment":[{"href":"http:\/\/klubmamgdynia.pl\/index.php\/wp-json\/wp\/v2\/media?parent=2022"}],"wp:term":[{"taxonomy":"product_cat","embeddable":true,"href":"http:\/\/klubmamgdynia.pl\/index.php\/wp-json\/wp\/v2\/product_cat?post=2022"},{"taxonomy":"product_tag","embeddable":true,"href":"http:\/\/klubmamgdynia.pl\/index.php\/wp-json\/wp\/v2\/product_tag?post=2022"}],"curies":[{"name":"wp","href":"https:\/\/api.w.org\/{rel}","templated":true}]}}