{"id":2026,"date":"2012-02-01T07:41:31","date_gmt":"2012-02-01T06:41:31","guid":{"rendered":"http:\/\/klubmamgdynia.pl\/index.php\/produkt\/hasbro-play-doh-moje-pierwesze-biurko-ciastolina-cpdo001\/"},"modified":"2026-05-17T22:06:43","modified_gmt":"2026-05-17T20:06:43","slug":"hasbro-play-doh-moje-pierwesze-biurko-ciastolina-cpdo001","status":"publish","type":"product","link":"http:\/\/klubmamgdynia.pl\/index.php\/produkt\/hasbro-play-doh-moje-pierwesze-biurko-ciastolina-cpdo001\/","title":{"rendered":"Hasbro Play-Doh Moje Pierwesze Biurko Ciastolina CPDO001"},"content":{"rendered":"<p>Hasbro stworzy\u0142o niesamowity stolik, kt\u00f3ry z pewno\u015bci\u0105 przyda si\u0119 wszystkim kreatywnym maluchom. Jest to profesjonalne miejsce do prac plastycznych, kt\u00f3re pozwala mie\u0107 wszystkie najpotrzebniejsze akcesoria pod r\u0119k\u0105. Z takim dobrze zagospodarowanym miejscem dziecko b\u0119dzie mog\u0142o tworzy\u0107 r\u00f3\u017cne dzie\u0142a sztuki niezale\u017cnie od metody wykonania. Wygodne siedzisko pe\u0142ni r\u00f3wnie\u017c rol\u0119 pojemnika, kt\u00f3ry przechowa nieu\u017cywane aktualnie przybory plastyczne. Specjalne kuwety pozwol\u0105 na umieszczenie w nich np. kredek, p\u0119dzli, farbek itp rzeczy, kt\u00f3re przydadz\u0105 si\u0119 maluszkowi podczas tworzenia prac. Te wszystkie udogodnienia pozwol\u0105 zachowa\u0107 porz\u0105dek i skupi\u0107 uwag\u0119 na rysunkach.<br \/>\n\u00a0Zapewnij swojemu dziecku odpowiednie miejsce, aby mog\u0142o bez zak\u0142\u00f3ce\u0144 projektowa\u0107, rysowa\u0107, klei\u0107 i rozwija\u0107 swoje zdolno\u015bci manualne oraz kreatywno\u015b\u0107.\u00a0W zestawie znajduje si\u0119:<br \/>\n1x biurko,<br \/>\n3x ciastolina,<br \/>\n4x marker,<br \/>\n13x kolorowe arkusze.<br \/>\nWymiary z\u0142o\u017conego biurka: 74 x 46 x 56 cm,,Maksymalne obci\u0105\u017cenie: do 50 kg<br \/>\nWymiary opakowania: 51 x 47 x 24 cm,<br \/>\nWiek: od 2 lat.<\/p>\n<h2>Hasbro Play-Doh Moje Pierwesze Biurko Ciastolina CPDO001 TM Toys<\/h2>\n<p>cytaty motywacyjne dla dzieci, gdzie strumyk p\u0142ynie z wolna, bajka dla dziewczynek, trudne zagadki dla dzieci, pokemony do druku, miasto dzieci krak\u00f3w, quiz minecraft, filmy familijne walta disneya, \u0142amig\u0142\u00f3wki dla dzieci<\/p>\n<p>yyyyy<\/p>\n<p>&nbsp;<\/p>\n","protected":false},"excerpt":{"rendered":"<p>Hasbro stworzy\u0142o niesamowity stolik, kt\u00f3ry z pewno\u015bci\u0105 przyda si\u0119 wszystkim kreatywnym maluchom. Jest to profesjonalne miejsce do prac plastycznych, kt\u00f3re pozwala mie\u0107 wszystkie najpotrzebniejsze akcesoria pod r\u0119k\u0105. Z takim dobrze zagospodarowanym miejscem dziecko b\u0119dzie mog\u0142o tworzy\u0107 r\u00f3\u017cne dzie\u0142a sztuki niezale\u017cnie od metody wykonania. Wygodne siedzisko pe\u0142ni r\u00f3wnie\u017c rol\u0119 pojemnika, kt\u00f3ry przechowa nieu\u017cywane aktualnie przybory plastyczne. [&hellip;]<\/p>\n","protected":false},"featured_media":2027,"comment_status":"closed","ping_status":"open","template":"","meta":[],"product_cat":[145,21],"product_tag":[658,868,822,800],"class_list":["post-2026","product","type-product","status-publish","has-post-thumbnail","hentry","product_cat-tm-toys","product_cat-zabawki-plastyczne","product_tag-alan-znaczenie-imienia","product_tag-quizy-dla-dzieci","product_tag-wierszyki-o-wakacjach-krotkie","product_tag-zagadki-smieszne"],"_links":{"self":[{"href":"http:\/\/klubmamgdynia.pl\/index.php\/wp-json\/wp\/v2\/product\/2026","targetHints":{"allow":["GET"]}}],"collection":[{"href":"http:\/\/klubmamgdynia.pl\/index.php\/wp-json\/wp\/v2\/product"}],"about":[{"href":"http:\/\/klubmamgdynia.pl\/index.php\/wp-json\/wp\/v2\/types\/product"}],"replies":[{"embeddable":true,"href":"http:\/\/klubmamgdynia.pl\/index.php\/wp-json\/wp\/v2\/comments?post=2026"}],"wp:featuredmedia":[{"embeddable":true,"href":"http:\/\/klubmamgdynia.pl\/index.php\/wp-json\/wp\/v2\/media\/2027"}],"wp:attachment":[{"href":"http:\/\/klubmamgdynia.pl\/index.php\/wp-json\/wp\/v2\/media?parent=2026"}],"wp:term":[{"taxonomy":"product_cat","embeddable":true,"href":"http:\/\/klubmamgdynia.pl\/index.php\/wp-json\/wp\/v2\/product_cat?post=2026"},{"taxonomy":"product_tag","embeddable":true,"href":"http:\/\/klubmamgdynia.pl\/index.php\/wp-json\/wp\/v2\/product_tag?post=2026"}],"curies":[{"name":"wp","href":"https:\/\/api.w.org\/{rel}","templated":true}]}}