{"id":2028,"date":"2012-12-13T01:29:12","date_gmt":"2012-12-13T00:29:12","guid":{"rendered":"http:\/\/klubmamgdynia.pl\/index.php\/produkt\/dromader-zestaw-kreatywny-samolot\/"},"modified":"2026-05-17T22:21:04","modified_gmt":"2026-05-17T20:21:04","slug":"dromader-zestaw-kreatywny-samolot","status":"publish","type":"product","link":"http:\/\/klubmamgdynia.pl\/index.php\/produkt\/dromader-zestaw-kreatywny-samolot\/","title":{"rendered":"Dromader Zestaw Kreatywny Samolot"},"content":{"rendered":"<p>Zestaw kreatywny Samolot &#8211; Dromader<\/p>\n<h2>Dromader Zestaw Kreatywny Samolot Dromader<\/h2>\n<p>cytaty o dziecku, jaki prezent na roczek dla ch\u0142opca, test z lektury felix net i nika oraz gang niewidzialnych ludzi, quizy miko\u0142ajek, mi\u0142o\u015b\u0107 do dziecka cytaty, cytaty o przyja\u017ani kr\u00f3tkie, jak zrobi\u0107 samolot z papieru, pola imie<\/p>\n<p>yyyyy<\/p>\n<p>&nbsp;<\/p>\n","protected":false},"excerpt":{"rendered":"<p>Zestaw kreatywny Samolot &#8211; Dromader Dromader Zestaw Kreatywny Samolot Dromader cytaty o dziecku, jaki prezent na roczek dla ch\u0142opca, test z lektury felix net i nika oraz gang niewidzialnych ludzi, quizy miko\u0142ajek, mi\u0142o\u015b\u0107 do dziecka cytaty, cytaty o przyja\u017ani kr\u00f3tkie, jak zrobi\u0107 samolot z papieru, pola imie yyyyy &nbsp;<\/p>\n","protected":false},"featured_media":2029,"comment_status":"closed","ping_status":"open","template":"","meta":[],"product_cat":[60,21],"product_tag":[662,776,775,842,824,710],"class_list":["post-2028","product","type-product","status-publish","has-post-thumbnail","hentry","product_cat-dromader","product_cat-zabawki-plastyczne","product_tag-bajki-na-dobranoc","product_tag-dobrej-nocy","product_tag-kolorowanki-do-druku-pokemon","product_tag-plac-zabaw-poznan","product_tag-warszawa-atrakcje-dla-dzieci","product_tag-zagadki-dla-dzieci-10-12-lat"],"_links":{"self":[{"href":"http:\/\/klubmamgdynia.pl\/index.php\/wp-json\/wp\/v2\/product\/2028","targetHints":{"allow":["GET"]}}],"collection":[{"href":"http:\/\/klubmamgdynia.pl\/index.php\/wp-json\/wp\/v2\/product"}],"about":[{"href":"http:\/\/klubmamgdynia.pl\/index.php\/wp-json\/wp\/v2\/types\/product"}],"replies":[{"embeddable":true,"href":"http:\/\/klubmamgdynia.pl\/index.php\/wp-json\/wp\/v2\/comments?post=2028"}],"wp:featuredmedia":[{"embeddable":true,"href":"http:\/\/klubmamgdynia.pl\/index.php\/wp-json\/wp\/v2\/media\/2029"}],"wp:attachment":[{"href":"http:\/\/klubmamgdynia.pl\/index.php\/wp-json\/wp\/v2\/media?parent=2028"}],"wp:term":[{"taxonomy":"product_cat","embeddable":true,"href":"http:\/\/klubmamgdynia.pl\/index.php\/wp-json\/wp\/v2\/product_cat?post=2028"},{"taxonomy":"product_tag","embeddable":true,"href":"http:\/\/klubmamgdynia.pl\/index.php\/wp-json\/wp\/v2\/product_tag?post=2028"}],"curies":[{"name":"wp","href":"https:\/\/api.w.org\/{rel}","templated":true}]}}