{"id":203,"date":"2014-04-01T09:44:34","date_gmt":"2014-04-01T07:44:34","guid":{"rendered":"http:\/\/klubmamgdynia.pl\/index.php\/produkt\/oops-zbuduj-las-12-16006-10\/"},"modified":"2026-04-22T01:18:02","modified_gmt":"2026-04-21T23:18:02","slug":"oops-zbuduj-las-12-16006-10","status":"publish","type":"product","link":"http:\/\/klubmamgdynia.pl\/index.php\/produkt\/oops-zbuduj-las-12-16006-10\/","title":{"rendered":"Oops Zbuduj Las 12+ 16006.10"},"content":{"rendered":"<p>Oops Zabawka Zbuduj LasPrzyjazne i pi\u0119kne, kolorowe drewniane puzzle od znanej szwajcarskiej marki Oops.Puzzle to chyba najbardziej uwielbiana przez dzieci zabawkaPi\u0119kne, kolorowe puzzle na drewnianej planszy uciesz\u0105 ka\u017cde dzieckoKolorowe puzzle spodobaj\u0105 si\u0119 zar\u00f3wno ch\u0142opcom jak i dziewczynkomDzieci ucz\u0105 si\u0119 uk\u0142adania puzzli na planszy rozwijaj\u0105c sprawno\u015b\u0107 manualn\u0105Puzzle s\u0105 wyprodukowane z drewnaZastosowane farby nie s\u0105 szkodliweSzczeg\u00f3\u0142y:idealny prezent dla ch\u0142opca i dziewczynkikilka wariant\u00f3w do dyspozycjinieszkodliwe barwniki i materia\u0142yelementy s\u0105 r\u00f3\u017cnej grubo\u015bci, rozwijaj\u0105 zmys\u0142 rozr\u00f3\u017cniania proporcjiopakowanie: kartonowe pude\u0142kowielko\u015b\u0107: 33,5 \u00d7 33,5 \u00d7 5 cmwielko\u015b\u0107: 33,5 \u00d7 33,5 \u00d7 5 cmWiek: od 12m+<\/p>\n<h2>Oops Zbuduj Las 12+ 16006.10 Oops<\/h2>\n<p>mia i ja kolorowanki do druku, gabriela, niezapomniany prezent na roczek, misie z film\u00f3w animowanych, zagadki \u015bwi\u0105teczne dla dzieci, pomys\u0142 na prezent dla nastolatki, kolorowanki star wars, dorian<\/p>\n<p>yyyyy<\/p>\n<p>&nbsp;<\/p>\n","protected":false},"excerpt":{"rendered":"<p>Oops Zabawka Zbuduj LasPrzyjazne i pi\u0119kne, kolorowe drewniane puzzle od znanej szwajcarskiej marki Oops.Puzzle to chyba najbardziej uwielbiana przez dzieci zabawkaPi\u0119kne, kolorowe puzzle na drewnianej planszy uciesz\u0105 ka\u017cde dzieckoKolorowe puzzle spodobaj\u0105 si\u0119 zar\u00f3wno ch\u0142opcom jak i dziewczynkomDzieci ucz\u0105 si\u0119 uk\u0142adania puzzli na planszy rozwijaj\u0105c sprawno\u015b\u0107 manualn\u0105Puzzle s\u0105 wyprodukowane z drewnaZastosowane farby nie s\u0105 szkodliweSzczeg\u00f3\u0142y:idealny prezent [&hellip;]<\/p>\n","protected":false},"featured_media":204,"comment_status":"closed","ping_status":"open","template":"","meta":[],"product_cat":[98,90],"product_tag":[766,583,731,876,651,672],"class_list":["post-203","product","type-product","status-publish","has-post-thumbnail","hentry","product_cat-oops","product_cat-puzzle","product_tag-kira","product_tag-kolysanki-dla-dzieci-tekst","product_tag-maly-ksiaze-cytaty","product_tag-przyjazn","product_tag-quizy-online","product_tag-trudne-zagadki-z-odpowiedziami"],"_links":{"self":[{"href":"http:\/\/klubmamgdynia.pl\/index.php\/wp-json\/wp\/v2\/product\/203","targetHints":{"allow":["GET"]}}],"collection":[{"href":"http:\/\/klubmamgdynia.pl\/index.php\/wp-json\/wp\/v2\/product"}],"about":[{"href":"http:\/\/klubmamgdynia.pl\/index.php\/wp-json\/wp\/v2\/types\/product"}],"replies":[{"embeddable":true,"href":"http:\/\/klubmamgdynia.pl\/index.php\/wp-json\/wp\/v2\/comments?post=203"}],"wp:featuredmedia":[{"embeddable":true,"href":"http:\/\/klubmamgdynia.pl\/index.php\/wp-json\/wp\/v2\/media\/204"}],"wp:attachment":[{"href":"http:\/\/klubmamgdynia.pl\/index.php\/wp-json\/wp\/v2\/media?parent=203"}],"wp:term":[{"taxonomy":"product_cat","embeddable":true,"href":"http:\/\/klubmamgdynia.pl\/index.php\/wp-json\/wp\/v2\/product_cat?post=203"},{"taxonomy":"product_tag","embeddable":true,"href":"http:\/\/klubmamgdynia.pl\/index.php\/wp-json\/wp\/v2\/product_tag?post=203"}],"curies":[{"name":"wp","href":"https:\/\/api.w.org\/{rel}","templated":true}]}}