{"id":2030,"date":"2020-01-23T04:06:18","date_gmt":"2020-01-23T03:06:18","guid":{"rendered":"http:\/\/klubmamgdynia.pl\/index.php\/produkt\/inflate-a-mals-ride-on-animals-dmuchana-zabawka-jednorozec-152cm\/"},"modified":"2026-04-05T20:57:39","modified_gmt":"2026-04-05T18:57:39","slug":"inflate-a-mals-ride-on-animals-dmuchana-zabawka-jednorozec-152cm","status":"publish","type":"product","link":"http:\/\/klubmamgdynia.pl\/index.php\/produkt\/inflate-a-mals-ride-on-animals-dmuchana-zabawka-jednorozec-152cm\/","title":{"rendered":"Inflate A Mals Ride On Animals Dmuchana Zabawka Jednoro\u017cec 152Cm"},"content":{"rendered":"<p>Jednoro\u017cec dmuchana zabawka Inflate-a-mals 152 cm<\/p>\n<h2>Inflate A Mals Ride On Animals Dmuchana Zabawka Jednoro\u017cec 152Cm Panda<\/h2>\n<p>wszystkie kraje \u015bwiata quiz, zagadki dla dzieci 7-8 lat online, pch\u0142y na noc, cytat z kubusia puchatka o mi\u0142o\u015bci, gaja imi\u0119, kr\u00f3tkie bajki na dobranoc do czytania, bajki dla dzieci czytane, znaczenie imiona dawid, list do gwiazdora<\/p>\n<p>yyyyy<\/p>\n<p>&nbsp;<\/p>\n","protected":false},"excerpt":{"rendered":"<p>Jednoro\u017cec dmuchana zabawka Inflate-a-mals 152 cm Inflate A Mals Ride On Animals Dmuchana Zabawka Jednoro\u017cec 152Cm Panda wszystkie kraje \u015bwiata quiz, zagadki dla dzieci 7-8 lat online, pch\u0142y na noc, cytat z kubusia puchatka o mi\u0142o\u015bci, gaja imi\u0119, kr\u00f3tkie bajki na dobranoc do czytania, bajki dla dzieci czytane, znaczenie imiona dawid, list do gwiazdora yyyyy [&hellip;]<\/p>\n","protected":false},"featured_media":2031,"comment_status":"closed","ping_status":"open","template":"","meta":[],"product_cat":[42,512],"product_tag":[676,854,631,783,606,857,725],"class_list":["post-2030","product","type-product","status-publish","has-post-thumbnail","hentry","product_cat-maskotki","product_cat-panda","product_tag-bursztynek","product_tag-cytaty-rodzina","product_tag-prezent-na-roczek","product_tag-prezenty-na-roczek-dla-chlopca","product_tag-stala-pod-sniegiem","product_tag-zagadki-dla-dzieci-7-8-lat","product_tag-zgadywanki"],"_links":{"self":[{"href":"http:\/\/klubmamgdynia.pl\/index.php\/wp-json\/wp\/v2\/product\/2030","targetHints":{"allow":["GET"]}}],"collection":[{"href":"http:\/\/klubmamgdynia.pl\/index.php\/wp-json\/wp\/v2\/product"}],"about":[{"href":"http:\/\/klubmamgdynia.pl\/index.php\/wp-json\/wp\/v2\/types\/product"}],"replies":[{"embeddable":true,"href":"http:\/\/klubmamgdynia.pl\/index.php\/wp-json\/wp\/v2\/comments?post=2030"}],"wp:featuredmedia":[{"embeddable":true,"href":"http:\/\/klubmamgdynia.pl\/index.php\/wp-json\/wp\/v2\/media\/2031"}],"wp:attachment":[{"href":"http:\/\/klubmamgdynia.pl\/index.php\/wp-json\/wp\/v2\/media?parent=2030"}],"wp:term":[{"taxonomy":"product_cat","embeddable":true,"href":"http:\/\/klubmamgdynia.pl\/index.php\/wp-json\/wp\/v2\/product_cat?post=2030"},{"taxonomy":"product_tag","embeddable":true,"href":"http:\/\/klubmamgdynia.pl\/index.php\/wp-json\/wp\/v2\/product_tag?post=2030"}],"curies":[{"name":"wp","href":"https:\/\/api.w.org\/{rel}","templated":true}]}}