{"id":2032,"date":"2018-12-13T13:56:38","date_gmt":"2018-12-13T12:56:38","guid":{"rendered":"http:\/\/klubmamgdynia.pl\/index.php\/produkt\/rucken-materac-unome-do-kolyski-82x50x6\/"},"modified":"2026-04-26T22:58:18","modified_gmt":"2026-04-26T20:58:18","slug":"rucken-materac-unome-do-kolyski-82x50x6","status":"publish","type":"product","link":"http:\/\/klubmamgdynia.pl\/index.php\/produkt\/rucken-materac-unome-do-kolyski-82x50x6\/","title":{"rendered":"Rucken Materac UnoMe Do Ko\u0142yski 82x50x6"},"content":{"rendered":"<p>Rucken Materac UnoMe Do Ko\u0142yski zosta\u0142 wykonany z wysokiej jako\u015bci materia\u0142\u00f3w. Zapewni 100% komfort twojemu dziecku podczas snu.Wymiary: 82x50x6<\/p>\n<h2>Rucken Materac UnoMe Do Ko\u0142yski 82x50x6 Rucken<\/h2>\n<p>kolorowanka lol surprise, radiowe nuty niech zyja wakacje, test z lektury miko\u0142ajek do druku, aniela znaczenie imienia, maska psi patrol do druku, kolorowanka anio\u0142ek, origami kotek, kundel bury tekst, list do miko\u0142aja wz\u00f3r pdf, wr\u00f3\u017cby andrzejkowe dla dzieci zawody, ju\u017c blisko kol\u0119da tekst, bajki na dobranoc do czytania, quiz o bo\u017cym narodzeniu, wiosenna kolorowanka, menu urodzinowe dla dzieci w wieku 8 10 lat, dorian, proste dekoracje bo\u017conarodzeniowe dla dzieci, kolorowanki super zings, natan imi\u0119, na wyspach bergamutach tekst<\/p>\n<p>yyyyy<\/p>\n<p>&nbsp;<\/p>\n","protected":false},"excerpt":{"rendered":"<p>Rucken Materac UnoMe Do Ko\u0142yski zosta\u0142 wykonany z wysokiej jako\u015bci materia\u0142\u00f3w. Zapewni 100% komfort twojemu dziecku podczas snu.Wymiary: 82x50x6 Rucken Materac UnoMe Do Ko\u0142yski 82x50x6 Rucken kolorowanka lol surprise, radiowe nuty niech zyja wakacje, test z lektury miko\u0142ajek do druku, aniela znaczenie imienia, maska psi patrol do druku, kolorowanka anio\u0142ek, origami kotek, kundel bury tekst, [&hellip;]<\/p>\n","protected":false},"featured_media":2033,"comment_status":"closed","ping_status":"open","template":"","meta":[],"product_cat":[493,511],"product_tag":[668,598,681,790,752],"class_list":["post-2032","product","type-product","status-publish","has-post-thumbnail","hentry","product_cat-materace-dzieciece","product_cat-rucken","product_tag-atrakcje-dla-dzieci-wroclaw","product_tag-co-na-roczek-dla-dziewczynki","product_tag-flagi-europy-quiz","product_tag-gry-planszowe-dla-nastolatkow","product_tag-kuba-imie"],"_links":{"self":[{"href":"http:\/\/klubmamgdynia.pl\/index.php\/wp-json\/wp\/v2\/product\/2032","targetHints":{"allow":["GET"]}}],"collection":[{"href":"http:\/\/klubmamgdynia.pl\/index.php\/wp-json\/wp\/v2\/product"}],"about":[{"href":"http:\/\/klubmamgdynia.pl\/index.php\/wp-json\/wp\/v2\/types\/product"}],"replies":[{"embeddable":true,"href":"http:\/\/klubmamgdynia.pl\/index.php\/wp-json\/wp\/v2\/comments?post=2032"}],"wp:featuredmedia":[{"embeddable":true,"href":"http:\/\/klubmamgdynia.pl\/index.php\/wp-json\/wp\/v2\/media\/2033"}],"wp:attachment":[{"href":"http:\/\/klubmamgdynia.pl\/index.php\/wp-json\/wp\/v2\/media?parent=2032"}],"wp:term":[{"taxonomy":"product_cat","embeddable":true,"href":"http:\/\/klubmamgdynia.pl\/index.php\/wp-json\/wp\/v2\/product_cat?post=2032"},{"taxonomy":"product_tag","embeddable":true,"href":"http:\/\/klubmamgdynia.pl\/index.php\/wp-json\/wp\/v2\/product_tag?post=2032"}],"curies":[{"name":"wp","href":"https:\/\/api.w.org\/{rel}","templated":true}]}}