{"id":2034,"date":"2015-05-02T09:34:43","date_gmt":"2015-05-02T07:34:43","guid":{"rendered":"http:\/\/klubmamgdynia.pl\/index.php\/produkt\/playmobil-oboz-pladrownikow-grobow-5387\/"},"modified":"2026-04-03T17:36:38","modified_gmt":"2026-04-03T15:36:38","slug":"playmobil-oboz-pladrownikow-grobow-5387","status":"publish","type":"product","link":"http:\/\/klubmamgdynia.pl\/index.php\/produkt\/playmobil-oboz-pladrownikow-grobow-5387\/","title":{"rendered":"Playmobil Ob\u00f3z Pl\u0105drownik\u00f3w Grob\u00f3w (5387)"},"content":{"rendered":"<p>PLAYMOBIL 5387seria HISTORYEgipcjanie OB\u00d3Z Z\u0141ODZIEI wielb\u0142\u0105dPlaymobil to zabawki bardzo wysokiej jako\u015bci, cenione na ca\u0142ym \u015bwiecie.Bardzo wytrzyma\u0142e.wiek 4-12 latZestaw sk\u0142ada si\u0119 z pokazanych element\u00f3w.figurka 2 x 7,5 cm ruchome r\u0119ce, zginaj\u0105 si\u0119 w p\u00f3\u0142, maj\u0105 obracan\u0105 g\u0142ow\u0119,wielb\u0142\u0105dko\u0144wyspa ze studni\u0105 i palm\u0105inne pokazane akcesoriaSUPER zestawZestaw nowy, fabrycznie zapakowany,Fajna zabawa ;)Przeznaczony dla dzieci w wieku powy\u017cej 4 lat, a z Rodzicami nawet dzieciaczki w m\u0142odszym wieku mog\u0105 mie\u0107 super zabaw\u0119 :-)Dzieci uwielbiaj\u0105 zabawy figurkami,Ale zabawa \ud83d\ude42<\/p>\n<h2>Playmobil Ob\u00f3z Pl\u0105drownik\u00f3w Grob\u00f3w (5387) Playmobil<\/h2>\n<p>milan imi\u0119, zagadki wiosenne dla dzieci, karteczki wydruku wr\u00f3\u017cby andrzejkowe dla dzieci, nauka zegara do druku pdf, atrakcje wroc\u0142aw i okolice<\/p>\n<p>yyyyy<\/p>\n<p>&nbsp;<\/p>\n","protected":false},"excerpt":{"rendered":"<p>PLAYMOBIL 5387seria HISTORYEgipcjanie OB\u00d3Z Z\u0141ODZIEI wielb\u0142\u0105dPlaymobil to zabawki bardzo wysokiej jako\u015bci, cenione na ca\u0142ym \u015bwiecie.Bardzo wytrzyma\u0142e.wiek 4-12 latZestaw sk\u0142ada si\u0119 z pokazanych element\u00f3w.figurka 2 x 7,5 cm ruchome r\u0119ce, zginaj\u0105 si\u0119 w p\u00f3\u0142, maj\u0105 obracan\u0105 g\u0142ow\u0119,wielb\u0142\u0105dko\u0144wyspa ze studni\u0105 i palm\u0105inne pokazane akcesoriaSUPER zestawZestaw nowy, fabrycznie zapakowany,Fajna zabawa ;)Przeznaczony dla dzieci w wieku powy\u017cej 4 lat, [&hellip;]<\/p>\n","protected":false},"featured_media":2035,"comment_status":"closed","ping_status":"open","template":"","meta":[],"product_cat":[113,466],"product_tag":[728,755,674,591,632],"class_list":["post-2034","product","type-product","status-publish","has-post-thumbnail","hentry","product_cat-klocki","product_cat-playmobil","product_tag-bezwarunkowa-milosc-do-dziecka-cytaty","product_tag-henryk","product_tag-miasto-dzieci","product_tag-quiz-o-minecraft","product_tag-warszawa-atrakcje-dla-mlodziezy"],"_links":{"self":[{"href":"http:\/\/klubmamgdynia.pl\/index.php\/wp-json\/wp\/v2\/product\/2034","targetHints":{"allow":["GET"]}}],"collection":[{"href":"http:\/\/klubmamgdynia.pl\/index.php\/wp-json\/wp\/v2\/product"}],"about":[{"href":"http:\/\/klubmamgdynia.pl\/index.php\/wp-json\/wp\/v2\/types\/product"}],"replies":[{"embeddable":true,"href":"http:\/\/klubmamgdynia.pl\/index.php\/wp-json\/wp\/v2\/comments?post=2034"}],"wp:featuredmedia":[{"embeddable":true,"href":"http:\/\/klubmamgdynia.pl\/index.php\/wp-json\/wp\/v2\/media\/2035"}],"wp:attachment":[{"href":"http:\/\/klubmamgdynia.pl\/index.php\/wp-json\/wp\/v2\/media?parent=2034"}],"wp:term":[{"taxonomy":"product_cat","embeddable":true,"href":"http:\/\/klubmamgdynia.pl\/index.php\/wp-json\/wp\/v2\/product_cat?post=2034"},{"taxonomy":"product_tag","embeddable":true,"href":"http:\/\/klubmamgdynia.pl\/index.php\/wp-json\/wp\/v2\/product_tag?post=2034"}],"curies":[{"name":"wp","href":"https:\/\/api.w.org\/{rel}","templated":true}]}}