{"id":2040,"date":"2024-12-28T08:24:40","date_gmt":"2024-12-28T07:24:40","guid":{"rendered":"http:\/\/klubmamgdynia.pl\/?post_type=product&#038;p=2040"},"modified":"2026-05-17T21:20:19","modified_gmt":"2026-05-17T19:20:19","slug":"sluban-town-miasto-klocki-samochod-i-myjnia-323el","status":"publish","type":"product","link":"http:\/\/klubmamgdynia.pl\/index.php\/produkt\/sluban-town-miasto-klocki-samochod-i-myjnia-323el\/","title":{"rendered":"Sluban Town Miasto Klocki Samoch\u00f3d I Myjnia 323El."},"content":{"rendered":"<p>Klocki Sluban Town, z kt\u00f3rych mo\u017cna zbudowa\u0107 myjni\u0119 samochodow\u0105 B0759D<\/p>\n<h2>Sluban Town Miasto Klocki Samoch\u00f3d I Myjnia 323El. Sluban<\/h2>\n<p>olaf znaczenie imienia, kolorowanki dla dzieci do druku, m\u0105dre cytaty dla dzieci, co robi\u0107 z dzieckiem w warszawie, kolorowe ciasto, miko\u0142ajki dla dzieci warszawa 2021, minionki kolorowanka<\/p>\n<p>yyyyy<\/p>\n<p>&nbsp;<\/p>\n","protected":false},"excerpt":{"rendered":"<p>Klocki Sluban Town, z kt\u00f3rych mo\u017cna zbudowa\u0107 myjni\u0119 samochodow\u0105 B0759D Sluban Town Miasto Klocki Samoch\u00f3d I Myjnia 323El. Sluban olaf znaczenie imienia, kolorowanki dla dzieci do druku, m\u0105dre cytaty dla dzieci, co robi\u0107 z dzieckiem w warszawie, kolorowe ciasto, miko\u0142ajki dla dzieci warszawa 2021, minionki kolorowanka yyyyy &nbsp;<\/p>\n","protected":false},"featured_media":2041,"comment_status":"closed","ping_status":"open","template":"","meta":[],"product_cat":[113,513],"product_tag":[638,605,767],"class_list":["post-2040","product","type-product","status-publish","has-post-thumbnail","hentry","product_cat-klocki","product_cat-sluban","product_tag-miastodzieci","product_tag-milena","product_tag-zaproszenia-urodzinowe-do-druku"],"_links":{"self":[{"href":"http:\/\/klubmamgdynia.pl\/index.php\/wp-json\/wp\/v2\/product\/2040","targetHints":{"allow":["GET"]}}],"collection":[{"href":"http:\/\/klubmamgdynia.pl\/index.php\/wp-json\/wp\/v2\/product"}],"about":[{"href":"http:\/\/klubmamgdynia.pl\/index.php\/wp-json\/wp\/v2\/types\/product"}],"replies":[{"embeddable":true,"href":"http:\/\/klubmamgdynia.pl\/index.php\/wp-json\/wp\/v2\/comments?post=2040"}],"wp:featuredmedia":[{"embeddable":true,"href":"http:\/\/klubmamgdynia.pl\/index.php\/wp-json\/wp\/v2\/media\/2041"}],"wp:attachment":[{"href":"http:\/\/klubmamgdynia.pl\/index.php\/wp-json\/wp\/v2\/media?parent=2040"}],"wp:term":[{"taxonomy":"product_cat","embeddable":true,"href":"http:\/\/klubmamgdynia.pl\/index.php\/wp-json\/wp\/v2\/product_cat?post=2040"},{"taxonomy":"product_tag","embeddable":true,"href":"http:\/\/klubmamgdynia.pl\/index.php\/wp-json\/wp\/v2\/product_tag?post=2040"}],"curies":[{"name":"wp","href":"https:\/\/api.w.org\/{rel}","templated":true}]}}