{"id":2042,"date":"2014-04-19T17:41:23","date_gmt":"2014-04-19T15:41:23","guid":{"rendered":"http:\/\/klubmamgdynia.pl\/index.php\/produkt\/wader-ciezarowka-z-przyczepa-i-ladowarka-w-siatce-36803\/"},"modified":"2026-04-30T19:09:36","modified_gmt":"2026-04-30T17:09:36","slug":"wader-ciezarowka-z-przyczepa-i-ladowarka-w-siatce-36803","status":"publish","type":"product","link":"http:\/\/klubmamgdynia.pl\/index.php\/produkt\/wader-ciezarowka-z-przyczepa-i-ladowarka-w-siatce-36803\/","title":{"rendered":"Wader Ci\u0119\u017car\u00f3wka z przyczep\u0105 i \u0142adowark\u0105 w siatce (36803)"},"content":{"rendered":"<p>ZESTAW SAMOCHOD\u00d3W VOLVO TRAKTOR HOLOWNIKRewelacyjny zestaw pojazd\u00f3w wykonany z wysokiej jako\u015bci tworzywa gwarantuj\u0105cego wytrzyma\u0142o\u015b\u0107W sk\u0142ad zestawu wchodz\u0105 2 auta:1.Ci\u0119\u017car\u00f3wka z naczep\u0105 umo\u017cliwiaj\u0105c\u0105 transport samochod\u00f3w2. Traktor-\u0142adowarkaChropowata struktura k\u00f3\u0142 pozwala na \u0142atwiejsze manewrowanie zabawk\u0105 po nier\u00f3wnym pod\u0142o\u017cu jak trawa czy piasekKabina kierowcy w obu pojazdach jest oszklona. U\u017cyto w tym celu grubego, przezroczystego plastiku.Zabawka doskonale sprawdzi si\u0119 podczas zabaw w piaskownicy.Z pewno\u015bci\u0105 urozmaici dziecku zabaw\u0119 na \u015bwie\u017cym powietrzu.Doskona\u0142y pomys\u0142 na prezent.Wymiary: 89,5cm \u0445 22cm \u0445 32cmProdukt zapakowany w siatk\u0119<\/p>\n<h2>Wader Ci\u0119\u017car\u00f3wka z przyczep\u0105 i \u0142adowark\u0105 w siatce (36803) Wader<\/h2>\n<p>quiz o dinozaurach, andrzejki kolorowanki do druku, prezent dla 15 latki, szlaczki dla dzieci do druku, quizy dla dzieci 8 lat, ja\u015bmina imie, zagadki co to jest, dyplomy szablony pdf, m.i.a., zagadki dla ma\u0142ych dzieci, sabina, imi\u0119 dla dziewczynki 2019, zagadki dla dzieci 7-8 lat, filmy wigilijne dla dzieci, mi\u0142osz imie, bajka na dobranoc do czytania, test opowie\u015bci z narnii lew czarownica i stara szafa do druku, quizy o miko\u0142ajku<\/p>\n<p>yyyyy<\/p>\n<p>&nbsp;<\/p>\n","protected":false},"excerpt":{"rendered":"<p>ZESTAW SAMOCHOD\u00d3W VOLVO TRAKTOR HOLOWNIKRewelacyjny zestaw pojazd\u00f3w wykonany z wysokiej jako\u015bci tworzywa gwarantuj\u0105cego wytrzyma\u0142o\u015b\u0107W sk\u0142ad zestawu wchodz\u0105 2 auta:1.Ci\u0119\u017car\u00f3wka z naczep\u0105 umo\u017cliwiaj\u0105c\u0105 transport samochod\u00f3w2. Traktor-\u0142adowarkaChropowata struktura k\u00f3\u0142 pozwala na \u0142atwiejsze manewrowanie zabawk\u0105 po nier\u00f3wnym pod\u0142o\u017cu jak trawa czy piasekKabina kierowcy w obu pojazdach jest oszklona. U\u017cyto w tym celu grubego, przezroczystego plastiku.Zabawka doskonale sprawdzi si\u0119 [&hellip;]<\/p>\n","protected":false},"featured_media":2043,"comment_status":"closed","ping_status":"open","template":"","meta":[],"product_cat":[83,514],"product_tag":[578,730,745,726],"class_list":["post-2042","product","type-product","status-publish","has-post-thumbnail","hentry","product_cat-auta-i-inne-pojazdy-do-zabawy","product_cat-wader","product_tag-fajne-zarty-na-prima-aprilis","product_tag-karyna","product_tag-prezent-dla-15-latki","product_tag-quiz-zemsta"],"_links":{"self":[{"href":"http:\/\/klubmamgdynia.pl\/index.php\/wp-json\/wp\/v2\/product\/2042","targetHints":{"allow":["GET"]}}],"collection":[{"href":"http:\/\/klubmamgdynia.pl\/index.php\/wp-json\/wp\/v2\/product"}],"about":[{"href":"http:\/\/klubmamgdynia.pl\/index.php\/wp-json\/wp\/v2\/types\/product"}],"replies":[{"embeddable":true,"href":"http:\/\/klubmamgdynia.pl\/index.php\/wp-json\/wp\/v2\/comments?post=2042"}],"wp:featuredmedia":[{"embeddable":true,"href":"http:\/\/klubmamgdynia.pl\/index.php\/wp-json\/wp\/v2\/media\/2043"}],"wp:attachment":[{"href":"http:\/\/klubmamgdynia.pl\/index.php\/wp-json\/wp\/v2\/media?parent=2042"}],"wp:term":[{"taxonomy":"product_cat","embeddable":true,"href":"http:\/\/klubmamgdynia.pl\/index.php\/wp-json\/wp\/v2\/product_cat?post=2042"},{"taxonomy":"product_tag","embeddable":true,"href":"http:\/\/klubmamgdynia.pl\/index.php\/wp-json\/wp\/v2\/product_tag?post=2042"}],"curies":[{"name":"wp","href":"https:\/\/api.w.org\/{rel}","templated":true}]}}