{"id":2044,"date":"2019-10-26T08:02:50","date_gmt":"2019-10-26T06:02:50","guid":{"rendered":"http:\/\/klubmamgdynia.pl\/index.php\/produkt\/humana-herbatka-na-dobranoc-z-ekstraktem-z-ziol-po-4-miesiacu-200g\/"},"modified":"2026-04-23T03:00:34","modified_gmt":"2026-04-23T01:00:34","slug":"humana-herbatka-na-dobranoc-z-ekstraktem-z-ziol-po-4-miesiacu-200g","status":"publish","type":"product","link":"http:\/\/klubmamgdynia.pl\/index.php\/produkt\/humana-herbatka-na-dobranoc-z-ekstraktem-z-ziol-po-4-miesiacu-200g\/","title":{"rendered":"Humana Herbatka Na Dobranoc Z Ekstraktem Z Zi\u00f3\u0142 Po 4. Miesi\u0105cu 200G"},"content":{"rendered":"<p>Nazwa produktu:Humana, Herbatka Na Dobranoc, 200gRodzaj produktu:\u015brodek spo\u017cywczyOpis produktu:Humana Herbatka na dobranoc to najwy\u017cszej jako\u015bci, starannie wyselekcjonowana kompozycja warto\u015bciowych zi\u00f3\u0142: melisy, rumianku oraz lipy, kt\u00f3re znane s\u0105 ze swoich przynosz\u0105cych ulg\u0119 i koj\u0105cych w\u0142a\u015bciwo\u015bci.- Herbatka jest lekkostrawnym napojem, przeznaczonym dla niemowl\u0105t po 4. miesi\u0105cu \u017cycia.- Dzi\u0119ki rozpuszczalnej formule jest niezwykle \u0142atwa w przygotowaniu, a \u0142agodny smak sprawia, \u017ce dzieci ch\u0119tnie j\u0105 wypijaj\u0105.Wykaz sk\u0142adnik\u00f3w:Sk\u0142adniki: laktoza, maltodekstryna, ekstrakt zio\u0142owy, 1,8% (melisa, kwiat malwy, kwiat lipy i tymianku).Ilo\u015bci sk\u0142adnik\u00f3w:100g granulatu zawiera:- warto\u015b\u0107 energetyczna 1678kJ\/395kcal;- t\u0142uszcz &lt;0,5g (w tym kwasy t\u0142uszczowe nasycone &lt;0,1g),- w\u0119glowodany 98,6g (w tym cukry 93,1g),- bia\u0142ko &lt;0,5g;- s\u00f3l &lt;0,01g.100ml (3,75g\/100ml) herbatki zawiera:- warto\u015b\u0107 energetyczna 63kJ\/15kcal;- t\u0142uszcz &lt;0,5g (w tym kwasy t\u0142uszczowe nasycone &lt;0,1g),- w\u0119glowodany 3,7g (w tym cukry 3,5g),- bia\u0142ko &lt;0,5g; s\u00f3l &lt;0,01g.Instrukcja u\u017cycia:1 czubata \u0142y\u017ceczka (3,75g) granulatu na 100ml wody.Przeciwwskazania:Nadwra\u017cliwo\u015b\u0107 na kt\u00f3rykolwiek ze sk\u0142adnik\u00f3w produktu.Warunki przechowywania:Chroni\u0107 od \u015bwiat\u0142a, przechowywa\u0107 w suchym miejscu w temperaturze poni\u017cej 25 \u00b0C, chroni\u0107 przed dzie\u0107mi.Nazwa firmy produkuj\u0105cej \u015brodek\/Adres podmiotu:HUMANACh\u0142odna 51, Warszawa.Kraj lub miejsce pochodzenia:Wyprodukowano w Unii EuropejskiejDodatkowe informacje o produkcie znajduj\u0105 si\u0119 w ulotce za\u0142\u0105czonej do produktu b\u0105d\u017a na jego opakowaniu.<\/p>\n<h2>Humana Herbatka Na Dobranoc Z Ekstraktem Z Zi\u00f3\u0142 Po 4. Miesi\u0105cu 200G Humana<\/h2>\n<p>zagadki dla przedszkolak\u00f3w, zagadki dla 7 latk\u00f3w, anastazja imi\u0119, \u015bmieszne zagadki dla dzieci, quiz o bajkach, test z lektury dzieci z bullerbyn, stare bajki, bajki dla dzieci online, jesienne zagadki, kolorowanka flamingi<\/p>\n<p>yyyyy<\/p>\n<p>&nbsp;<\/p>\n","protected":false},"excerpt":{"rendered":"<p>Nazwa produktu:Humana, Herbatka Na Dobranoc, 200gRodzaj produktu:\u015brodek spo\u017cywczyOpis produktu:Humana Herbatka na dobranoc to najwy\u017cszej jako\u015bci, starannie wyselekcjonowana kompozycja warto\u015bciowych zi\u00f3\u0142: melisy, rumianku oraz lipy, kt\u00f3re znane s\u0105 ze swoich przynosz\u0105cych ulg\u0119 i koj\u0105cych w\u0142a\u015bciwo\u015bci.- Herbatka jest lekkostrawnym napojem, przeznaczonym dla niemowl\u0105t po 4. miesi\u0105cu \u017cycia.- Dzi\u0119ki rozpuszczalnej formule jest niezwykle \u0142atwa w przygotowaniu, a \u0142agodny [&hellip;]<\/p>\n","protected":false},"featured_media":2045,"comment_status":"closed","ping_status":"open","template":"","meta":[],"product_cat":[515,18],"product_tag":[696,821,636],"class_list":["post-2044","product","type-product","status-publish","has-post-thumbnail","hentry","product_cat-herbatki-i-soki-dla-dzieci","product_cat-humana","product_tag-film-rodzinny-o-swietach","product_tag-marianna","product_tag-teksty-kolysanek"],"_links":{"self":[{"href":"http:\/\/klubmamgdynia.pl\/index.php\/wp-json\/wp\/v2\/product\/2044","targetHints":{"allow":["GET"]}}],"collection":[{"href":"http:\/\/klubmamgdynia.pl\/index.php\/wp-json\/wp\/v2\/product"}],"about":[{"href":"http:\/\/klubmamgdynia.pl\/index.php\/wp-json\/wp\/v2\/types\/product"}],"replies":[{"embeddable":true,"href":"http:\/\/klubmamgdynia.pl\/index.php\/wp-json\/wp\/v2\/comments?post=2044"}],"wp:featuredmedia":[{"embeddable":true,"href":"http:\/\/klubmamgdynia.pl\/index.php\/wp-json\/wp\/v2\/media\/2045"}],"wp:attachment":[{"href":"http:\/\/klubmamgdynia.pl\/index.php\/wp-json\/wp\/v2\/media?parent=2044"}],"wp:term":[{"taxonomy":"product_cat","embeddable":true,"href":"http:\/\/klubmamgdynia.pl\/index.php\/wp-json\/wp\/v2\/product_cat?post=2044"},{"taxonomy":"product_tag","embeddable":true,"href":"http:\/\/klubmamgdynia.pl\/index.php\/wp-json\/wp\/v2\/product_tag?post=2044"}],"curies":[{"name":"wp","href":"https:\/\/api.w.org\/{rel}","templated":true}]}}