{"id":2046,"date":"2011-06-03T03:43:49","date_gmt":"2011-06-03T01:43:49","guid":{"rendered":"http:\/\/klubmamgdynia.pl\/index.php\/produkt\/tm-toys-szczeniaczek-uczniaczek-dkl8280\/"},"modified":"2026-05-01T19:25:57","modified_gmt":"2026-05-01T17:25:57","slug":"tm-toys-szczeniaczek-uczniaczek-dkl8280","status":"publish","type":"product","link":"http:\/\/klubmamgdynia.pl\/index.php\/produkt\/tm-toys-szczeniaczek-uczniaczek-dkl8280\/","title":{"rendered":"Tm Toys Szczeniaczek Uczniaczek DKL8280"},"content":{"rendered":"<p>Pluszowy Szczeniaczek Uczniaczek 20 cmZabawki wykonane s\u0105 z mi\u0119kkiego materia\u0142u, wewn\u0105trz znajduje si\u0119 delikatny i lekki wype\u0142niacz. Dzi\u0119ki temu pluszaki s\u0105 mi\u0142e i przyjemne w dotyku, a dzieci uwielbiaj\u0105 si\u0119 do nich przytula\u0107. Elementy bu\u017aki i \u0142apek r\u0119cznie wyszyte.Pluszowi bohaterowie mog\u0105 towarzyszy\u0107 dzieciom ju\u017c od pierwszych miesi\u0119cy \u017cycia. To doskona\u0142y spos\u00f3b na prezent na ka\u017cd\u0105 okazj\u0119.<\/p>\n<h2>Tm Toys Szczeniaczek Uczniaczek DKL8280 TM Toys<\/h2>\n<p>glupie zagadki, jak narysowa\u0107, auto kolorowanka, cytaty o przyja\u017ani ma\u0142y ksi\u0105\u017c\u0119, prezent dla 7 latka, my jeste\u015bmy krasnoludki tekst, przechowywanie zabawek, bajka o smoku<\/p>\n<p>yyyyy<\/p>\n<p>&nbsp;<\/p>\n","protected":false},"excerpt":{"rendered":"<p>Pluszowy Szczeniaczek Uczniaczek 20 cmZabawki wykonane s\u0105 z mi\u0119kkiego materia\u0142u, wewn\u0105trz znajduje si\u0119 delikatny i lekki wype\u0142niacz. Dzi\u0119ki temu pluszaki s\u0105 mi\u0142e i przyjemne w dotyku, a dzieci uwielbiaj\u0105 si\u0119 do nich przytula\u0107. Elementy bu\u017aki i \u0142apek r\u0119cznie wyszyte.Pluszowi bohaterowie mog\u0105 towarzyszy\u0107 dzieciom ju\u017c od pierwszych miesi\u0119cy \u017cycia. To doskona\u0142y spos\u00f3b na prezent na ka\u017cd\u0105 [&hellip;]<\/p>\n","protected":false},"featured_media":2047,"comment_status":"closed","ping_status":"open","template":"","meta":[],"product_cat":[42,145],"product_tag":[696,769,636],"class_list":["post-2046","product","type-product","status-publish","has-post-thumbnail","hentry","product_cat-maskotki","product_cat-tm-toys","product_tag-film-rodzinny-o-swietach","product_tag-psi-patrol-do-czytania","product_tag-teksty-kolysanek"],"_links":{"self":[{"href":"http:\/\/klubmamgdynia.pl\/index.php\/wp-json\/wp\/v2\/product\/2046","targetHints":{"allow":["GET"]}}],"collection":[{"href":"http:\/\/klubmamgdynia.pl\/index.php\/wp-json\/wp\/v2\/product"}],"about":[{"href":"http:\/\/klubmamgdynia.pl\/index.php\/wp-json\/wp\/v2\/types\/product"}],"replies":[{"embeddable":true,"href":"http:\/\/klubmamgdynia.pl\/index.php\/wp-json\/wp\/v2\/comments?post=2046"}],"wp:featuredmedia":[{"embeddable":true,"href":"http:\/\/klubmamgdynia.pl\/index.php\/wp-json\/wp\/v2\/media\/2047"}],"wp:attachment":[{"href":"http:\/\/klubmamgdynia.pl\/index.php\/wp-json\/wp\/v2\/media?parent=2046"}],"wp:term":[{"taxonomy":"product_cat","embeddable":true,"href":"http:\/\/klubmamgdynia.pl\/index.php\/wp-json\/wp\/v2\/product_cat?post=2046"},{"taxonomy":"product_tag","embeddable":true,"href":"http:\/\/klubmamgdynia.pl\/index.php\/wp-json\/wp\/v2\/product_tag?post=2046"}],"curies":[{"name":"wp","href":"https:\/\/api.w.org\/{rel}","templated":true}]}}