{"id":2048,"date":"2016-09-09T10:31:48","date_gmt":"2016-09-09T08:31:48","guid":{"rendered":"http:\/\/klubmamgdynia.pl\/index.php\/produkt\/wader-wozek-z-kompletem-letnim-myszka-minnie\/"},"modified":"2026-04-30T18:03:12","modified_gmt":"2026-04-30T16:03:12","slug":"wader-wozek-z-kompletem-letnim-myszka-minnie","status":"publish","type":"product","link":"http:\/\/klubmamgdynia.pl\/index.php\/produkt\/wader-wozek-z-kompletem-letnim-myszka-minnie\/","title":{"rendered":"Wader W\u00f3zek Z Kompletem Letnim Myszka Minnie"},"content":{"rendered":"<p>W\u00f3zek z kompletem letnim Minnie urozmaici zabaw\u0119 w piasku. Zawiera w\u00f3zek na k\u00f3\u0142kach o wysoko\u015bci 59 cm, wiaderko z sitkiem (2 l), \u0142opatk\u0119, grabki, konewka i dwie foremki. W\u00f3zek na k\u00f3\u0142kach umo\u017cliwia przemieszczanie si\u0119 z zabawkami w \u0142atwy spos\u00f3b nawet dla najm\u0142odszych dzieci. Zestaw wykonany z najwy\u017cszej jako\u015bci atestowanego tworzywa jest lekki, por\u0119czny i wytrzyma\u0142y, bezpieczny dla dzieci. Poszczeg\u00f3lne akcesoria ozdobione grafik\u0105 wykonan\u0105 metod\u0105 IML.<\/p>\n<h2>Wader W\u00f3zek Z Kompletem Letnim Myszka Minnie Wader<\/h2>\n<p>pierwsze urodziny prezent na roczek dla dziewczynki, ksi\u0105\u017cka dla dzieci online, pies kolorowanka, kr\u00f3tkie zagadki dla doros\u0142ych, wroc\u0142aw atrakcje dla dzieci, cytaty o rodzinie i dzieciach, prezent na roczek dla chlopca, sybilla, kr\u00f3tkie \u017cyczenia wielkanocne dla dzieci, filmy disneya, lol kolorowanka do druku, lucyna, aron, malowanka, karnawa\u0142 maska karnawa\u0142owa szablon, quiz o bo\u017cym narodzeniu, impreza halloween 2021 dla dzieci, test czerwone krzes\u0142o<\/p>\n<p>yyyyy<\/p>\n<p>&nbsp;<\/p>\n","protected":false},"excerpt":{"rendered":"<p>W\u00f3zek z kompletem letnim Minnie urozmaici zabaw\u0119 w piasku. Zawiera w\u00f3zek na k\u00f3\u0142kach o wysoko\u015bci 59 cm, wiaderko z sitkiem (2 l), \u0142opatk\u0119, grabki, konewka i dwie foremki. W\u00f3zek na k\u00f3\u0142kach umo\u017cliwia przemieszczanie si\u0119 z zabawkami w \u0142atwy spos\u00f3b nawet dla najm\u0142odszych dzieci. Zestaw wykonany z najwy\u017cszej jako\u015bci atestowanego tworzywa jest lekki, por\u0119czny i wytrzyma\u0142y, [&hellip;]<\/p>\n","protected":false},"featured_media":2049,"comment_status":"closed","ping_status":"open","template":"","meta":[],"product_cat":[514,286],"product_tag":[848,622,670,861,855,602,649],"class_list":["post-2048","product","type-product","status-publish","has-post-thumbnail","hentry","product_cat-wader","product_cat-zabawki-do-piasku","product_tag-cytat-o-rodzinie","product_tag-fajne-zagadki","product_tag-irma","product_tag-jak-narysowac-psa","product_tag-nietypowe-imiona-zenskie","product_tag-quiz-o-zwierzetach-domowych","product_tag-zagadki-dla-nastolatkow"],"_links":{"self":[{"href":"http:\/\/klubmamgdynia.pl\/index.php\/wp-json\/wp\/v2\/product\/2048","targetHints":{"allow":["GET"]}}],"collection":[{"href":"http:\/\/klubmamgdynia.pl\/index.php\/wp-json\/wp\/v2\/product"}],"about":[{"href":"http:\/\/klubmamgdynia.pl\/index.php\/wp-json\/wp\/v2\/types\/product"}],"replies":[{"embeddable":true,"href":"http:\/\/klubmamgdynia.pl\/index.php\/wp-json\/wp\/v2\/comments?post=2048"}],"wp:featuredmedia":[{"embeddable":true,"href":"http:\/\/klubmamgdynia.pl\/index.php\/wp-json\/wp\/v2\/media\/2049"}],"wp:attachment":[{"href":"http:\/\/klubmamgdynia.pl\/index.php\/wp-json\/wp\/v2\/media?parent=2048"}],"wp:term":[{"taxonomy":"product_cat","embeddable":true,"href":"http:\/\/klubmamgdynia.pl\/index.php\/wp-json\/wp\/v2\/product_cat?post=2048"},{"taxonomy":"product_tag","embeddable":true,"href":"http:\/\/klubmamgdynia.pl\/index.php\/wp-json\/wp\/v2\/product_tag?post=2048"}],"curies":[{"name":"wp","href":"https:\/\/api.w.org\/{rel}","templated":true}]}}