{"id":2050,"date":"2020-03-18T16:18:24","date_gmt":"2020-03-18T15:18:24","guid":{"rendered":"http:\/\/klubmamgdynia.pl\/index.php\/produkt\/lisciani-im-a-genius-science-laboratorium-mineralow\/"},"modified":"2026-04-30T21:31:04","modified_gmt":"2026-04-30T19:31:04","slug":"lisciani-im-a-genius-science-laboratorium-mineralow","status":"publish","type":"product","link":"http:\/\/klubmamgdynia.pl\/index.php\/produkt\/lisciani-im-a-genius-science-laboratorium-mineralow\/","title":{"rendered":"Lisciani I&#8217;M A Genius Science Laboratorium Minera\u0142\u00f3w"},"content":{"rendered":"<p>Idealny zestaw do odkrywania fascynuj\u0105cego \u015bwiata minera\u0142\u00f3w i tworzenia kolekcji drogocennych klejnot\u00f3w. Zestaw zawiera gipsowy blok z minera\u0142ami do wykucia, kt\u00f3re znajd\u0105 swoje miejsce w ekspozytorze oraz karty z najpi\u0119kniejszymi minera\u0142ami naszej planety.Dla dzieci w wieku 7-12 lat&#8230;<\/p>\n<h2>Lisciani IM A Genius Science Laboratorium Minera\u0142\u00f3w Lisciani<\/h2>\n<p>co mo\u017cna zrobi\u0107 z rolek po papierze toaletowym, pa\u0144stwa miasta wz\u00f3r, kolorowanka dla dzieci, wr\u00f3\u017cby andrzejkowe online dla dzieci, quiz o akademii pana kleksa, by\u0142 sobie kr\u00f3l, prezent dla nastolatka<\/p>\n<p>yyyyy<\/p>\n<p>&nbsp;<\/p>\n","protected":false},"excerpt":{"rendered":"<p>Idealny zestaw do odkrywania fascynuj\u0105cego \u015bwiata minera\u0142\u00f3w i tworzenia kolekcji drogocennych klejnot\u00f3w. Zestaw zawiera gipsowy blok z minera\u0142ami do wykucia, kt\u00f3re znajd\u0105 swoje miejsce w ekspozytorze oraz karty z najpi\u0119kniejszymi minera\u0142ami naszej planety.Dla dzieci w wieku 7-12 lat&#8230; Lisciani IM A Genius Science Laboratorium Minera\u0142\u00f3w Lisciani co mo\u017cna zrobi\u0107 z rolek po papierze toaletowym, pa\u0144stwa [&hellip;]<\/p>\n","protected":false},"featured_media":2051,"comment_status":"closed","ping_status":"open","template":"","meta":[],"product_cat":[362,72],"product_tag":[808,853,582,639,649],"class_list":["post-2050","product","type-product","status-publish","has-post-thumbnail","hentry","product_cat-lisciani","product_cat-mali-naukowcy","product_tag-imie-mia","product_tag-kolorowanki-do-druku-dla-doroslych","product_tag-nauka-pisania-literek-do-wydruku-pdf","product_tag-nela-imie","product_tag-zagadki-dla-nastolatkow"],"_links":{"self":[{"href":"http:\/\/klubmamgdynia.pl\/index.php\/wp-json\/wp\/v2\/product\/2050","targetHints":{"allow":["GET"]}}],"collection":[{"href":"http:\/\/klubmamgdynia.pl\/index.php\/wp-json\/wp\/v2\/product"}],"about":[{"href":"http:\/\/klubmamgdynia.pl\/index.php\/wp-json\/wp\/v2\/types\/product"}],"replies":[{"embeddable":true,"href":"http:\/\/klubmamgdynia.pl\/index.php\/wp-json\/wp\/v2\/comments?post=2050"}],"wp:featuredmedia":[{"embeddable":true,"href":"http:\/\/klubmamgdynia.pl\/index.php\/wp-json\/wp\/v2\/media\/2051"}],"wp:attachment":[{"href":"http:\/\/klubmamgdynia.pl\/index.php\/wp-json\/wp\/v2\/media?parent=2050"}],"wp:term":[{"taxonomy":"product_cat","embeddable":true,"href":"http:\/\/klubmamgdynia.pl\/index.php\/wp-json\/wp\/v2\/product_cat?post=2050"},{"taxonomy":"product_tag","embeddable":true,"href":"http:\/\/klubmamgdynia.pl\/index.php\/wp-json\/wp\/v2\/product_tag?post=2050"}],"curies":[{"name":"wp","href":"https:\/\/api.w.org\/{rel}","templated":true}]}}