{"id":2052,"date":"2011-11-12T17:06:25","date_gmt":"2011-11-12T16:06:25","guid":{"rendered":"http:\/\/klubmamgdynia.pl\/index.php\/produkt\/orange-toys-doc-the-dog-35cm\/"},"modified":"2026-05-17T22:20:47","modified_gmt":"2026-05-17T20:20:47","slug":"orange-toys-doc-the-dog-35cm","status":"publish","type":"product","link":"http:\/\/klubmamgdynia.pl\/index.php\/produkt\/orange-toys-doc-the-dog-35cm\/","title":{"rendered":"Orange Toys Doc The Dog 35Cm"},"content":{"rendered":"<p>Doc the Dog &#8211; 56cmOrange Toys to producent wysokiej jako\u015bci pluszowych zabawek.Ju\u017c od ponad dekady jego produkty podbijaj\u0105 serca najm\u0142odszych i wywo\u0142uj\u0105 u\u015bmiech zar\u00f3wno u dzieci jak i doros\u0142ych.Maskotki s\u0105 starannie wykonane z wysokiej jako\u015bci materia\u0142\u00f3w bezpiecznych dla dzieci.Wedle kalendarza chi\u0144skiego symbolem roku 2018 jest najlepszy przyjaciel cz\u0142owieka \u2013 PIES.Z tej okazji firma Orange Toys stworzy\u0142a fantastyczn\u0105 kolekcj\u0119 psiak\u00f3w r\u00f3\u017cnych ras.Ka\u017cdy piesek jest wyj\u0105tkowy, zar\u00f3wno pod wzgl\u0119dem wygl\u0105du, jak i charakteru.Ka\u017cdy szuka w\u0142a\u015bciciela, kt\u00f3rego pokocha.Oto Pies Doc, kt\u00f3ry bez wahania odpowie na ka\u017cde Twoje pytanie.Jest jak chodz\u0105ca encyklopedia, ale tak jak uwielbia ksi\u0105\u017cki, tak nie lubi sp\u0119dza\u0107 ca\u0142ych dni w bibliotece. Jego powo\u0142aniem jest leczenie, dlatego najcz\u0119\u015bciej mo\u017cna go spotka\u0107 w miejskiej lecznicy dla zwierz\u0105t. Wieczorami, zak\u0142ada ciep\u0142y szalik w krat\u0119 i odwiedza swoich pacjent\u00f3w z Zielonego Lasu.Doc bardzo si\u0119 cieszy, \u017ce mo\u017ce pomaga\u0107 innym zwierzakom i uczy\u0107 je jak o siebie dba\u0107, by by\u0142y zdrowe.Charakterystyka:pi\u0119knie wykonanybezpieczny dla najm\u0142odszych dziecidba\u0142o\u015b\u0107 o ka\u017cdy szczeg\u00f3\u0142wykonany z mi\u0119ciutkiego pluszuPosiada atest CE.ZAWARTO\u015a\u0106:maskotka Doc the Dog &#8211; 56cmWIEK:3 lata +WYMIARY:wysoko\u015b\u0107 w pozycji siedz\u0105cej: 35 cmwysoko\u015b\u0107 ca\u0142kowita: 56 cmUWAGI:Zabawka przeznaczona dla dzieci od 3 roku \u017cycia.<\/p>\n<h2>Orange Toys Doc The Dog 35Cm <\/h2>\n<p>szlaczki literopodobne, swinka peppa do czytania, koty kolorowanki, przygody tomka sawyera test<\/p>\n<p>yyyyy<\/p>\n<p>&nbsp;<\/p>\n","protected":false},"excerpt":{"rendered":"<p>Doc the Dog &#8211; 56cmOrange Toys to producent wysokiej jako\u015bci pluszowych zabawek.Ju\u017c od ponad dekady jego produkty podbijaj\u0105 serca najm\u0142odszych i wywo\u0142uj\u0105 u\u015bmiech zar\u00f3wno u dzieci jak i doros\u0142ych.Maskotki s\u0105 starannie wykonane z wysokiej jako\u015bci materia\u0142\u00f3w bezpiecznych dla dzieci.Wedle kalendarza chi\u0144skiego symbolem roku 2018 jest najlepszy przyjaciel cz\u0142owieka \u2013 PIES.Z tej okazji firma Orange Toys [&hellip;]<\/p>\n","protected":false},"featured_media":2053,"comment_status":"closed","ping_status":"open","template":"","meta":[],"product_cat":[42],"product_tag":[650,584,657,821,850],"class_list":["post-2052","product","type-product","status-publish","has-post-thumbnail","hentry","product_cat-maskotki","product_tag-choinka-z-bibuly","product_tag-liwia","product_tag-lol-kolorowanka","product_tag-marianna","product_tag-wroclaw-atrakcje-dla-dzieci"],"_links":{"self":[{"href":"http:\/\/klubmamgdynia.pl\/index.php\/wp-json\/wp\/v2\/product\/2052","targetHints":{"allow":["GET"]}}],"collection":[{"href":"http:\/\/klubmamgdynia.pl\/index.php\/wp-json\/wp\/v2\/product"}],"about":[{"href":"http:\/\/klubmamgdynia.pl\/index.php\/wp-json\/wp\/v2\/types\/product"}],"replies":[{"embeddable":true,"href":"http:\/\/klubmamgdynia.pl\/index.php\/wp-json\/wp\/v2\/comments?post=2052"}],"wp:featuredmedia":[{"embeddable":true,"href":"http:\/\/klubmamgdynia.pl\/index.php\/wp-json\/wp\/v2\/media\/2053"}],"wp:attachment":[{"href":"http:\/\/klubmamgdynia.pl\/index.php\/wp-json\/wp\/v2\/media?parent=2052"}],"wp:term":[{"taxonomy":"product_cat","embeddable":true,"href":"http:\/\/klubmamgdynia.pl\/index.php\/wp-json\/wp\/v2\/product_cat?post=2052"},{"taxonomy":"product_tag","embeddable":true,"href":"http:\/\/klubmamgdynia.pl\/index.php\/wp-json\/wp\/v2\/product_tag?post=2052"}],"curies":[{"name":"wp","href":"https:\/\/api.w.org\/{rel}","templated":true}]}}