{"id":2054,"date":"2012-12-06T05:37:58","date_gmt":"2012-12-06T04:37:58","guid":{"rendered":"http:\/\/klubmamgdynia.pl\/index.php\/produkt\/wader-060-samochod-wywrotka-40cm-polska-produkcja\/"},"modified":"2026-04-05T20:35:50","modified_gmt":"2026-04-05T18:35:50","slug":"wader-060-samochod-wywrotka-40cm-polska-produkcja","status":"publish","type":"product","link":"http:\/\/klubmamgdynia.pl\/index.php\/produkt\/wader-060-samochod-wywrotka-40cm-polska-produkcja\/","title":{"rendered":"Wader 060 Samoch\u00f3d Wywrotka 40Cm Polska Produkcja"},"content":{"rendered":"<p>Samoch\u00f3d wywrotka \u2013 model 060Auto \u2013 ci\u0119\u017car\u00f3wka \u201eMonster\u201d typu wywrotka, posiada uchyln\u0105 do ty\u0142u wywrotk\u0119. Sk\u0142ada si\u0119 z trzech przyci\u0105gaj\u0105cych wzrok kolor\u00f3w. Ci\u0119\u017car\u00f3wka posiada dwie osie oraz hak do mocowania przyczepy r\u00f3wnie\u017c dost\u0119pnej w ofercie.Zabawk\u0119 wykonano z oryginalnych tworzyw oraz barwnik\u00f3w niezawieraj\u0105cych zwi\u0105zk\u00f3w metali ci\u0119\u017ckich, spe\u0142nia wszystkie warunki bezpiecze\u0144stwa. Posiada certyfikat CE.Wymiary zabawkid\u0142ugo\u015b\u0107: 40 cmszeroko\u015b\u0107: 20cmwysoko\u015b\u0107: 22 cmR\u00f3\u017cne wzory. Zabawki sprzedawane oddzielnie w zale\u017cno\u015bci od dost\u0119pno\u015bci. W uwagach prosimy napisa\u0107 jaki zestaw Pa\u0144stwa interesuje. W przeciwnym razie produkt wysy\u0142amy losowo.<\/p>\n<h2>Wader 060 Samoch\u00f3d Wywrotka 40Cm Polska Produkcja Wader<\/h2>\n<p>test znaki drogowe, quiz stolice europy, quizy za darmo, rymowane zagadki dla dzieci, zaproszenia do druku, \u0142\u00f3d\u017a atrakcje dla dzieci, rzadkie imiona \u017ce\u0144skie, kolorowanki ninjago, prezent dla 14 latki, co na prezent dla nastolatk\u00f3w, test z lektury felix net i nika oraz gang niewidzialnych ludzi, przechowywanie zabawek, nauka zegara do druku pdf, p\u0142onie ognisko w lesie<\/p>\n<p>yyyyy<\/p>\n<p>&nbsp;<\/p>\n","protected":false},"excerpt":{"rendered":"<p>Samoch\u00f3d wywrotka \u2013 model 060Auto \u2013 ci\u0119\u017car\u00f3wka \u201eMonster\u201d typu wywrotka, posiada uchyln\u0105 do ty\u0142u wywrotk\u0119. Sk\u0142ada si\u0119 z trzech przyci\u0105gaj\u0105cych wzrok kolor\u00f3w. Ci\u0119\u017car\u00f3wka posiada dwie osie oraz hak do mocowania przyczepy r\u00f3wnie\u017c dost\u0119pnej w ofercie.Zabawk\u0119 wykonano z oryginalnych tworzyw oraz barwnik\u00f3w niezawieraj\u0105cych zwi\u0105zk\u00f3w metali ci\u0119\u017ckich, spe\u0142nia wszystkie warunki bezpiecze\u0144stwa. Posiada certyfikat CE.Wymiary zabawkid\u0142ugo\u015b\u0107: 40 cmszeroko\u015b\u0107: [&hellip;]<\/p>\n","protected":false},"featured_media":2055,"comment_status":"closed","ping_status":"open","template":"","meta":[],"product_cat":[113,514],"product_tag":[745,640,634],"class_list":["post-2054","product","type-product","status-publish","has-post-thumbnail","hentry","product_cat-klocki","product_cat-wader","product_tag-prezent-dla-15-latki","product_tag-prezent-dla-rocznej-dziewczynki","product_tag-zagadki-wielkanocne-dla-dzieci"],"_links":{"self":[{"href":"http:\/\/klubmamgdynia.pl\/index.php\/wp-json\/wp\/v2\/product\/2054","targetHints":{"allow":["GET"]}}],"collection":[{"href":"http:\/\/klubmamgdynia.pl\/index.php\/wp-json\/wp\/v2\/product"}],"about":[{"href":"http:\/\/klubmamgdynia.pl\/index.php\/wp-json\/wp\/v2\/types\/product"}],"replies":[{"embeddable":true,"href":"http:\/\/klubmamgdynia.pl\/index.php\/wp-json\/wp\/v2\/comments?post=2054"}],"wp:featuredmedia":[{"embeddable":true,"href":"http:\/\/klubmamgdynia.pl\/index.php\/wp-json\/wp\/v2\/media\/2055"}],"wp:attachment":[{"href":"http:\/\/klubmamgdynia.pl\/index.php\/wp-json\/wp\/v2\/media?parent=2054"}],"wp:term":[{"taxonomy":"product_cat","embeddable":true,"href":"http:\/\/klubmamgdynia.pl\/index.php\/wp-json\/wp\/v2\/product_cat?post=2054"},{"taxonomy":"product_tag","embeddable":true,"href":"http:\/\/klubmamgdynia.pl\/index.php\/wp-json\/wp\/v2\/product_tag?post=2054"}],"curies":[{"name":"wp","href":"https:\/\/api.w.org\/{rel}","templated":true}]}}