{"id":2056,"date":"2021-10-26T06:45:54","date_gmt":"2021-10-26T04:45:54","guid":{"rendered":"http:\/\/klubmamgdynia.pl\/index.php\/produkt\/avene-antirougeurs-jour-krem-kojacy-spf-30-40ml\/"},"modified":"2026-05-17T22:20:28","modified_gmt":"2026-05-17T20:20:28","slug":"avene-antirougeurs-jour-krem-kojacy-spf-30-40ml","status":"publish","type":"product","link":"http:\/\/klubmamgdynia.pl\/index.php\/produkt\/avene-antirougeurs-jour-krem-kojacy-spf-30-40ml\/","title":{"rendered":"Avene ANTIROUGEURS JOUR Krem koj\u0105cy SPF 30 40ml"},"content":{"rendered":"<p>Avene Antirougeurs Jour Krem koj\u0105cy spf 30 40mlKrem koj\u0105cy SPF 30 do sk\u00f3ry wra\u017cliwej, suchej i bardzo suchej ze sk\u0142onno\u015bci\u0105 do rozproszonego i miejscowego zaczerwienienia a tak\u017ce do sk\u00f3ry z widocznymi naczynkami.                            <\/p>\n<p>SK\u0141AD:AVENE THERMAL SPRING WATER (AVENE AQUA). C12-15 ALKYL BENZOATE. GLYCERIN. DICAPRYLYL CARBONATE. DIISOPROPYL ADIPATE. METHYLENE BIS-BENZOTRIAZOLYL TETRAMETHYLBUTYLPHENOL [NANO]. WATER (AQUA). ALUMINUM STARCH OCTENYLSUCCINATE. BIS-ETHYLHEXYLOXYPHENOL METHOXYPHENYL TRIAZINE. BUTYROSPERMUM PARKII (SHEA) BUTTER (BUTYROSPERMUM PARKII BUTTER). DIETHYLHEXYL BUTAMIDO TRIAZONE. BUTYL METHOXYDIBENZOYLMETHANE. GLYCERYL STEARATE. PEG-100 STEARATE. POTASSIUM CETYL PHOSPHATE. 1,2-HEXANEDIOL. 4-T-BUTYLCYCLOHEXANOL. ACRYLATES\/C10-30 ALKYL ACRYLATE CROSSPOLYMER. BLUE 1 (CI 42090). CAPRYLIC\/CAPRIC TRIGLYCERIDE. CAPRYLYL GLYCOL. DECYL GLUCOSIDE. DISODIUM EDTA. FRAGRANCE (PARFUM). GLYCERYL BEHENATE. GLYCERYL DIBEHENATE. OCTYLDODECANOL. PONGAMIA GLABRA SEED OIL. PROPYLENE GLYCOL. SODIUM DEXTRAN SULFATE. SODIUM HYDROXIDE. STEARYL ALCOHOL. TITANIUM DIOXIDE (CI 77891). TOCOPHEROL. TOCOPHERYL GLUCOSIDE. TRIBEHENIN. TROPOLONE. XANTHAN GUM                            <\/p>\n<p>STOSOWANIE:Na\u0142o\u017cy\u0107 rano na sk\u00f3r\u0119 ca\u0142ej twarzy i szyi.\u00a0<\/p>\n<h2>Avene ANTIROUGEURS JOUR Krem koj\u0105cy SPF 30 40ml Avene<\/h2>\n<p>\u017carty \u017carty na prima aprilis, aron, zagadki dla dzieci 6-7 lat online, wierszyki o marzannie, zagadki rymowanki dla dzieci, gwiazdka do druku, malowanki dla dzieci, kr\u00f3tkie zagadki, zabawy miko\u0142ajkowe dla dzieci, dziewczynka z parku pytania i odpowiedzi, place zabaw warszawa, literki<\/p>\n<p>yyyyy<\/p>\n<p>&nbsp;<\/p>\n","protected":false},"excerpt":{"rendered":"<p>Avene Antirougeurs Jour Krem koj\u0105cy spf 30 40mlKrem koj\u0105cy SPF 30 do sk\u00f3ry wra\u017cliwej, suchej i bardzo suchej ze sk\u0142onno\u015bci\u0105 do rozproszonego i miejscowego zaczerwienienia a tak\u017ce do sk\u00f3ry z widocznymi naczynkami. SK\u0141AD:AVENE THERMAL SPRING WATER (AVENE AQUA). C12-15 ALKYL BENZOATE. GLYCERIN. DICAPRYLYL CARBONATE. DIISOPROPYL ADIPATE. METHYLENE BIS-BENZOTRIAZOLYL TETRAMETHYLBUTYLPHENOL [NANO]. WATER (AQUA). ALUMINUM STARCH OCTENYLSUCCINATE. [&hellip;]<\/p>\n","protected":false},"featured_media":2057,"comment_status":"closed","ping_status":"open","template":"","meta":[],"product_cat":[516,134],"product_tag":[859,851,643,586,588],"class_list":["post-2056","product","type-product","status-publish","has-post-thumbnail","hentry","product_cat-avene","product_cat-dermokosmetyki","product_tag-dobranoc-pchly-na-noc","product_tag-jak-narysowac-kota","product_tag-prezent-dla-17-latki","product_tag-smieszne-zagadki","product_tag-wzruszajace-slowa-dla-przyjaciela"],"_links":{"self":[{"href":"http:\/\/klubmamgdynia.pl\/index.php\/wp-json\/wp\/v2\/product\/2056","targetHints":{"allow":["GET"]}}],"collection":[{"href":"http:\/\/klubmamgdynia.pl\/index.php\/wp-json\/wp\/v2\/product"}],"about":[{"href":"http:\/\/klubmamgdynia.pl\/index.php\/wp-json\/wp\/v2\/types\/product"}],"replies":[{"embeddable":true,"href":"http:\/\/klubmamgdynia.pl\/index.php\/wp-json\/wp\/v2\/comments?post=2056"}],"wp:featuredmedia":[{"embeddable":true,"href":"http:\/\/klubmamgdynia.pl\/index.php\/wp-json\/wp\/v2\/media\/2057"}],"wp:attachment":[{"href":"http:\/\/klubmamgdynia.pl\/index.php\/wp-json\/wp\/v2\/media?parent=2056"}],"wp:term":[{"taxonomy":"product_cat","embeddable":true,"href":"http:\/\/klubmamgdynia.pl\/index.php\/wp-json\/wp\/v2\/product_cat?post=2056"},{"taxonomy":"product_tag","embeddable":true,"href":"http:\/\/klubmamgdynia.pl\/index.php\/wp-json\/wp\/v2\/product_tag?post=2056"}],"curies":[{"name":"wp","href":"https:\/\/api.w.org\/{rel}","templated":true}]}}