{"id":2062,"date":"2016-08-25T15:17:24","date_gmt":"2016-08-25T13:17:24","guid":{"rendered":"http:\/\/klubmamgdynia.pl\/index.php\/produkt\/pistolet-na-wode-strzykawka-sikawka-tuba-piankowa-60cm\/"},"modified":"2026-04-26T11:09:35","modified_gmt":"2026-04-26T09:09:35","slug":"pistolet-na-wode-strzykawka-sikawka-tuba-piankowa-60cm","status":"publish","type":"product","link":"http:\/\/klubmamgdynia.pl\/index.php\/produkt\/pistolet-na-wode-strzykawka-sikawka-tuba-piankowa-60cm\/","title":{"rendered":"Pistolet na wod\u0119 strzykawka sikawka tuba piankowa 60cm"},"content":{"rendered":"<p>PIANKOWY PISTOLET NA WOD\u0118Piankowy pistolet na wod\u0119, dzia\u0142aj\u0105cy na zasadzie strzykawki to doskona\u0142a zabawka na upalne dni.Sprawdzi si\u0119 jako zabawka na basenie, w ogrodzie czy domu.Bardzo lekki i bezpieczny.Wykonany z mi\u0119kkiej pianki.Unosi si\u0119 na wodzie.Idealnie sprawdzi si\u0119 podczas organizowania imprez i zawod\u00f3w.Doskona\u0142a zabawka dla dzieci w ka\u017cdym wieku.Dost\u0119pny w r\u00f3\u017cnych wariantach kolorystycznych.Kolory wysy\u0142amy losowo.Wymiary:d\u0142ugo\u015b\u0107: 60cm\u015brednica: 4,5cmProdukt fabrycznie nowy, zapakowany w oryginalne opakowanie&#8230;.<\/p>\n<h2>Pistolet na wod\u0119 strzykawka sikawka tuba piankowa 60cm Kik<\/h2>\n<p>kolorowanki konie do druku, najlepsze place zabaw warszawa, izabella imi\u0119, maska kota do druku, warszawa atrakcje dla m\u0142odzie\u017cy, z\u0142ote my\u015bli o rodzinie, opisy o rodzinie, test z tajemniczego ogrodu, rysunki \u0142atwe, jak narysowa\u0107 psa krok po kroku<\/p>\n<p>yyyyy<\/p>\n<p>&nbsp;<\/p>\n","protected":false},"excerpt":{"rendered":"<p>PIANKOWY PISTOLET NA WOD\u0118Piankowy pistolet na wod\u0119, dzia\u0142aj\u0105cy na zasadzie strzykawki to doskona\u0142a zabawka na upalne dni.Sprawdzi si\u0119 jako zabawka na basenie, w ogrodzie czy domu.Bardzo lekki i bezpieczny.Wykonany z mi\u0119kkiej pianki.Unosi si\u0119 na wodzie.Idealnie sprawdzi si\u0119 podczas organizowania imprez i zawod\u00f3w.Doskona\u0142a zabawka dla dzieci w ka\u017cdym wieku.Dost\u0119pny w r\u00f3\u017cnych wariantach kolorystycznych.Kolory wysy\u0142amy losowo.Wymiary:d\u0142ugo\u015b\u0107: 60cm\u015brednica: [&hellip;]<\/p>\n","protected":false},"featured_media":2063,"comment_status":"closed","ping_status":"open","template":"","meta":[],"product_cat":[165,518],"product_tag":[845,674,711,665,805],"class_list":["post-2062","product","type-product","status-publish","has-post-thumbnail","hentry","product_cat-kik","product_cat-zabawki-wodne","product_tag-ach-spij-kochanie-tekst","product_tag-miasto-dzieci","product_tag-prezenty-dla-nastolatkow","product_tag-proste-zagadki","product_tag-znaczenie-imienia-alan"],"_links":{"self":[{"href":"http:\/\/klubmamgdynia.pl\/index.php\/wp-json\/wp\/v2\/product\/2062","targetHints":{"allow":["GET"]}}],"collection":[{"href":"http:\/\/klubmamgdynia.pl\/index.php\/wp-json\/wp\/v2\/product"}],"about":[{"href":"http:\/\/klubmamgdynia.pl\/index.php\/wp-json\/wp\/v2\/types\/product"}],"replies":[{"embeddable":true,"href":"http:\/\/klubmamgdynia.pl\/index.php\/wp-json\/wp\/v2\/comments?post=2062"}],"wp:featuredmedia":[{"embeddable":true,"href":"http:\/\/klubmamgdynia.pl\/index.php\/wp-json\/wp\/v2\/media\/2063"}],"wp:attachment":[{"href":"http:\/\/klubmamgdynia.pl\/index.php\/wp-json\/wp\/v2\/media?parent=2062"}],"wp:term":[{"taxonomy":"product_cat","embeddable":true,"href":"http:\/\/klubmamgdynia.pl\/index.php\/wp-json\/wp\/v2\/product_cat?post=2062"},{"taxonomy":"product_tag","embeddable":true,"href":"http:\/\/klubmamgdynia.pl\/index.php\/wp-json\/wp\/v2\/product_tag?post=2062"}],"curies":[{"name":"wp","href":"https:\/\/api.w.org\/{rel}","templated":true}]}}