{"id":2066,"date":"2013-06-12T07:47:01","date_gmt":"2013-06-12T05:47:01","guid":{"rendered":"http:\/\/klubmamgdynia.pl\/index.php\/produkt\/bburago-2-poziomowy-garaz-autko-vw-beetle-88611\/"},"modified":"2026-04-05T23:47:29","modified_gmt":"2026-04-05T21:47:29","slug":"bburago-2-poziomowy-garaz-autko-vw-beetle-88611","status":"publish","type":"product","link":"http:\/\/klubmamgdynia.pl\/index.php\/produkt\/bburago-2-poziomowy-garaz-autko-vw-beetle-88611\/","title":{"rendered":"Bburago 2 Poziomowy Gara\u017c + Autko Vw Beetle 88611"},"content":{"rendered":"<p>BBURAGO JUNIOR 2-poziomowy gara\u017c + autko VW BeetleNr kat.: 88611Kolor auta: czerwonyW zestawie pojazd z serii Bburago Junior na oficjalnej licencji marki Volkswagen.Gara\u017c 2-poziomowy z parkingiem, rampami, bramkami, zje\u017cd\u017calni\u0105 i innymi akcesoriami. W zestawie autko Volkswagen Beetle 3,5\u201d.Wymiary po roz\u0142o\u017ceniu: 67,5 x 38,4 x 31,6 cm.Wymiary opakowania: 49,5 x 30,5 x 9,5 cm.Wiek: 12M+.<\/p>\n<h2>Bburago 2 Poziomowy Gara\u017c + Autko Vw Beetle 88611 Bburago<\/h2>\n<p>\u017carty na prima aprilis dla mamy, bezwarunkowa mi\u0142o\u015b\u0107 do dziecka cytaty, zagadki \u015bwi\u0105teczne dla dzieci, pola imie, prezent dla 19 latka, sporty po francusku, estera, kawa\u0142 na prima aprilis, sentencje ma\u0142y ksi\u0105\u017ce cytaty, kolorowanki spongebob, quiz o psie kt\u00f3ry je\u017adzi\u0142 kolej\u0105, zabawy na dzie\u0144 dziecka w szkole, \u015bwinka peppa bajka do czytania, zagadki trudne, kr\u00f3tkie bajki dla dzieci, szablon choinki do wydruku<\/p>\n<p>yyyyy<\/p>\n<p>&nbsp;<\/p>\n","protected":false},"excerpt":{"rendered":"<p>BBURAGO JUNIOR 2-poziomowy gara\u017c + autko VW BeetleNr kat.: 88611Kolor auta: czerwonyW zestawie pojazd z serii Bburago Junior na oficjalnej licencji marki Volkswagen.Gara\u017c 2-poziomowy z parkingiem, rampami, bramkami, zje\u017cd\u017calni\u0105 i innymi akcesoriami. W zestawie autko Volkswagen Beetle 3,5\u201d.Wymiary po roz\u0142o\u017ceniu: 67,5 x 38,4 x 31,6 cm.Wymiary opakowania: 49,5 x 30,5 x 9,5 cm.Wiek: 12M+. Bburago [&hellip;]<\/p>\n","protected":false},"featured_media":2067,"comment_status":"closed","ping_status":"open","template":"","meta":[],"product_cat":[519,141],"product_tag":[680,656,596,872,615],"class_list":["post-2066","product","type-product","status-publish","has-post-thumbnail","hentry","product_cat-bburago","product_cat-parkingi-garaze-i-tory-wyscigowe","product_tag-cytaty-z-malego-ksiecia","product_tag-kolorowanki-lol","product_tag-pomysly-na-prima-aprilis","product_tag-zagadki-dla-dzieci-6-lat","product_tag-znane-misie-z-filmow-animowanych"],"_links":{"self":[{"href":"http:\/\/klubmamgdynia.pl\/index.php\/wp-json\/wp\/v2\/product\/2066","targetHints":{"allow":["GET"]}}],"collection":[{"href":"http:\/\/klubmamgdynia.pl\/index.php\/wp-json\/wp\/v2\/product"}],"about":[{"href":"http:\/\/klubmamgdynia.pl\/index.php\/wp-json\/wp\/v2\/types\/product"}],"replies":[{"embeddable":true,"href":"http:\/\/klubmamgdynia.pl\/index.php\/wp-json\/wp\/v2\/comments?post=2066"}],"wp:featuredmedia":[{"embeddable":true,"href":"http:\/\/klubmamgdynia.pl\/index.php\/wp-json\/wp\/v2\/media\/2067"}],"wp:attachment":[{"href":"http:\/\/klubmamgdynia.pl\/index.php\/wp-json\/wp\/v2\/media?parent=2066"}],"wp:term":[{"taxonomy":"product_cat","embeddable":true,"href":"http:\/\/klubmamgdynia.pl\/index.php\/wp-json\/wp\/v2\/product_cat?post=2066"},{"taxonomy":"product_tag","embeddable":true,"href":"http:\/\/klubmamgdynia.pl\/index.php\/wp-json\/wp\/v2\/product_tag?post=2066"}],"curies":[{"name":"wp","href":"https:\/\/api.w.org\/{rel}","templated":true}]}}