{"id":207,"date":"2019-06-29T07:24:47","date_gmt":"2019-06-29T05:24:47","guid":{"rendered":"http:\/\/klubmamgdynia.pl\/index.php\/produkt\/majdan-zabawek-maskotka-interaktywna-szczeniaczek-labradora\/"},"modified":"2026-04-17T08:54:03","modified_gmt":"2026-04-17T06:54:03","slug":"majdan-zabawek-maskotka-interaktywna-szczeniaczek-labradora","status":"publish","type":"product","link":"http:\/\/klubmamgdynia.pl\/index.php\/produkt\/majdan-zabawek-maskotka-interaktywna-szczeniaczek-labradora\/","title":{"rendered":"Majdan Zabawek Maskotka Interaktywna Szczeniaczek Labradora"},"content":{"rendered":"<p>Interaktywna zabawka przypominaj\u0105ca swym kszta\u0142tem ma\u0142ego psa, szczeniaczka rasy labrador. Wykonana z wysokiej jako\u015bci materia\u0142\u00f3w jest przyjemna w dotyku i bardzo mi\u0119kka, mo\u017cna j\u0105 z powodzeniem przytula\u0107.We wn\u0119trzu znajduj\u0105 si\u0119 mechanizmy, dzi\u0119ki kt\u00f3rym zabawka zyskuje interaktywny charakter. Piesek potrafi szczeka\u0107 i samodzielnie chodzi\u0107.Do tego wykonuje sztuczk\u0119 w postaci skoku do ty\u0142u i obrotu o 360 stopni, z powrotem na w\u0142asne \u0142apy.<\/p>\n<h2>Majdan Zabawek Maskotka Interaktywna Szczeniaczek Labradora Tobar<\/h2>\n<p>horror dla dzieci, kr\u00f3tkie bajki do czytania, prezent dla rocznej dziewczynki, imie kuba, babciu droga babciu tekst, zagadki dla dzieci 7 lat o zwierz\u0119tach, zagadki na my\u015blenie, kr\u00f3tkie bajki do czytania pdf, kolorowanki super zings, wz\u00f3r drzewo genealogiczne szablon do wydruku, dinozaury kolorowanki, zaproszenie na urodziny do druku pdf, zemsta test wiedzy, niespotykane imiona \u017ce\u0144skie<\/p>\n<p>yyyyy<\/p>\n<p>&nbsp;<\/p>\n","protected":false},"excerpt":{"rendered":"<p>Interaktywna zabawka przypominaj\u0105ca swym kszta\u0142tem ma\u0142ego psa, szczeniaczka rasy labrador. Wykonana z wysokiej jako\u015bci materia\u0142\u00f3w jest przyjemna w dotyku i bardzo mi\u0119kka, mo\u017cna j\u0105 z powodzeniem przytula\u0107.We wn\u0119trzu znajduj\u0105 si\u0119 mechanizmy, dzi\u0119ki kt\u00f3rym zabawka zyskuje interaktywny charakter. Piesek potrafi szczeka\u0107 i samodzielnie chodzi\u0107.Do tego wykonuje sztuczk\u0119 w postaci skoku do ty\u0142u i obrotu o 360 [&hellip;]<\/p>\n","protected":false},"featured_media":208,"comment_status":"closed","ping_status":"open","template":"","meta":[],"product_cat":[105,39],"product_tag":[668,753,656,796],"class_list":["post-207","product","type-product","status-publish","has-post-thumbnail","hentry","product_cat-tobar","product_cat-zabawki-interaktywne","product_tag-atrakcje-dla-dzieci-wroclaw","product_tag-kamila","product_tag-kolorowanki-lol","product_tag-zagatki"],"_links":{"self":[{"href":"http:\/\/klubmamgdynia.pl\/index.php\/wp-json\/wp\/v2\/product\/207","targetHints":{"allow":["GET"]}}],"collection":[{"href":"http:\/\/klubmamgdynia.pl\/index.php\/wp-json\/wp\/v2\/product"}],"about":[{"href":"http:\/\/klubmamgdynia.pl\/index.php\/wp-json\/wp\/v2\/types\/product"}],"replies":[{"embeddable":true,"href":"http:\/\/klubmamgdynia.pl\/index.php\/wp-json\/wp\/v2\/comments?post=207"}],"wp:featuredmedia":[{"embeddable":true,"href":"http:\/\/klubmamgdynia.pl\/index.php\/wp-json\/wp\/v2\/media\/208"}],"wp:attachment":[{"href":"http:\/\/klubmamgdynia.pl\/index.php\/wp-json\/wp\/v2\/media?parent=207"}],"wp:term":[{"taxonomy":"product_cat","embeddable":true,"href":"http:\/\/klubmamgdynia.pl\/index.php\/wp-json\/wp\/v2\/product_cat?post=207"},{"taxonomy":"product_tag","embeddable":true,"href":"http:\/\/klubmamgdynia.pl\/index.php\/wp-json\/wp\/v2\/product_tag?post=207"}],"curies":[{"name":"wp","href":"https:\/\/api.w.org\/{rel}","templated":true}]}}