{"id":2070,"date":"2022-07-07T09:58:56","date_gmt":"2022-07-07T07:58:56","guid":{"rendered":"http:\/\/klubmamgdynia.pl\/index.php\/produkt\/dk-interaktywny-tor-przeszkod-pojazdy-zjazd-samochodowy-kierownica\/"},"modified":"2026-04-26T14:33:00","modified_gmt":"2026-04-26T12:33:00","slug":"dk-interaktywny-tor-przeszkod-pojazdy-zjazd-samochodowy-kierownica","status":"publish","type":"product","link":"http:\/\/klubmamgdynia.pl\/index.php\/produkt\/dk-interaktywny-tor-przeszkod-pojazdy-zjazd-samochodowy-kierownica\/","title":{"rendered":"Dk Interaktywny Tor Przeszk\u00f3d + Pojazdy Zjazd Samochodowy Kierownica"},"content":{"rendered":"<p>Interaktywny Tor Przeszk\u00f3d, Zjazd Samochodowy z mn\u00f3stwem atrakcjiPrzekonaj si\u0119 jak wiele rado\u015bci da Twojemu maluchowi zabawa tym niezwyk\u0142ym torem. Kolorowy zjazd z pewno\u015bci\u0105 przykuje uwag\u0119 i zach\u0119ci do zabawy.Wiele poziom\u00f3w zabawyZabawkowe parkingi i tory &#8211; o tak, lubimy to! Niby prosta zabawka, a bawi\u0107 si\u0119 ni\u0105 mo\u017cna ca\u0142ymi godzinami i to tak, jakby wok\u00f3\u0142 nie istnia\u0142 \u015bwiat. O co chodzi? &#8211; nie mamy poj\u0119cia, wa\u017cne, \u017ce dzia\u0142a i dostarcza mn\u00f3stwo frajdy.Gara\u017c na pierwszym pi\u0119trze pomie\u015bci a\u017c 6 samochodzik\u00f3w.Super zjazdTen tor samochodowy na pewno przyci\u0105gnie uwag\u0119 Twojego dziecka. Aby wci\u0105gn\u0105\u0107 samochodzik na g\u00f3r\u0119 nale\u017cy u\u017cy\u0107 wci\u0105garki. Mo\u017ce ona by\u0107 sterowana r\u0119cznie za pomoc\u0105 pokr\u0119t\u0142a \/ korbki lub je\u015bli posiadamy baterie to automatycznie. Do podjazdu montujemy wtedy kierownic\u0119 zasilan\u0105 3 bateriami 1,5V AA (brak baterii w zestawie). Uruchomienie podjazdu odbywa si\u0119 za pomoc\u0105 d\u017awigni zmiany bieg\u00f3w. Kierownica posiada r\u00f3wnie\u017c przycisk odpowiedzialny za klakson (\u015brodkowy) oraz dwa kierunkowskazy. Jeden z nich (lewy) odpowiedzialny jest za nazwy r\u00f3\u017cnych pojazd\u00f3w oraz odg\u0142osy jakie wydaj\u0105 (nazwy w j\u0119zyku angielskim). Prawy uruchamia kilka weso\u0142ych melodyjek.Bezpieczna zabawaPojazdy z zestawu stworzono z my\u015bl\u0105 o ma\u0142ych dzieciach &#8211; nie posiadaj\u0105 \u017cadnych ostrych kraw\u0119dzi, mo\u017cna si\u0119 nimi bawi\u0107 r\u00f3wnie\u017c poza torem przeszk\u00f3d.Zestaw posiada r\u00f3wnie\u017c mat\u0119 z nadrukowan\u0105 map\u0105 miasta. Po\u0142\u0105czenie maty z naszym torem daje jeszcze wi\u0119cej mo\u017cliwo\u015bci do zabawy.Jako\u015b\u0107 i bezpiecze\u0144stwoW trosce o najm\u0142odszych, tor i samochodziki wykonano z wysokiej jako\u015bci tworzywa. \u017bywa kolorystyka i estetyczne wykonanie skutecznie zach\u0119caj\u0105 do zabawy.Zabawka nie posiada \u017cadnych ostrych kraw\u0119dzi ani element\u00f3w, kt\u00f3rymi dziecko mog\u0142oby si\u0119 skaleczy\u0107.Pe\u0142ne bezpiecze\u0144stwo u\u017cytkowania potwierdza Europejski Certyfikat bezpiecze\u0144stwa CE.Zawarto\u015b\u0107 zestawu:Tor przeszk\u00f3d,Korbka,Kierownica z dr\u0105\u017ckiem zmiany bieg\u00f3w,4 pojazdy,Mata z nadrukiem miasta,Dodatkowe akcesoria &#8211; naklejki, barierki,Oryginalne opakowanie.Specyfikacja:Zasilanie: 3 x 1,5V AA (brak baterii w zestawie)Wymiary toru: 49,5 x 31,5 x 22,5cmWymiary maty: 52 x 38cmWymiary opakowania: 29,5 x 27 x 12,5cmZabawka przeznaczona: dla dzieci powy\u017cej 3 latAutka w kolorze: czarnym, \u017c\u00f3\u0142tym oraz 2 x czerwonym<\/p>\n<h2>Dk Interaktywny Tor Przeszk\u00f3d + Pojazdy Zjazd Samochodowy Kierownica Dk<\/h2>\n<p>test z lektury ania z zielonego wzg\u00f3rza klasa 6 z odpowiedziami, ma\u0142y ksi\u0105\u017ce cytaty, kolorowanka elsa, ma\u0142y ksi\u0105\u017c\u0119 cytaty o mi\u0142o\u015bci<\/p>\n<p>yyyyy<\/p>\n<p>&nbsp;<\/p>\n","protected":false},"excerpt":{"rendered":"<p>Interaktywny Tor Przeszk\u00f3d, Zjazd Samochodowy z mn\u00f3stwem atrakcjiPrzekonaj si\u0119 jak wiele rado\u015bci da Twojemu maluchowi zabawa tym niezwyk\u0142ym torem. Kolorowy zjazd z pewno\u015bci\u0105 przykuje uwag\u0119 i zach\u0119ci do zabawy.Wiele poziom\u00f3w zabawyZabawkowe parkingi i tory &#8211; o tak, lubimy to! Niby prosta zabawka, a bawi\u0107 si\u0119 ni\u0105 mo\u017cna ca\u0142ymi godzinami i to tak, jakby wok\u00f3\u0142 nie [&hellip;]<\/p>\n","protected":false},"featured_media":2071,"comment_status":"closed","ping_status":"open","template":"","meta":[],"product_cat":[408,141],"product_tag":[851,617,644,594,587],"class_list":["post-2070","product","type-product","status-publish","has-post-thumbnail","hentry","product_cat-dk","product_cat-parkingi-garaze-i-tory-wyscigowe","product_tag-jak-narysowac-kota","product_tag-keyword","product_tag-mia","product_tag-podchwytliwe-zagadki-dla-dzieci","product_tag-skalne-miasto"],"_links":{"self":[{"href":"http:\/\/klubmamgdynia.pl\/index.php\/wp-json\/wp\/v2\/product\/2070","targetHints":{"allow":["GET"]}}],"collection":[{"href":"http:\/\/klubmamgdynia.pl\/index.php\/wp-json\/wp\/v2\/product"}],"about":[{"href":"http:\/\/klubmamgdynia.pl\/index.php\/wp-json\/wp\/v2\/types\/product"}],"replies":[{"embeddable":true,"href":"http:\/\/klubmamgdynia.pl\/index.php\/wp-json\/wp\/v2\/comments?post=2070"}],"wp:featuredmedia":[{"embeddable":true,"href":"http:\/\/klubmamgdynia.pl\/index.php\/wp-json\/wp\/v2\/media\/2071"}],"wp:attachment":[{"href":"http:\/\/klubmamgdynia.pl\/index.php\/wp-json\/wp\/v2\/media?parent=2070"}],"wp:term":[{"taxonomy":"product_cat","embeddable":true,"href":"http:\/\/klubmamgdynia.pl\/index.php\/wp-json\/wp\/v2\/product_cat?post=2070"},{"taxonomy":"product_tag","embeddable":true,"href":"http:\/\/klubmamgdynia.pl\/index.php\/wp-json\/wp\/v2\/product_tag?post=2070"}],"curies":[{"name":"wp","href":"https:\/\/api.w.org\/{rel}","templated":true}]}}