{"id":2072,"date":"2015-07-19T07:37:30","date_gmt":"2015-07-19T05:37:30","guid":{"rendered":"http:\/\/klubmamgdynia.pl\/index.php\/produkt\/mlstp-robot-sterowany-na-baterie-strzelajacy-krazkami\/"},"modified":"2026-04-29T15:26:24","modified_gmt":"2026-04-29T13:26:24","slug":"mlstp-robot-sterowany-na-baterie-strzelajacy-krazkami","status":"publish","type":"product","link":"http:\/\/klubmamgdynia.pl\/index.php\/produkt\/mlstp-robot-sterowany-na-baterie-strzelajacy-krazkami\/","title":{"rendered":"Mlstp Robot Sterowany Na Baterie Strzelaj\u0105cy Kr\u0105zkami"},"content":{"rendered":"<p>Robot sterowany na baterie strzelaj\u0105cy kr\u0105zkami 7930Wymiar opakowania: 21,2 x 16 x 32cmBaterie pilot 2x AA, 1,5 V (brak w zestawie)robit 4 x AA 1,5 V (brak w zestawie)robot sterowany pilotem\u015bwiat\u0142o, d\u017awi\u0119k<\/p>\n<h2>Mlstp Robot Sterowany Na Baterie Strzelaj\u0105cy Kr\u0105zkami Malplay<\/h2>\n<p>kanapki halloween, nela w krainie wombat\u00f3w, aniela znaczenie imienia, test wiedzy zemsta, basen warszawa, ninjago kolorowanki, w\u0119gierska g\u00f3rka, znaczenie imienia alan, akademia pana kleksa &#8211; test z odpowiedziami do druku, zagadki logiczne matematyczne dla dzieci<\/p>\n<p>yyyyy<\/p>\n<p>&nbsp;<\/p>\n","protected":false},"excerpt":{"rendered":"<p>Robot sterowany na baterie strzelaj\u0105cy kr\u0105zkami 7930Wymiar opakowania: 21,2 x 16 x 32cmBaterie pilot 2x AA, 1,5 V (brak w zestawie)robit 4 x AA 1,5 V (brak w zestawie)robot sterowany pilotem\u015bwiat\u0142o, d\u017awi\u0119k Mlstp Robot Sterowany Na Baterie Strzelaj\u0105cy Kr\u0105zkami Malplay kanapki halloween, nela w krainie wombat\u00f3w, aniela znaczenie imienia, test wiedzy zemsta, basen warszawa, ninjago [&hellip;]<\/p>\n","protected":false},"featured_media":2073,"comment_status":"closed","ping_status":"open","template":"","meta":[],"product_cat":[84,337],"product_tag":[866,856,721,694],"class_list":["post-2072","product","type-product","status-publish","has-post-thumbnail","hentry","product_cat-malplay","product_cat-zabawki-zdalnie-sterowane","product_tag-opis-do-zdjecia-dziecka-na-fb","product_tag-prezent-dla-16-latki","product_tag-zagadki-matematyczne","product_tag-zagadki-swiateczne-dla-dzieci"],"_links":{"self":[{"href":"http:\/\/klubmamgdynia.pl\/index.php\/wp-json\/wp\/v2\/product\/2072","targetHints":{"allow":["GET"]}}],"collection":[{"href":"http:\/\/klubmamgdynia.pl\/index.php\/wp-json\/wp\/v2\/product"}],"about":[{"href":"http:\/\/klubmamgdynia.pl\/index.php\/wp-json\/wp\/v2\/types\/product"}],"replies":[{"embeddable":true,"href":"http:\/\/klubmamgdynia.pl\/index.php\/wp-json\/wp\/v2\/comments?post=2072"}],"wp:featuredmedia":[{"embeddable":true,"href":"http:\/\/klubmamgdynia.pl\/index.php\/wp-json\/wp\/v2\/media\/2073"}],"wp:attachment":[{"href":"http:\/\/klubmamgdynia.pl\/index.php\/wp-json\/wp\/v2\/media?parent=2072"}],"wp:term":[{"taxonomy":"product_cat","embeddable":true,"href":"http:\/\/klubmamgdynia.pl\/index.php\/wp-json\/wp\/v2\/product_cat?post=2072"},{"taxonomy":"product_tag","embeddable":true,"href":"http:\/\/klubmamgdynia.pl\/index.php\/wp-json\/wp\/v2\/product_tag?post=2072"}],"curies":[{"name":"wp","href":"https:\/\/api.w.org\/{rel}","templated":true}]}}