{"id":2074,"date":"2019-05-30T06:07:12","date_gmt":"2019-05-30T04:07:12","guid":{"rendered":"http:\/\/klubmamgdynia.pl\/index.php\/produkt\/alexander-magnesiaki-wojsko-2372\/"},"modified":"2026-04-04T05:22:34","modified_gmt":"2026-04-04T03:22:34","slug":"alexander-magnesiaki-wojsko-2372","status":"publish","type":"product","link":"http:\/\/klubmamgdynia.pl\/index.php\/produkt\/alexander-magnesiaki-wojsko-2372\/","title":{"rendered":"Alexander Magnesiaki Wojsko 2372"},"content":{"rendered":"<p>Magnesiaki WojskoMagnesiaki\u00a0to zestaw tematycznych obrazk\u00f3w, powleczonych magnetyczn\u0105 foli\u0105 na odwrocie. Dzi\u0119ki temu obrazki mo\u017cna uk\u0142ada\u0107 nie tylko na stole lub pod\u0142odze, mo\u017cna je r\u00f3wnie\u017c ustawia\u0107 na pionowej \u015bcianie lod\u00f3wki lub innych metalowych p\u0142aszczyznach. Seri\u0119 wyr\u00f3\u017cnia przede wszystkim bardzo \u0142adna grafika, du\u017ce rozmiary, oraz gruba tektura, pozwalaj\u0105ca dzieciom na \u0142atwy chwyt. Strona z obrazkiem powleczona zosta\u0142a foli\u0105, aby \u0142atwo by\u0142o je czy\u015bci\u0107Zawarto\u015b\u0107 opakowania21 kolorowych obrazk\u00f3w z magnesem                            <\/p>\n<p>Magnesy, kt\u00f3re dziecko ich nie kocha?Sama podstawa zabawek magnetycznych oparta na przyci\u0105ganiu obrazka do metalowej powierzchni ma w sobie co\u015b z magii. Ma\u0142e dziecko, nie znaj\u0105ce zasad fizyki spotyka si\u0119 czym\u015b niewyt\u0142umaczalnym, a jednocze\u015bnie tak innym ni\u017c wszystko dooko\u0142a. Co wi\u0119cej to ono jest sprawc\u0105 i udzia\u0142owcem tej magii, bo to za jego dotkni\u0119ciem magnesy zostaj\u0105 na lod\u00f3wce, co wi\u0119cej mog\u0105 przytwierdzi\u0107 do tej lod\u00f3wki inne dzie\u0142a dzieci, obrazki, karteczki.Magnesy kochane s\u0105 tak\u017ce przez rodzic\u00f3w, poniewa\u017c ta prosta, ekonomiczna zabawka, we wspania\u0142y spos\u00f3b pobudza wyobra\u017ani\u0119 dzieci. Mo\u017ce by\u0107 wst\u0119pem do poznawania \u015bwiata, rozwijania zainteresowa\u0144 u maluch\u00f3w. Uk\u0142adane z magnes\u00f3w scenki mog\u0105 motywowa\u0107 do opowiadania, albo stanowi\u0107 podstaw\u0119 do wyt\u0142umaczenia w zabawowy spos\u00f3b spraw powa\u017cnych. Magnetyczne literki i cyferki to tak\u017ce wspania\u0142y spos\u00f3b na szybkie opanowanie czytania oraz postaw matematyki.                            <\/p>\n<p>Produkty                            <\/p>\n<p>            Alexander Magnesiaki Wojsko 2372<\/p>\n<p>            Alexander Magnesiaki W lesie 2371<\/p>\n<p>            Alexander Magnesiaki Policja 2369<\/p>\n<p>            Alexander Magnesiaki Maszyny rolnicze 2367<\/p>\n<p>            Alexander Magnesiaki Afryka Dzika 2373<\/p>\n<p>            Alexander Magnesiaki Gospodarstwo 2365<\/p>\n<p>            Alexander Magnesiaki Budowa 2364<\/p>\n<p>            Alexander Magnesiak Stra\u017c Po\u017carna 2370<\/p>\n<p>            Opinia od U\u017cytkownik Ceneo2020-04-25<\/p>\n<p>                Wszystko ok<\/p>\n<p>            Alexander Magnesiaki Ma\u0142e Gospodarstwo 2396<\/p>\n<p>            Alexander Magnesiaki Ma\u0142a Budowa 2395<\/p>\n<p>            Alexander Magnesiaki Ma\u0142a Stra\u017c Po\u017carna 2451<\/p>\n<p>            Alexander Magnesiaki Ma\u0142e Litery 2397<\/p>\n<p>            Opinia od Roberto2022-02-17<\/p>\n<p>                Produkt pierwsza klasa.<\/p>\n<p>            Alexander Magnesiaki Ma\u0142e Maszyny Rolnicze 2399<\/p>\n<p>            Alexander Magnesiaki Ma\u0142y Las 2452<\/p>\n<p>            Alexander Magnesiaki Ma\u0142e Warzywa i Owoce 2400<\/p>\n<p>            Alexander Magnesiaki Ma\u0142a Policja 2398<\/p>\n<p>            Alexander Magnesiaki Ma\u0142e wojsko 2453<\/p>\n<p>            Alexander Magnesiaki Ma\u0142a Afryka dzika 2454<\/p>\n<p>            Opinia od b&#8230;a2021-02-16<\/p>\n<p>                Bardzo dobra jako\u015b\u0107 wykonania . Pierwsze magnesyjakoe wybra\u0142am A okaza\u0142o si\u0119 \u017ce s\u0105 du\u017ce dziecko z \u0142atwo\u015bci\u0105 przykleja je.<br \/>\n S\u0105 bezpieczne i kolorowe. Fajna zabawa z dzieckiem mo\u017cna je przykleja opowiada\u0107 moja c\u00f3rka jest zachwycona serdecznie polecam<\/p>\n<h2>Alexander Magnesiaki Wojsko 2372 Alexander<\/h2>\n<p>prezent dla 7 letniej dziewczynki, co na roczek, wzruszajace cytaty o rodzinie, test z narnii lew czarownica i stara szafa, kolorowanki super zings, zagadki wiosna<\/p>\n<p>yyyyy<\/p>\n<p>&nbsp;<\/p>\n","protected":false},"excerpt":{"rendered":"<p>Magnesiaki WojskoMagnesiaki\u00a0to zestaw tematycznych obrazk\u00f3w, powleczonych magnetyczn\u0105 foli\u0105 na odwrocie. Dzi\u0119ki temu obrazki mo\u017cna uk\u0142ada\u0107 nie tylko na stole lub pod\u0142odze, mo\u017cna je r\u00f3wnie\u017c ustawia\u0107 na pionowej \u015bcianie lod\u00f3wki lub innych metalowych p\u0142aszczyznach. Seri\u0119 wyr\u00f3\u017cnia przede wszystkim bardzo \u0142adna grafika, du\u017ce rozmiary, oraz gruba tektura, pozwalaj\u0105ca dzieciom na \u0142atwy chwyt. Strona z obrazkiem powleczona zosta\u0142a [&hellip;]<\/p>\n","protected":false},"featured_media":2075,"comment_status":"closed","ping_status":"open","template":"","meta":[],"product_cat":[246,295],"product_tag":[832,813,589,725],"class_list":["post-2074","product","type-product","status-publish","has-post-thumbnail","hentry","product_cat-alexander","product_cat-pozostale-zabawki","product_tag-desery-dla-dzieci","product_tag-krotkie-zagadki-matematyczne-z-odpowiedziami","product_tag-prezent-dla-rocznego-dziecka","product_tag-zgadywanki"],"_links":{"self":[{"href":"http:\/\/klubmamgdynia.pl\/index.php\/wp-json\/wp\/v2\/product\/2074","targetHints":{"allow":["GET"]}}],"collection":[{"href":"http:\/\/klubmamgdynia.pl\/index.php\/wp-json\/wp\/v2\/product"}],"about":[{"href":"http:\/\/klubmamgdynia.pl\/index.php\/wp-json\/wp\/v2\/types\/product"}],"replies":[{"embeddable":true,"href":"http:\/\/klubmamgdynia.pl\/index.php\/wp-json\/wp\/v2\/comments?post=2074"}],"wp:featuredmedia":[{"embeddable":true,"href":"http:\/\/klubmamgdynia.pl\/index.php\/wp-json\/wp\/v2\/media\/2075"}],"wp:attachment":[{"href":"http:\/\/klubmamgdynia.pl\/index.php\/wp-json\/wp\/v2\/media?parent=2074"}],"wp:term":[{"taxonomy":"product_cat","embeddable":true,"href":"http:\/\/klubmamgdynia.pl\/index.php\/wp-json\/wp\/v2\/product_cat?post=2074"},{"taxonomy":"product_tag","embeddable":true,"href":"http:\/\/klubmamgdynia.pl\/index.php\/wp-json\/wp\/v2\/product_tag?post=2074"}],"curies":[{"name":"wp","href":"https:\/\/api.w.org\/{rel}","templated":true}]}}