{"id":2076,"date":"2015-08-04T11:20:57","date_gmt":"2015-08-04T09:20:57","guid":{"rendered":"http:\/\/klubmamgdynia.pl\/index.php\/produkt\/silverlit-digipenguins-pingwin-ash-s-88335\/"},"modified":"2026-04-30T22:58:04","modified_gmt":"2026-04-30T20:58:04","slug":"silverlit-digipenguins-pingwin-ash-s-88335","status":"publish","type":"product","link":"http:\/\/klubmamgdynia.pl\/index.php\/produkt\/silverlit-digipenguins-pingwin-ash-s-88335\/","title":{"rendered":"Silverlit DigiPenguins pingwin Ash S 88335"},"content":{"rendered":"<p>DigiPenguins \u015apiewaj\u0105cy Pingwin to kolejna \u015bwietna zabawka z serii DigiFriends, kt\u00f3ra dostarczy rozrywki ka\u017cdemu dziecku!Funkcje Pingwina:* pingwin \u015bpiewa solo albo w ch\u00f3rze* rusza dziobem i skrzyde\u0142kami* gdy dmuchamy pingwinowi w dzi\u00f3bek, zacznie &#8222;&#8221;tr\u0105bi\u0107&#8221;&#8221;&#8221;&#8221; jak prawdziwy pingwin* posiada 55 melodii w trybie &#8222;&#8221;&#8221;&#8221;solo&#8221;&#8221;&#8221;&#8221;* pingwiny potrafi\u0105 \u015bpiewa\u0107 w ch\u00f3rze takze z pozosta\u0142ymi zwierz\u0105tkami z serii DigiFriends* ka\u017cdy pingwin ma swoje imi\u0119<\/p>\n<h2>Silverlit DigiPenguins pingwin Ash S 88335 inny wygl\u0105d oraz styl taneczny.W zestawie znajduje si\u0119 tak\u017ce gwizdek &#8211; pier\u015bcionek.Do pier\u015bcionka mo\u017cna przymocowa\u0107 pingwinka<\/h2>\n<p>test z dzieci z bullerbyn, najpi\u0119kniejsze cytaty o przyja\u017ani, ba\u015bniowe imiona \u017ce\u0144skie, cukierku ty \u0142obuzie test<\/p>\n<p>yyyyy<\/p>\n<p>&nbsp;<\/p>\n","protected":false},"excerpt":{"rendered":"<p>DigiPenguins \u015apiewaj\u0105cy Pingwin to kolejna \u015bwietna zabawka z serii DigiFriends, kt\u00f3ra dostarczy rozrywki ka\u017cdemu dziecku!Funkcje Pingwina:* pingwin \u015bpiewa solo albo w ch\u00f3rze* rusza dziobem i skrzyde\u0142kami* gdy dmuchamy pingwinowi w dzi\u00f3bek, zacznie &#8222;&#8221;tr\u0105bi\u0107&#8221;&#8221;&#8221;&#8221; jak prawdziwy pingwin* posiada 55 melodii w trybie &#8222;&#8221;&#8221;&#8221;solo&#8221;&#8221;&#8221;&#8221;* pingwiny potrafi\u0105 \u015bpiewa\u0107 w ch\u00f3rze takze z pozosta\u0142ymi zwierz\u0105tkami z serii DigiFriends* ka\u017cdy [&hellip;]<\/p>\n","protected":false},"featured_media":2077,"comment_status":"closed","ping_status":"open","template":"","meta":[],"product_cat":[521,520],"product_tag":[834,676,618,586,601],"class_list":["post-2076","product","type-product","status-publish","has-post-thumbnail","hentry","product_cat-co-sprawi","product_cat-inny-wyglad-oraz-styl-taneczny-w-zestawie-znajduje-sie-takze-gwizdek-pierscionek-do-pierscionka-mozna-przymocowac-pingwinka","product_tag-bajka-do-czytania-na-dobranoc","product_tag-bursztynek","product_tag-lato-lato-lato-czeka-tekst","product_tag-smieszne-zagadki","product_tag-zagadki-co-to-jest"],"_links":{"self":[{"href":"http:\/\/klubmamgdynia.pl\/index.php\/wp-json\/wp\/v2\/product\/2076","targetHints":{"allow":["GET"]}}],"collection":[{"href":"http:\/\/klubmamgdynia.pl\/index.php\/wp-json\/wp\/v2\/product"}],"about":[{"href":"http:\/\/klubmamgdynia.pl\/index.php\/wp-json\/wp\/v2\/types\/product"}],"replies":[{"embeddable":true,"href":"http:\/\/klubmamgdynia.pl\/index.php\/wp-json\/wp\/v2\/comments?post=2076"}],"wp:featuredmedia":[{"embeddable":true,"href":"http:\/\/klubmamgdynia.pl\/index.php\/wp-json\/wp\/v2\/media\/2077"}],"wp:attachment":[{"href":"http:\/\/klubmamgdynia.pl\/index.php\/wp-json\/wp\/v2\/media?parent=2076"}],"wp:term":[{"taxonomy":"product_cat","embeddable":true,"href":"http:\/\/klubmamgdynia.pl\/index.php\/wp-json\/wp\/v2\/product_cat?post=2076"},{"taxonomy":"product_tag","embeddable":true,"href":"http:\/\/klubmamgdynia.pl\/index.php\/wp-json\/wp\/v2\/product_tag?post=2076"}],"curies":[{"name":"wp","href":"https:\/\/api.w.org\/{rel}","templated":true}]}}