{"id":2078,"date":"2024-05-25T00:26:10","date_gmt":"2024-05-24T22:26:10","guid":{"rendered":"http:\/\/klubmamgdynia.pl\/?post_type=product&#038;p=2078"},"modified":"2026-05-17T23:33:04","modified_gmt":"2026-05-17T21:33:04","slug":"2078","status":"publish","type":"product","link":"http:\/\/klubmamgdynia.pl\/index.php\/produkt\/2078\/","title":{"rendered":""},"content":{"rendered":"<h2> <\/h2>\n<p>kolorowanka pokemon, z\u0142ote my\u015bli pedagogiczne, quizy online, mini kanapki dla dzieci, dalia imi\u0119, cytaty korczak, quiz o zwierz\u0119tach domowych, zosia samosia wiersz, prezent dla jedenastolatka, iwo imie, zagadki matematyczne dla dzieci 7 lat, labirynt psi patrol, dzie\u0144 \u015bw patryka symbole do druku, quiz o hejka tu lenka, zadania logiczne dla dzieci, rysunki do druku<\/p>\n<p>yyyyy<\/p>\n<p>&nbsp;<\/p>\n","protected":false},"excerpt":{"rendered":"<p>kolorowanka pokemon, z\u0142ote my\u015bli pedagogiczne, quizy online, mini kanapki dla dzieci, dalia imi\u0119, cytaty korczak, quiz o zwierz\u0119tach domowych, zosia samosia wiersz, prezent dla jedenastolatka, iwo imie, zagadki matematyczne dla dzieci 7 lat, labirynt psi patrol, dzie\u0144 \u015bw patryka symbole do druku, quiz o hejka tu lenka, zadania logiczne dla dzieci, rysunki do druku yyyyy [&hellip;]<\/p>\n","protected":false},"featured_media":0,"comment_status":"closed","ping_status":"open","template":"","meta":[],"product_cat":[],"product_tag":[686,681,637,782,701],"class_list":["post-2078","product","type-product","status-publish","hentry","product_tag-co-na-roczek-dla-chlopca","product_tag-flagi-europy-quiz","product_tag-niech-zyja-wakacje-tekst","product_tag-zagadki-dla-dzieci-z-odpowiedziami","product_tag-zgadywanki-dla-dzieci"],"_links":{"self":[{"href":"http:\/\/klubmamgdynia.pl\/index.php\/wp-json\/wp\/v2\/product\/2078","targetHints":{"allow":["GET"]}}],"collection":[{"href":"http:\/\/klubmamgdynia.pl\/index.php\/wp-json\/wp\/v2\/product"}],"about":[{"href":"http:\/\/klubmamgdynia.pl\/index.php\/wp-json\/wp\/v2\/types\/product"}],"replies":[{"embeddable":true,"href":"http:\/\/klubmamgdynia.pl\/index.php\/wp-json\/wp\/v2\/comments?post=2078"}],"wp:attachment":[{"href":"http:\/\/klubmamgdynia.pl\/index.php\/wp-json\/wp\/v2\/media?parent=2078"}],"wp:term":[{"taxonomy":"product_cat","embeddable":true,"href":"http:\/\/klubmamgdynia.pl\/index.php\/wp-json\/wp\/v2\/product_cat?post=2078"},{"taxonomy":"product_tag","embeddable":true,"href":"http:\/\/klubmamgdynia.pl\/index.php\/wp-json\/wp\/v2\/product_tag?post=2078"}],"curies":[{"name":"wp","href":"https:\/\/api.w.org\/{rel}","templated":true}]}}