{"id":2081,"date":"2011-01-20T23:18:03","date_gmt":"2011-01-20T22:18:03","guid":{"rendered":"http:\/\/klubmamgdynia.pl\/index.php\/produkt\/2081\/"},"modified":"2026-05-17T22:49:29","modified_gmt":"2026-05-17T20:49:29","slug":"2081","status":"publish","type":"product","link":"http:\/\/klubmamgdynia.pl\/index.php\/produkt\/2081\/","title":{"rendered":""},"content":{"rendered":"<h2> <\/h2>\n<p>aaa kotki dwa tekst, jan pawe\u0142 2 rysunek \u0142atwy dla dzieci, stare wiersze dla dzieci, testy katarynka, zabawy miko\u0142ajkowe dla dzieci, kolorowanka lato, liwia imi\u0119, zabawka na roczek dla ch\u0142opca, stare wierszyki dla dzieci, kotki kolorowanka, prezent na roczek dla chlopca, sara, test z lektury opowie\u015bci z narnii lew czarownica i stara szafa z odpowiedziami, m\u0105dra my\u015bl na dobranoc, stare bajki<\/p>\n<p>yyyyy<\/p>\n<p>&nbsp;<\/p>\n","protected":false},"excerpt":{"rendered":"<p>aaa kotki dwa tekst, jan pawe\u0142 2 rysunek \u0142atwy dla dzieci, stare wiersze dla dzieci, testy katarynka, zabawy miko\u0142ajkowe dla dzieci, kolorowanka lato, liwia imi\u0119, zabawka na roczek dla ch\u0142opca, stare wierszyki dla dzieci, kotki kolorowanka, prezent na roczek dla chlopca, sara, test z lektury opowie\u015bci z narnii lew czarownica i stara szafa z odpowiedziami, [&hellip;]<\/p>\n","protected":false},"featured_media":0,"comment_status":"closed","ping_status":"open","template":"","meta":[],"product_cat":[],"product_tag":[837,783,812,623],"class_list":["post-2081","product","type-product","status-publish","hentry","product_tag-cicha-noc-po-angielsku","product_tag-prezenty-na-roczek-dla-chlopca","product_tag-zagadki-logiczne-na-inteligencje","product_tag-zagadki-logiczne-smieszne"],"_links":{"self":[{"href":"http:\/\/klubmamgdynia.pl\/index.php\/wp-json\/wp\/v2\/product\/2081","targetHints":{"allow":["GET"]}}],"collection":[{"href":"http:\/\/klubmamgdynia.pl\/index.php\/wp-json\/wp\/v2\/product"}],"about":[{"href":"http:\/\/klubmamgdynia.pl\/index.php\/wp-json\/wp\/v2\/types\/product"}],"replies":[{"embeddable":true,"href":"http:\/\/klubmamgdynia.pl\/index.php\/wp-json\/wp\/v2\/comments?post=2081"}],"wp:attachment":[{"href":"http:\/\/klubmamgdynia.pl\/index.php\/wp-json\/wp\/v2\/media?parent=2081"}],"wp:term":[{"taxonomy":"product_cat","embeddable":true,"href":"http:\/\/klubmamgdynia.pl\/index.php\/wp-json\/wp\/v2\/product_cat?post=2081"},{"taxonomy":"product_tag","embeddable":true,"href":"http:\/\/klubmamgdynia.pl\/index.php\/wp-json\/wp\/v2\/product_tag?post=2081"}],"curies":[{"name":"wp","href":"https:\/\/api.w.org\/{rel}","templated":true}]}}