{"id":2082,"date":"2016-08-06T07:47:13","date_gmt":"2016-08-06T05:47:13","guid":{"rendered":"http:\/\/klubmamgdynia.pl\/index.php\/produkt\/2082\/"},"modified":"2026-04-29T19:10:15","modified_gmt":"2026-04-29T17:10:15","slug":"2082","status":"publish","type":"product","link":"http:\/\/klubmamgdynia.pl\/index.php\/produkt\/2082\/","title":{"rendered":""},"content":{"rendered":"<h2> <\/h2>\n<p>kolorowe listki tekst, test miko\u0142ajek, prezenty dla nastolatk\u00f3w, gda\u0144sk atrakcje dla m\u0142odzie\u017cy, auto kolorowanka, kolorowanki harry potter, malowanki, maska do druku, sta\u0142a pod \u015bniegiem, spos\u00f3b na elfa test, quiz o samochodach, imi\u0119 pola, imie nadia, szymon znaczenie imiona, cytat z kubusia puchatka o mi\u0142o\u015bci, imiona \u017ce\u0144skie nietypowe<\/p>\n<p>yyyyy<\/p>\n<p>&nbsp;<\/p>\n","protected":false},"excerpt":{"rendered":"<p>kolorowe listki tekst, test miko\u0142ajek, prezenty dla nastolatk\u00f3w, gda\u0144sk atrakcje dla m\u0142odzie\u017cy, auto kolorowanka, kolorowanki harry potter, malowanki, maska do druku, sta\u0142a pod \u015bniegiem, spos\u00f3b na elfa test, quiz o samochodach, imi\u0119 pola, imie nadia, szymon znaczenie imiona, cytat z kubusia puchatka o mi\u0142o\u015bci, imiona \u017ce\u0144skie nietypowe yyyyy &nbsp;<\/p>\n","protected":false},"featured_media":0,"comment_status":"closed","ping_status":"open","template":"","meta":[],"product_cat":[],"product_tag":[829,761,787,640,841,746],"class_list":["post-2082","product","type-product","status-publish","hentry","product_tag-bajki-do-czytania-na-dobranoc","product_tag-choinko-piekna-jak-las-tekst","product_tag-nauka-pisania-wyrazow-dla-dzieci-do-druku-pdf","product_tag-prezent-dla-rocznej-dziewczynki","product_tag-quiz-o-flagach","product_tag-zagadki-typu-co-to-jest"],"_links":{"self":[{"href":"http:\/\/klubmamgdynia.pl\/index.php\/wp-json\/wp\/v2\/product\/2082","targetHints":{"allow":["GET"]}}],"collection":[{"href":"http:\/\/klubmamgdynia.pl\/index.php\/wp-json\/wp\/v2\/product"}],"about":[{"href":"http:\/\/klubmamgdynia.pl\/index.php\/wp-json\/wp\/v2\/types\/product"}],"replies":[{"embeddable":true,"href":"http:\/\/klubmamgdynia.pl\/index.php\/wp-json\/wp\/v2\/comments?post=2082"}],"wp:attachment":[{"href":"http:\/\/klubmamgdynia.pl\/index.php\/wp-json\/wp\/v2\/media?parent=2082"}],"wp:term":[{"taxonomy":"product_cat","embeddable":true,"href":"http:\/\/klubmamgdynia.pl\/index.php\/wp-json\/wp\/v2\/product_cat?post=2082"},{"taxonomy":"product_tag","embeddable":true,"href":"http:\/\/klubmamgdynia.pl\/index.php\/wp-json\/wp\/v2\/product_tag?post=2082"}],"curies":[{"name":"wp","href":"https:\/\/api.w.org\/{rel}","templated":true}]}}