{"id":2083,"date":"2011-10-09T01:14:23","date_gmt":"2011-10-08T23:14:23","guid":{"rendered":"http:\/\/klubmamgdynia.pl\/index.php\/produkt\/ktory-zmiesci-sie-do-kieszeni-w-kurtce-lub-w-malej-torebce-posiada-wiele-przegrodek-na-karty-i-dokumenty\/"},"modified":"2026-04-18T21:17:40","modified_gmt":"2026-04-18T19:17:40","slug":"ktory-zmiesci-sie-do-kieszeni-w-kurtce-lub-w-malej-torebce-posiada-wiele-przegrodek-na-karty-i-dokumenty","status":"publish","type":"product","link":"http:\/\/klubmamgdynia.pl\/index.php\/produkt\/ktory-zmiesci-sie-do-kieszeni-w-kurtce-lub-w-malej-torebce-posiada-wiele-przegrodek-na-karty-i-dokumenty\/","title":{"rendered":"kt\u00f3ry zmie\u015bci si\u0119 do kieszeni w kurtce lub w ma\u0142ej torebce. Posiada wiele przegr\u00f3dek na karty i dokumenty"},"content":{"rendered":"<h2>kt\u00f3ry zmie\u015bci si\u0119 do kieszeni w kurtce lub w ma\u0142ej torebce. Posiada wiele przegr\u00f3dek na karty i dokumenty <\/h2>\n<p>bajka terapeutyczna o dokuczaniu, znaczenie imienia milan, rozrywka dla dzieci, imi\u0119 r\u00f3\u017ca, pomys\u0142 na prezent dla nastolatk\u00f3w, kr\u00f3tkie czytanki dla dzieci do wydruku, test z lektury opowie\u015bci z narnii lew czarownica i stara szafa, julian, dobranoc pch\u0142y na noc, ozdoby wielkanocne kt\u00f3re mog\u0105 zrobi\u0107 dzieci, nauka zegara do druku<\/p>\n<p>yyyyy<\/p>\n<p>&nbsp;<\/p>\n","protected":false},"excerpt":{"rendered":"<p>kt\u00f3ry zmie\u015bci si\u0119 do kieszeni w kurtce lub w ma\u0142ej torebce. Posiada wiele przegr\u00f3dek na karty i dokumenty bajka terapeutyczna o dokuczaniu, znaczenie imienia milan, rozrywka dla dzieci, imi\u0119 r\u00f3\u017ca, pomys\u0142 na prezent dla nastolatk\u00f3w, kr\u00f3tkie czytanki dla dzieci do wydruku, test z lektury opowie\u015bci z narnii lew czarownica i stara szafa, julian, dobranoc pch\u0142y [&hellip;]<\/p>\n","protected":false},"featured_media":0,"comment_status":"closed","ping_status":"open","template":"","meta":[],"product_cat":[],"product_tag":[795,835,649],"class_list":["post-2083","product","type-product","status-publish","hentry","product_tag-mini-zoo-warszawa","product_tag-radosc-dziecka-cytaty","product_tag-zagadki-dla-nastolatkow"],"_links":{"self":[{"href":"http:\/\/klubmamgdynia.pl\/index.php\/wp-json\/wp\/v2\/product\/2083","targetHints":{"allow":["GET"]}}],"collection":[{"href":"http:\/\/klubmamgdynia.pl\/index.php\/wp-json\/wp\/v2\/product"}],"about":[{"href":"http:\/\/klubmamgdynia.pl\/index.php\/wp-json\/wp\/v2\/types\/product"}],"replies":[{"embeddable":true,"href":"http:\/\/klubmamgdynia.pl\/index.php\/wp-json\/wp\/v2\/comments?post=2083"}],"wp:attachment":[{"href":"http:\/\/klubmamgdynia.pl\/index.php\/wp-json\/wp\/v2\/media?parent=2083"}],"wp:term":[{"taxonomy":"product_cat","embeddable":true,"href":"http:\/\/klubmamgdynia.pl\/index.php\/wp-json\/wp\/v2\/product_cat?post=2083"},{"taxonomy":"product_tag","embeddable":true,"href":"http:\/\/klubmamgdynia.pl\/index.php\/wp-json\/wp\/v2\/product_tag?post=2083"}],"curies":[{"name":"wp","href":"https:\/\/api.w.org\/{rel}","templated":true}]}}