{"id":2084,"date":"2014-12-16T02:01:35","date_gmt":"2014-12-16T01:01:35","guid":{"rendered":"http:\/\/klubmamgdynia.pl\/index.php\/produkt\/2084\/"},"modified":"2026-04-08T12:47:22","modified_gmt":"2026-04-08T10:47:22","slug":"2084","status":"publish","type":"product","link":"http:\/\/klubmamgdynia.pl\/index.php\/produkt\/2084\/","title":{"rendered":""},"content":{"rendered":"<h2> <\/h2>\n<p>dawne ko\u0142ysanki teksty, trudne zagadki z odpowiedziami, quizy o minecraft, prezent dla m\u0142odzie\u017cy, anastazja imi\u0119, god\u0142o polski do druku, prezent dla pi\u0119tnastolatka, zaproszenie na urodziny do druku, mi\u0142o\u015b\u0107 do dziecka cytaty, natalia, prezent dla rocznego dziecka, poczytaj mi wiersz, s\u0142owa do przyjaciela, cytaty dziecko, zagadki na inteligencj\u0119 z odpowiedziami, julian, sk\u0142adniki do pizzy kolorowanka, spongebob kolorowanka, super zings kolorowanki, kolorowanki z bajek, proste zagadki<\/p>\n<p>yyyyy<\/p>\n<p>&nbsp;<\/p>\n","protected":false},"excerpt":{"rendered":"<p>dawne ko\u0142ysanki teksty, trudne zagadki z odpowiedziami, quizy o minecraft, prezent dla m\u0142odzie\u017cy, anastazja imi\u0119, god\u0142o polski do druku, prezent dla pi\u0119tnastolatka, zaproszenie na urodziny do druku, mi\u0142o\u015b\u0107 do dziecka cytaty, natalia, prezent dla rocznego dziecka, poczytaj mi wiersz, s\u0142owa do przyjaciela, cytaty dziecko, zagadki na inteligencj\u0119 z odpowiedziami, julian, sk\u0142adniki do pizzy kolorowanka, spongebob [&hellip;]<\/p>\n","protected":false},"featured_media":0,"comment_status":"closed","ping_status":"open","template":"","meta":[],"product_cat":[],"product_tag":[781,854,749,684,627],"class_list":["post-2084","product","type-product","status-publish","hentry","product_tag-cytaty-o-wychowaniu-dzieci","product_tag-cytaty-rodzina","product_tag-najlepsze-zarty-na-prima-aprilis","product_tag-prezent-dla-dziewczynki-na-roczek","product_tag-quiz-dzieci-z-bullerbyn"],"_links":{"self":[{"href":"http:\/\/klubmamgdynia.pl\/index.php\/wp-json\/wp\/v2\/product\/2084","targetHints":{"allow":["GET"]}}],"collection":[{"href":"http:\/\/klubmamgdynia.pl\/index.php\/wp-json\/wp\/v2\/product"}],"about":[{"href":"http:\/\/klubmamgdynia.pl\/index.php\/wp-json\/wp\/v2\/types\/product"}],"replies":[{"embeddable":true,"href":"http:\/\/klubmamgdynia.pl\/index.php\/wp-json\/wp\/v2\/comments?post=2084"}],"wp:attachment":[{"href":"http:\/\/klubmamgdynia.pl\/index.php\/wp-json\/wp\/v2\/media?parent=2084"}],"wp:term":[{"taxonomy":"product_cat","embeddable":true,"href":"http:\/\/klubmamgdynia.pl\/index.php\/wp-json\/wp\/v2\/product_cat?post=2084"},{"taxonomy":"product_tag","embeddable":true,"href":"http:\/\/klubmamgdynia.pl\/index.php\/wp-json\/wp\/v2\/product_tag?post=2084"}],"curies":[{"name":"wp","href":"https:\/\/api.w.org\/{rel}","templated":true}]}}