{"id":2085,"date":"2022-03-10T12:42:33","date_gmt":"2022-03-10T11:42:33","guid":{"rendered":"http:\/\/klubmamgdynia.pl\/index.php\/produkt\/2085\/"},"modified":"2026-04-04T10:21:39","modified_gmt":"2026-04-04T08:21:39","slug":"2085","status":"publish","type":"product","link":"http:\/\/klubmamgdynia.pl\/index.php\/produkt\/2085\/","title":{"rendered":""},"content":{"rendered":"<h2> <\/h2>\n<p>trudne zagadki wielkanocne, nauka pisania literek do wydruku pdf, quiz o minecraft, cytaty o mi\u0142o\u015bci do dziecka, kaczuszka, quiz o miko\u0142ajku<\/p>\n<p>yyyyy<\/p>\n<p>&nbsp;<\/p>\n","protected":false},"excerpt":{"rendered":"<p>trudne zagadki wielkanocne, nauka pisania literek do wydruku pdf, quiz o minecraft, cytaty o mi\u0142o\u015bci do dziecka, kaczuszka, quiz o miko\u0142ajku yyyyy &nbsp;<\/p>\n","protected":false},"featured_media":0,"comment_status":"closed","ping_status":"open","template":"","meta":[],"product_cat":[],"product_tag":[801,819,670],"class_list":["post-2085","product","type-product","status-publish","hentry","product_tag-bajki-terapeutyczne-o-emocjach","product_tag-co-kupic-nastolatce-na-swieta","product_tag-irma"],"_links":{"self":[{"href":"http:\/\/klubmamgdynia.pl\/index.php\/wp-json\/wp\/v2\/product\/2085","targetHints":{"allow":["GET"]}}],"collection":[{"href":"http:\/\/klubmamgdynia.pl\/index.php\/wp-json\/wp\/v2\/product"}],"about":[{"href":"http:\/\/klubmamgdynia.pl\/index.php\/wp-json\/wp\/v2\/types\/product"}],"replies":[{"embeddable":true,"href":"http:\/\/klubmamgdynia.pl\/index.php\/wp-json\/wp\/v2\/comments?post=2085"}],"wp:attachment":[{"href":"http:\/\/klubmamgdynia.pl\/index.php\/wp-json\/wp\/v2\/media?parent=2085"}],"wp:term":[{"taxonomy":"product_cat","embeddable":true,"href":"http:\/\/klubmamgdynia.pl\/index.php\/wp-json\/wp\/v2\/product_cat?post=2085"},{"taxonomy":"product_tag","embeddable":true,"href":"http:\/\/klubmamgdynia.pl\/index.php\/wp-json\/wp\/v2\/product_tag?post=2085"}],"curies":[{"name":"wp","href":"https:\/\/api.w.org\/{rel}","templated":true}]}}