{"id":2086,"date":"2019-05-11T15:54:56","date_gmt":"2019-05-11T13:54:56","guid":{"rendered":"http:\/\/klubmamgdynia.pl\/index.php\/produkt\/2086\/"},"modified":"2026-04-29T12:38:37","modified_gmt":"2026-04-29T10:38:37","slug":"2086","status":"publish","type":"product","link":"http:\/\/klubmamgdynia.pl\/index.php\/produkt\/2086\/","title":{"rendered":""},"content":{"rendered":"<h2> <\/h2>\n<p>kolorowanki pokemon do druku, plan lekcji do druku, prezent roczek dziewczynka, dzie\u0144 matki w\u0142asnor\u0119czny prezent dla mamy od dziecka, prezent dla 19 latka, kawa\u0142y na prima aprilis dla rodzic\u00f3w, wierszyk o wakacjach, sentencja dla dziecka, kolorowanki kotki, kolorowanka peppa do druku, zyczenia walentynkowe dla dzieci, test z lektury dynastia mizio\u0142k\u00f3w, by\u0142 sobie kr\u00f3l, upominek dla nastolatk\u00f3w<\/p>\n<p>yyyyy<\/p>\n<p>&nbsp;<\/p>\n","protected":false},"excerpt":{"rendered":"<p>kolorowanki pokemon do druku, plan lekcji do druku, prezent roczek dziewczynka, dzie\u0144 matki w\u0142asnor\u0119czny prezent dla mamy od dziecka, prezent dla 19 latka, kawa\u0142y na prima aprilis dla rodzic\u00f3w, wierszyk o wakacjach, sentencja dla dziecka, kolorowanki kotki, kolorowanka peppa do druku, zyczenia walentynkowe dla dzieci, test z lektury dynastia mizio\u0142k\u00f3w, by\u0142 sobie kr\u00f3l, upominek dla [&hellip;]<\/p>\n","protected":false},"featured_media":0,"comment_status":"closed","ping_status":"open","template":"","meta":[],"product_cat":[],"product_tag":[772,789,645,724],"class_list":["post-2086","product","type-product","status-publish","hentry","product_tag-45-panstw-europy-i-ich-stolice-quiz","product_tag-kaczuszka","product_tag-latwe-zagadki","product_tag-zagadki-podchwytliwe"],"_links":{"self":[{"href":"http:\/\/klubmamgdynia.pl\/index.php\/wp-json\/wp\/v2\/product\/2086","targetHints":{"allow":["GET"]}}],"collection":[{"href":"http:\/\/klubmamgdynia.pl\/index.php\/wp-json\/wp\/v2\/product"}],"about":[{"href":"http:\/\/klubmamgdynia.pl\/index.php\/wp-json\/wp\/v2\/types\/product"}],"replies":[{"embeddable":true,"href":"http:\/\/klubmamgdynia.pl\/index.php\/wp-json\/wp\/v2\/comments?post=2086"}],"wp:attachment":[{"href":"http:\/\/klubmamgdynia.pl\/index.php\/wp-json\/wp\/v2\/media?parent=2086"}],"wp:term":[{"taxonomy":"product_cat","embeddable":true,"href":"http:\/\/klubmamgdynia.pl\/index.php\/wp-json\/wp\/v2\/product_cat?post=2086"},{"taxonomy":"product_tag","embeddable":true,"href":"http:\/\/klubmamgdynia.pl\/index.php\/wp-json\/wp\/v2\/product_tag?post=2086"}],"curies":[{"name":"wp","href":"https:\/\/api.w.org\/{rel}","templated":true}]}}