{"id":2087,"date":"2021-01-10T09:15:55","date_gmt":"2021-01-10T08:15:55","guid":{"rendered":"http:\/\/klubmamgdynia.pl\/index.php\/produkt\/ktora-zachwyci-twoje-dziecko-w-zestawie-znajduje-sie-domek-oraz-jedna-ekskluzywna-figurka-domki-mozna-laczyc\/"},"modified":"2026-05-17T23:17:02","modified_gmt":"2026-05-17T21:17:02","slug":"ktora-zachwyci-twoje-dziecko-w-zestawie-znajduje-sie-domek-oraz-jedna-ekskluzywna-figurka-domki-mozna-laczyc","status":"publish","type":"product","link":"http:\/\/klubmamgdynia.pl\/index.php\/produkt\/ktora-zachwyci-twoje-dziecko-w-zestawie-znajduje-sie-domek-oraz-jedna-ekskluzywna-figurka-domki-mozna-laczyc\/","title":{"rendered":"kt\u00f3ra zachwyci Twoje dziecko.W zestawie znajduje si\u0119 domek oraz jedna ekskluzywna figurka.Domki mo\u017cna \u0142\u0105czy\u0107"},"content":{"rendered":"<p>wymieniaj<\/p>\n<h2>kt\u00f3ra zachwyci Twoje dziecko.W zestawie znajduje si\u0119 domek oraz jedna ekskluzywna figurka.Domki mo\u017cna \u0142\u0105czy\u0107 powi\u0119kszaj swoj\u0105 kolekcj\u0119!Zestaw stanowi \u015bwietny dodatek do pozosta\u0142ych zabawek z serii The Ugglys Pet Shop!<\/h2>\n<p>zaj\u0119cia kulinarne dla dzieci pomys\u0142y, kolorowanki do druku peppa, quiz o dinozaurach, quizy i zagadki wielkanocne, sentencje napisy cytaty o rodzinie, prezent dla nastoletniego ch\u0142opca, eksperymenty dla dzieci wulkan, darmowe kolorowanki kolorowanki dla dziewczynek<\/p>\n<p>yyyyy<\/p>\n<p>&nbsp;<\/p>\n","protected":false},"excerpt":{"rendered":"<p>wymieniaj kt\u00f3ra zachwyci Twoje dziecko.W zestawie znajduje si\u0119 domek oraz jedna ekskluzywna figurka.Domki mo\u017cna \u0142\u0105czy\u0107 powi\u0119kszaj swoj\u0105 kolekcj\u0119!Zestaw stanowi \u015bwietny dodatek do pozosta\u0142ych zabawek z serii The Ugglys Pet Shop! zaj\u0119cia kulinarne dla dzieci pomys\u0142y, kolorowanki do druku peppa, quiz o dinozaurach, quizy i zagadki wielkanocne, sentencje napisy cytaty o rodzinie, prezent dla nastoletniego ch\u0142opca, [&hellip;]<\/p>\n","protected":false},"featured_media":0,"comment_status":"closed","ping_status":"open","template":"","meta":[],"product_cat":[524],"product_tag":[852,797,752,855,759],"class_list":["post-2087","product","type-product","status-publish","hentry","product_cat-powiekszaj-swoja-kolekcjezestaw-stanowi-swietny-dodatek-do-pozostalych-zabawek-z-serii-the-ugglys-pet-shop","product_tag-jak-zrobic-samolot-z-papieru","product_tag-kiekrz","product_tag-kuba-imie","product_tag-nietypowe-imiona-zenskie","product_tag-pomysly-na-prezent-dla-nastolatkow"],"_links":{"self":[{"href":"http:\/\/klubmamgdynia.pl\/index.php\/wp-json\/wp\/v2\/product\/2087","targetHints":{"allow":["GET"]}}],"collection":[{"href":"http:\/\/klubmamgdynia.pl\/index.php\/wp-json\/wp\/v2\/product"}],"about":[{"href":"http:\/\/klubmamgdynia.pl\/index.php\/wp-json\/wp\/v2\/types\/product"}],"replies":[{"embeddable":true,"href":"http:\/\/klubmamgdynia.pl\/index.php\/wp-json\/wp\/v2\/comments?post=2087"}],"wp:attachment":[{"href":"http:\/\/klubmamgdynia.pl\/index.php\/wp-json\/wp\/v2\/media?parent=2087"}],"wp:term":[{"taxonomy":"product_cat","embeddable":true,"href":"http:\/\/klubmamgdynia.pl\/index.php\/wp-json\/wp\/v2\/product_cat?post=2087"},{"taxonomy":"product_tag","embeddable":true,"href":"http:\/\/klubmamgdynia.pl\/index.php\/wp-json\/wp\/v2\/product_tag?post=2087"}],"curies":[{"name":"wp","href":"https:\/\/api.w.org\/{rel}","templated":true}]}}