{"id":2088,"date":"2021-07-12T07:27:40","date_gmt":"2021-07-12T05:27:40","guid":{"rendered":"http:\/\/klubmamgdynia.pl\/index.php\/produkt\/ktore-stwarzaja-ryzyko-polkniecia-lub-zadlawienia-prosimy-zachowac-opakowanie-ze-wzgledu-na-zawarte-informacje-lub-ewentualna-reklamacje-prosimy-usunac-opakowanie-przed-udostepnieniem-zabawki-dzieck\/"},"modified":"2026-05-17T21:23:53","modified_gmt":"2026-05-17T19:23:53","slug":"ktore-stwarzaja-ryzyko-polkniecia-lub-zadlawienia-prosimy-zachowac-opakowanie-ze-wzgledu-na-zawarte-informacje-lub-ewentualna-reklamacje-prosimy-usunac-opakowanie-przed-udostepnieniem-zabawki-dzieck","status":"publish","type":"product","link":"http:\/\/klubmamgdynia.pl\/index.php\/produkt\/ktore-stwarzaja-ryzyko-polkniecia-lub-zadlawienia-prosimy-zachowac-opakowanie-ze-wzgledu-na-zawarte-informacje-lub-ewentualna-reklamacje-prosimy-usunac-opakowanie-przed-udostepnieniem-zabawki-dzieck\/","title":{"rendered":"kt\u00f3re stwarzaj\u0105 ryzyko po\u0142kni\u0119cia lub zad\u0142awienia. Prosimy zachowa\u0107 opakowanie ze wzgl\u0119du na zawarte informacje lub ewentualn\u0105 reklamacj\u0119. Prosimy usun\u0105\u0107 opakowanie przed udost\u0119pnieniem zabawki dziecku."},"content":{"rendered":"<h2>kt\u00f3re stwarzaj\u0105 ryzyko po\u0142kni\u0119cia lub zad\u0142awienia. Prosimy zachowa\u0107 opakowanie ze wzgl\u0119du na zawarte informacje lub ewentualn\u0105 reklamacj\u0119. Prosimy usun\u0105\u0107 opakowanie przed udost\u0119pnieniem zabawki dziecku. <\/h2>\n<p>quiz o samochodach, kolorowanki z bajek, marcel imi\u0119, ma\u0142y ksi\u0105\u017c\u0119 cytaty o przyja\u017ani, zagadki matematyczne logiczne, \u017carty na prima aprilis w domu, kajko i kokosz szko\u0142a latania test z odpowiedziami, drzewo genealogiczne do druku, bajka terapeutyczna o dokuczaniu, mapa polski do druku, zagadki dla doros\u0142ych z odpowiedziami, bajka o \u017cabie<\/p>\n<p>yyyyy<\/p>\n<p>&nbsp;<\/p>\n","protected":false},"excerpt":{"rendered":"<p>kt\u00f3re stwarzaj\u0105 ryzyko po\u0142kni\u0119cia lub zad\u0142awienia. Prosimy zachowa\u0107 opakowanie ze wzgl\u0119du na zawarte informacje lub ewentualn\u0105 reklamacj\u0119. Prosimy usun\u0105\u0107 opakowanie przed udost\u0119pnieniem zabawki dziecku. quiz o samochodach, kolorowanki z bajek, marcel imi\u0119, ma\u0142y ksi\u0105\u017c\u0119 cytaty o przyja\u017ani, zagadki matematyczne logiczne, \u017carty na prima aprilis w domu, kajko i kokosz szko\u0142a latania test z odpowiedziami, drzewo [&hellip;]<\/p>\n","protected":false},"featured_media":0,"comment_status":"closed","ping_status":"open","template":"","meta":[],"product_cat":[],"product_tag":[829,648,663,620],"class_list":["post-2088","product","type-product","status-publish","hentry","product_tag-bajki-do-czytania-na-dobranoc","product_tag-dobrej-nocy-i-sza","product_tag-kolorowanki-dla-dzieci-do-druku","product_tag-quiz-opowiesci-z-narnii"],"_links":{"self":[{"href":"http:\/\/klubmamgdynia.pl\/index.php\/wp-json\/wp\/v2\/product\/2088","targetHints":{"allow":["GET"]}}],"collection":[{"href":"http:\/\/klubmamgdynia.pl\/index.php\/wp-json\/wp\/v2\/product"}],"about":[{"href":"http:\/\/klubmamgdynia.pl\/index.php\/wp-json\/wp\/v2\/types\/product"}],"replies":[{"embeddable":true,"href":"http:\/\/klubmamgdynia.pl\/index.php\/wp-json\/wp\/v2\/comments?post=2088"}],"wp:attachment":[{"href":"http:\/\/klubmamgdynia.pl\/index.php\/wp-json\/wp\/v2\/media?parent=2088"}],"wp:term":[{"taxonomy":"product_cat","embeddable":true,"href":"http:\/\/klubmamgdynia.pl\/index.php\/wp-json\/wp\/v2\/product_cat?post=2088"},{"taxonomy":"product_tag","embeddable":true,"href":"http:\/\/klubmamgdynia.pl\/index.php\/wp-json\/wp\/v2\/product_tag?post=2088"}],"curies":[{"name":"wp","href":"https:\/\/api.w.org\/{rel}","templated":true}]}}