{"id":2089,"date":"2020-02-03T12:45:38","date_gmt":"2020-02-03T11:45:38","guid":{"rendered":"http:\/\/klubmamgdynia.pl\/index.php\/produkt\/2089\/"},"modified":"2026-04-06T15:39:33","modified_gmt":"2026-04-06T13:39:33","slug":"2089","status":"publish","type":"product","link":"http:\/\/klubmamgdynia.pl\/index.php\/produkt\/2089\/","title":{"rendered":""},"content":{"rendered":"<h2> <\/h2>\n<p>kolorowanka pies, zabawy z pi\u0142k\u0105 dla dzieci, prezenty dla 7 latka, wiosenne zagadki, maly kotek kotek kolorowanka, rodzina sentencja, szablon zaproszenia na urodziny do wydruku czarno bia\u0142e, \u0142\u00f3d\u017a atrakcje dla dzieci, po \u0142\u0105ce biega lato tekst, kucyki pony kolorowanka, straszne filmy dla dzieci, miriam imi\u0119, kr\u00f3tkie bajki do czytania na dobranoc, cytat dziecko, wiersz o marzannie, kolorowanka peppa, wilga, cytaty korczak, znaczenie imienia milosz, quiz flagi europy, pisanki woskiem wzory<\/p>\n<p>yyyyy<\/p>\n<p>&nbsp;<\/p>\n","protected":false},"excerpt":{"rendered":"<p>kolorowanka pies, zabawy z pi\u0142k\u0105 dla dzieci, prezenty dla 7 latka, wiosenne zagadki, maly kotek kotek kolorowanka, rodzina sentencja, szablon zaproszenia na urodziny do wydruku czarno bia\u0142e, \u0142\u00f3d\u017a atrakcje dla dzieci, po \u0142\u0105ce biega lato tekst, kucyki pony kolorowanka, straszne filmy dla dzieci, miriam imi\u0119, kr\u00f3tkie bajki do czytania na dobranoc, cytat dziecko, wiersz o [&hellip;]<\/p>\n","protected":false},"featured_media":0,"comment_status":"closed","ping_status":"open","template":"","meta":[],"product_cat":[],"product_tag":[702,865,847,591,803],"class_list":["post-2089","product","type-product","status-publish","hentry","product_tag-co-kupic-na-roczek-dla-dziewczynki","product_tag-cytaty-o-dzieciach","product_tag-kolorowanki-pokemon","product_tag-quiz-o-minecraft","product_tag-szlaczki-do-druku"],"_links":{"self":[{"href":"http:\/\/klubmamgdynia.pl\/index.php\/wp-json\/wp\/v2\/product\/2089","targetHints":{"allow":["GET"]}}],"collection":[{"href":"http:\/\/klubmamgdynia.pl\/index.php\/wp-json\/wp\/v2\/product"}],"about":[{"href":"http:\/\/klubmamgdynia.pl\/index.php\/wp-json\/wp\/v2\/types\/product"}],"replies":[{"embeddable":true,"href":"http:\/\/klubmamgdynia.pl\/index.php\/wp-json\/wp\/v2\/comments?post=2089"}],"wp:attachment":[{"href":"http:\/\/klubmamgdynia.pl\/index.php\/wp-json\/wp\/v2\/media?parent=2089"}],"wp:term":[{"taxonomy":"product_cat","embeddable":true,"href":"http:\/\/klubmamgdynia.pl\/index.php\/wp-json\/wp\/v2\/product_cat?post=2089"},{"taxonomy":"product_tag","embeddable":true,"href":"http:\/\/klubmamgdynia.pl\/index.php\/wp-json\/wp\/v2\/product_tag?post=2089"}],"curies":[{"name":"wp","href":"https:\/\/api.w.org\/{rel}","templated":true}]}}