{"id":2095,"date":"2022-11-08T11:25:11","date_gmt":"2022-11-08T10:25:11","guid":{"rendered":"http:\/\/klubmamgdynia.pl\/?post_type=product&#038;p=2095"},"modified":"2026-05-01T11:53:34","modified_gmt":"2026-05-01T09:53:34","slug":"carrera-digital-132-porsche-kremer-935-k3-vaillant-no-51-30898","status":"publish","type":"product","link":"http:\/\/klubmamgdynia.pl\/index.php\/produkt\/carrera-digital-132-porsche-kremer-935-k3-vaillant-no-51-30898\/","title":{"rendered":"Carrera Digital 132 Porsche Kremer 935 K3 Vaillant No 51 30898"},"content":{"rendered":"<p>Samochody serii DIGITAL 132 wykonane zosta\u0142y w skali 1:32. Posiadaj\u0105 niesamowite osi\u0105gi: rzeczywiste przyspieszenia i hamowania. Wi\u0119kszo\u015b\u0107 wyposa\u017cona jest w dzia\u0142aj\u0105ce przednie i tylne \u015bwiat\u0142a. Seria DIGITAL 132  to samochody cyfrowo kontrolowane i indywidualnie kodowane, co umo\u017cliwia jednoczesne poruszanie si\u0119 a\u017c 4 aut na jednym torze jazdy (w jednym rowku). Wysokiej klasy, oryginalne wy\u015bcig\u00f3wki zosta\u0142y wyprodukowane w technice tampodruku z ogromn\u0105 dba\u0142o\u015bci\u0105 o szczeg\u00f3\u0142y. Wszystkie samochody tej serii przemieszczaj\u0105 si\u0119 na specjalnie skonstruowanych prowadnicach, mocowanych do zawieszenia.<\/p>\n<h2>Carrera Digital 132 Porsche Kremer 935 K3 Vaillant No 51 30898 Carrera<\/h2>\n<p>prezent dla ch\u0142opca 7 lat, quizy flagi, tekst ko\u0142ysanki, darmowe quizy, bajki dla dzieci online, malowanki dla dzieci, kolorowanki z bajek, praktyczny prezent dla rocznego dziecka, prezent na roczek dla dziewczynki<\/p>\n<p>yyyyy<\/p>\n<p>&nbsp;<\/p>\n","protected":false},"excerpt":{"rendered":"<p>Samochody serii DIGITAL 132 wykonane zosta\u0142y w skali 1:32. Posiadaj\u0105 niesamowite osi\u0105gi: rzeczywiste przyspieszenia i hamowania. Wi\u0119kszo\u015b\u0107 wyposa\u017cona jest w dzia\u0142aj\u0105ce przednie i tylne \u015bwiat\u0142a. Seria DIGITAL 132 to samochody cyfrowo kontrolowane i indywidualnie kodowane, co umo\u017cliwia jednoczesne poruszanie si\u0119 a\u017c 4 aut na jednym torze jazdy (w jednym rowku). Wysokiej klasy, oryginalne wy\u015bcig\u00f3wki zosta\u0142y [&hellip;]<\/p>\n","protected":false},"featured_media":2096,"comment_status":"closed","ping_status":"open","template":"","meta":[],"product_cat":[140,470],"product_tag":[836,832,667,689,793],"class_list":["post-2095","product","type-product","status-publish","has-post-thumbnail","hentry","product_cat-carrera","product_cat-modele-zdalnie-sterowane","product_tag-co-kupic-dziecku-na-roczek","product_tag-desery-dla-dzieci","product_tag-kolorowanka-lol","product_tag-linda","product_tag-zagadki-smieszne-podchwytliwe"],"_links":{"self":[{"href":"http:\/\/klubmamgdynia.pl\/index.php\/wp-json\/wp\/v2\/product\/2095","targetHints":{"allow":["GET"]}}],"collection":[{"href":"http:\/\/klubmamgdynia.pl\/index.php\/wp-json\/wp\/v2\/product"}],"about":[{"href":"http:\/\/klubmamgdynia.pl\/index.php\/wp-json\/wp\/v2\/types\/product"}],"replies":[{"embeddable":true,"href":"http:\/\/klubmamgdynia.pl\/index.php\/wp-json\/wp\/v2\/comments?post=2095"}],"wp:featuredmedia":[{"embeddable":true,"href":"http:\/\/klubmamgdynia.pl\/index.php\/wp-json\/wp\/v2\/media\/2096"}],"wp:attachment":[{"href":"http:\/\/klubmamgdynia.pl\/index.php\/wp-json\/wp\/v2\/media?parent=2095"}],"wp:term":[{"taxonomy":"product_cat","embeddable":true,"href":"http:\/\/klubmamgdynia.pl\/index.php\/wp-json\/wp\/v2\/product_cat?post=2095"},{"taxonomy":"product_tag","embeddable":true,"href":"http:\/\/klubmamgdynia.pl\/index.php\/wp-json\/wp\/v2\/product_tag?post=2095"}],"curies":[{"name":"wp","href":"https:\/\/api.w.org\/{rel}","templated":true}]}}