{"id":2099,"date":"2017-01-23T18:50:42","date_gmt":"2017-01-23T17:50:42","guid":{"rendered":"http:\/\/klubmamgdynia.pl\/index.php\/produkt\/mattel-jurassic-world-stegosaurus-gvv64\/"},"modified":"2026-04-05T23:52:31","modified_gmt":"2026-04-05T21:52:31","slug":"mattel-jurassic-world-stegosaurus-gvv64","status":"publish","type":"product","link":"http:\/\/klubmamgdynia.pl\/index.php\/produkt\/mattel-jurassic-world-stegosaurus-gvv64\/","title":{"rendered":"Mattel Jurassic World Stegosaurus GVV64"},"content":{"rendered":"<p>Imaginext Jurassic World StegosaurusDziecko ruszy do akcji w \u015bwiecie Jurassic World, dzi\u0119ki temu zestawowi Imaginext z 2 fantastycznymi figurkami!                            <\/p>\n<p>Jest tutaj figurka dinozaura stegozaura i figurka doktora Alana Granta z nowego filmu \u201eJurassic World: Dominion\u201d. Dr Grant schwyta\u0142 stegozaura do bada\u0144, ale ten prehistoryczny gad szarpie si\u0119 i wyrywa z uprz\u0119\u017cy.                            <\/p>\n<p>Wystarczy, \u017ce dziecko obr\u00f3ci element Power Pad, a wprawi dinozaura w ruch. Stegozaur b\u0119dzie macha\u0142 ogonem i wyrywa\u0142 si\u0119 z za\u0142o\u017conej uprz\u0119\u017cy. B\u0119dzie tak\u017ce macha\u0142 g\u0142ow\u0105 na boki. Jego nogi r\u00f3wnie\u017c s\u0105 ruchome.                            <\/p>\n<p>Imaginext \u2013 zabawa z wyobra\u017ani\u0105<br \/>\nZestawy i figurki Imaginext, zaprojektowane przez Fisher-Price, pomagaj\u0105 dzieciom o\u017cywi\u0107 ich szalone, pe\u0142ne przyg\u00f3d historie. Maluchy uwielbiaj\u0105 to, \u017ce mog\u0105 by\u0107 bohaterami ratuj\u0105cymi potrzebuj\u0105cych, \u015bcigaj\u0105cymi dinozaury lub zapuszczaj\u0105cymi si\u0119 w mistyczne krainy. W ten spos\u00f3b ucz\u0105 si\u0119, \u017ce wyobra\u017ania nie ma granic.<\/p>\n<h2>Mattel Jurassic World Stegosaurus GVV64 Mattel<\/h2>\n<p>bal halloween dla dzieci 2021, inteligentne zagadki, oryginalny prezent dla nastolatk\u00f3w, miasto dzieci pl, ahmed, najrzadsze imiona w polsce, kolorowanki ninjago, quiz spos\u00f3b na alcybiadesa, kolorowanki super zings, kartka walentynkowa r\u0119cznie robiona \u0142atwa, maska kota, kolorowanki dla dziewczyn<\/p>\n<p>yyyyy<\/p>\n<p>&nbsp;<\/p>\n","protected":false},"excerpt":{"rendered":"<p>Imaginext Jurassic World StegosaurusDziecko ruszy do akcji w \u015bwiecie Jurassic World, dzi\u0119ki temu zestawowi Imaginext z 2 fantastycznymi figurkami! Jest tutaj figurka dinozaura stegozaura i figurka doktora Alana Granta z nowego filmu \u201eJurassic World: Dominion\u201d. Dr Grant schwyta\u0142 stegozaura do bada\u0144, ale ten prehistoryczny gad szarpie si\u0119 i wyrywa z uprz\u0119\u017cy. Wystarczy, \u017ce dziecko obr\u00f3ci [&hellip;]<\/p>\n","protected":false},"featured_media":2100,"comment_status":"closed","ping_status":"open","template":"","meta":[],"product_cat":[95,289],"product_tag":[658,838,796],"class_list":["post-2099","product","type-product","status-publish","has-post-thumbnail","hentry","product_cat-figurki-makiety-i-zestawy","product_cat-mattel","product_tag-alan-znaczenie-imienia","product_tag-bajki-dla-dzieci-na-dobranoc","product_tag-zagatki"],"_links":{"self":[{"href":"http:\/\/klubmamgdynia.pl\/index.php\/wp-json\/wp\/v2\/product\/2099","targetHints":{"allow":["GET"]}}],"collection":[{"href":"http:\/\/klubmamgdynia.pl\/index.php\/wp-json\/wp\/v2\/product"}],"about":[{"href":"http:\/\/klubmamgdynia.pl\/index.php\/wp-json\/wp\/v2\/types\/product"}],"replies":[{"embeddable":true,"href":"http:\/\/klubmamgdynia.pl\/index.php\/wp-json\/wp\/v2\/comments?post=2099"}],"wp:featuredmedia":[{"embeddable":true,"href":"http:\/\/klubmamgdynia.pl\/index.php\/wp-json\/wp\/v2\/media\/2100"}],"wp:attachment":[{"href":"http:\/\/klubmamgdynia.pl\/index.php\/wp-json\/wp\/v2\/media?parent=2099"}],"wp:term":[{"taxonomy":"product_cat","embeddable":true,"href":"http:\/\/klubmamgdynia.pl\/index.php\/wp-json\/wp\/v2\/product_cat?post=2099"},{"taxonomy":"product_tag","embeddable":true,"href":"http:\/\/klubmamgdynia.pl\/index.php\/wp-json\/wp\/v2\/product_tag?post=2099"}],"curies":[{"name":"wp","href":"https:\/\/api.w.org\/{rel}","templated":true}]}}