{"id":2101,"date":"2022-11-23T03:45:05","date_gmt":"2022-11-23T02:45:05","guid":{"rendered":"http:\/\/klubmamgdynia.pl\/?post_type=product&#038;p=2101"},"modified":"2026-05-17T23:00:46","modified_gmt":"2026-05-17T21:00:46","slug":"aig-duzy-czolg-zdalnie-sterowany-big-war-tank-efekty","status":"publish","type":"product","link":"http:\/\/klubmamgdynia.pl\/index.php\/produkt\/aig-duzy-czolg-zdalnie-sterowany-big-war-tank-efekty\/","title":{"rendered":"Aig Du\u017cy Czo\u0142g Zdalnie Sterowany Big War Tank Efekty"},"content":{"rendered":"<p>Czo\u0142g RC NO.9993 Zielony<\/p>\n<h2>Aig Du\u017cy Czo\u0142g Zdalnie Sterowany Big War Tank Efekty <\/h2>\n<p>test z lektury opowie\u015bci z narnii lew czarownica i stara szafa, roczek dziewczynki, kolorowanki \u015bwi\u0105teczne do druku pdf, kolorowanka myszka minnie, zabawy ruchowe dla dzieci w przedszkolu, kwiaty polne nazwy i zdj\u0119cia<\/p>\n<p>yyyyy<\/p>\n<p>&nbsp;<\/p>\n","protected":false},"excerpt":{"rendered":"<p>Czo\u0142g RC NO.9993 Zielony Aig Du\u017cy Czo\u0142g Zdalnie Sterowany Big War Tank Efekty test z lektury opowie\u015bci z narnii lew czarownica i stara szafa, roczek dziewczynki, kolorowanki \u015bwi\u0105teczne do druku pdf, kolorowanka myszka minnie, zabawy ruchowe dla dzieci w przedszkolu, kwiaty polne nazwy i zdj\u0119cia yyyyy &nbsp;<\/p>\n","protected":false},"featured_media":2102,"comment_status":"closed","ping_status":"open","template":"","meta":[],"product_cat":[337],"product_tag":[789,867,815,653],"class_list":["post-2101","product","type-product","status-publish","has-post-thumbnail","hentry","product_cat-zabawki-zdalnie-sterowane","product_tag-kaczuszka","product_tag-kolorowanki-dla-dziewczynek","product_tag-ozdoby-choinkowe-dla-dzieci","product_tag-warszawa-dla-dzieci"],"_links":{"self":[{"href":"http:\/\/klubmamgdynia.pl\/index.php\/wp-json\/wp\/v2\/product\/2101","targetHints":{"allow":["GET"]}}],"collection":[{"href":"http:\/\/klubmamgdynia.pl\/index.php\/wp-json\/wp\/v2\/product"}],"about":[{"href":"http:\/\/klubmamgdynia.pl\/index.php\/wp-json\/wp\/v2\/types\/product"}],"replies":[{"embeddable":true,"href":"http:\/\/klubmamgdynia.pl\/index.php\/wp-json\/wp\/v2\/comments?post=2101"}],"wp:featuredmedia":[{"embeddable":true,"href":"http:\/\/klubmamgdynia.pl\/index.php\/wp-json\/wp\/v2\/media\/2102"}],"wp:attachment":[{"href":"http:\/\/klubmamgdynia.pl\/index.php\/wp-json\/wp\/v2\/media?parent=2101"}],"wp:term":[{"taxonomy":"product_cat","embeddable":true,"href":"http:\/\/klubmamgdynia.pl\/index.php\/wp-json\/wp\/v2\/product_cat?post=2101"},{"taxonomy":"product_tag","embeddable":true,"href":"http:\/\/klubmamgdynia.pl\/index.php\/wp-json\/wp\/v2\/product_tag?post=2101"}],"curies":[{"name":"wp","href":"https:\/\/api.w.org\/{rel}","templated":true}]}}