{"id":2105,"date":"2011-12-05T11:19:22","date_gmt":"2011-12-05T10:19:22","guid":{"rendered":"http:\/\/klubmamgdynia.pl\/index.php\/produkt\/leantoys-dinozaur-tyranozaur-robot-interaktywny-zdalnie-sterowany-k18-programowanie-bialy\/"},"modified":"2026-04-27T15:02:51","modified_gmt":"2026-04-27T13:02:51","slug":"leantoys-dinozaur-tyranozaur-robot-interaktywny-zdalnie-sterowany-k18-programowanie-bialy","status":"publish","type":"product","link":"http:\/\/klubmamgdynia.pl\/index.php\/produkt\/leantoys-dinozaur-tyranozaur-robot-interaktywny-zdalnie-sterowany-k18-programowanie-bialy\/","title":{"rendered":"Leantoys Dinozaur Tyranozaur Robot Interaktywny Zdalnie Sterowany K18 Programowanie Bia\u0142y"},"content":{"rendered":"<p>Dinozaur Tyranozaur Robot Interaktywny Zdalnie Sterowany K18 Programowanie Bia\u0142yDinozaury ze wzgl\u0119du na swoje rozmiary i tajemniczo\u015b\u0107 s\u0105 bardzo popularnie w\u015br\u00f3d kilkuletnich ch\u0142opc\u00f3w. W takim wieku dzieci chc\u0105 mie\u0107 r\u00f3wnie\u017c swoje pierwsze zwierz\u0105tka. Dzi\u0119ki naszemu interaktywnemu Nowoczesnemu Dinozaurowi R\/C mo\u017cna spe\u0142ni\u0107 dwa marzenia za jednym razem!Dinozaur wygl\u0105da zar\u00f3wno poka\u017anie, jak i dynamicznie. Posiada paszcz\u0119 wyposa\u017con\u0105 w silne szcz\u0119ki, pot\u0119\u017cne ko\u0144czyny dolne oraz d\u0142ugi, biczowaty ogon. Na grzbiecie znajduje si\u0119 figurka ludzika, kt\u00f3ry steruje dinozaurem. Mechaniczne zwierz\u0119 posiada r\u00f3wnie\u017c elementy robotyczne &#8211; jego oczy \u015bwiec\u0105. W tle s\u0142ycha\u0107 muzyk\u0119, najlepsz\u0105 zalet\u0105 dinozaura jest programowanie. Dinozaur sterowany jest za pomoc\u0105 pilota, kt\u00f3ry wygodnie le\u017cy w d\u0142oni. Mo\u017cna za jego pomoc\u0105 wydawa\u0107 mu polecenia, posiada funkcj\u0119 nagrywania. Dinozaur b\u0119dzie reagowa\u0142 na funkcje takie jak poruszanie si\u0119 b\u0105d\u017a taniec. Do zestawu do\u0142\u0105czona jest instrukcja obs\u0142ugi.Funkcje:- realistyczne ruchy: obroty g\u0142owy, szyi i machanie ogonem- funkcja patrolowania- opcja programowania robota- 3 wersje melodii- mo\u017cliwo\u015b\u0107 sterowania robotem- poruszanie si\u0119 prz\u00f3d, ty\u0142, boki- przycisk-w kt\u00f3rym pokazuje wszystkie swoje zalety.- funkcja rozpoznawania mowy- funkcja nagrywania g\u0142osu, dzi\u0119ki czemu mo\u017cna zaprogramowa\u0107 dinozaura i wyda\u0107 polecenie np. skr\u0119\u0107 w lewo- przycisk usuni\u0119cia nagranego polecenia- regulacja g\u0142o\u015bno\u015bciElementy zestawu:- zdalnie sterowany dinozaur (zasilany 3,7 V\/ 500 mAh w zestawie)- pilot do zdalnego sterowania (zasilany 2x &#8222;AAA&#8221; 1.5V brak w zestawie)- instrukcja obs\u0142ugiWymiary dinozaura: 46 cm x 40 cm x 22 cmWymiary pilota:16 cm x 6 cm x 3 cmWymiary opakowania:46,5 cm x 14,5 cm x 14,5 cmZdalnie sterowany Tyranozaur przeznaczony jest dla dzieci powy\u017cej 3. roku \u017cycia. Zgodny z norm\u0105 EN71 i certyfikatem CE. Zabawka zawiera baterie 3,7 V\/ 500 mAh, natomiast pilot zasilany jest dwoma bateriamy 1,5 V AAA.<\/p>\n<h2>Leantoys Dinozaur Tyranozaur Robot Interaktywny Zdalnie Sterowany K18 Programowanie Bia\u0142y Lean Toys<\/h2>\n<p>zabawy dla dzieci 9-12 lat, kr\u00f3tkie bajki dla dzieci do czytania, piosenki dla dzieci tekst, obrazki do druku, test dynastia mizio\u0142k\u00f3w, cytat matka, zaproszenia na urodziny dla dzieci do druku, p\u0142atki \u015bniegu szablon, otto<\/p>\n<p>yyyyy<\/p>\n<p>&nbsp;<\/p>\n","protected":false},"excerpt":{"rendered":"<p>Dinozaur Tyranozaur Robot Interaktywny Zdalnie Sterowany K18 Programowanie Bia\u0142yDinozaury ze wzgl\u0119du na swoje rozmiary i tajemniczo\u015b\u0107 s\u0105 bardzo popularnie w\u015br\u00f3d kilkuletnich ch\u0142opc\u00f3w. W takim wieku dzieci chc\u0105 mie\u0107 r\u00f3wnie\u017c swoje pierwsze zwierz\u0105tka. Dzi\u0119ki naszemu interaktywnemu Nowoczesnemu Dinozaurowi R\/C mo\u017cna spe\u0142ni\u0107 dwa marzenia za jednym razem!Dinozaur wygl\u0105da zar\u00f3wno poka\u017anie, jak i dynamicznie. Posiada paszcz\u0119 wyposa\u017con\u0105 w [&hellip;]<\/p>\n","protected":false},"featured_media":2106,"comment_status":"closed","ping_status":"open","template":"","meta":[],"product_cat":[73,337],"product_tag":[839,599,724,800],"class_list":["post-2105","product","type-product","status-publish","has-post-thumbnail","hentry","product_cat-lean-toys","product_cat-zabawki-zdalnie-sterowane","product_tag-bajki-na-dobranoc-do-czytania","product_tag-prezent-dla-nastolatkow-2021","product_tag-zagadki-podchwytliwe","product_tag-zagadki-smieszne"],"_links":{"self":[{"href":"http:\/\/klubmamgdynia.pl\/index.php\/wp-json\/wp\/v2\/product\/2105","targetHints":{"allow":["GET"]}}],"collection":[{"href":"http:\/\/klubmamgdynia.pl\/index.php\/wp-json\/wp\/v2\/product"}],"about":[{"href":"http:\/\/klubmamgdynia.pl\/index.php\/wp-json\/wp\/v2\/types\/product"}],"replies":[{"embeddable":true,"href":"http:\/\/klubmamgdynia.pl\/index.php\/wp-json\/wp\/v2\/comments?post=2105"}],"wp:featuredmedia":[{"embeddable":true,"href":"http:\/\/klubmamgdynia.pl\/index.php\/wp-json\/wp\/v2\/media\/2106"}],"wp:attachment":[{"href":"http:\/\/klubmamgdynia.pl\/index.php\/wp-json\/wp\/v2\/media?parent=2105"}],"wp:term":[{"taxonomy":"product_cat","embeddable":true,"href":"http:\/\/klubmamgdynia.pl\/index.php\/wp-json\/wp\/v2\/product_cat?post=2105"},{"taxonomy":"product_tag","embeddable":true,"href":"http:\/\/klubmamgdynia.pl\/index.php\/wp-json\/wp\/v2\/product_tag?post=2105"}],"curies":[{"name":"wp","href":"https:\/\/api.w.org\/{rel}","templated":true}]}}