{"id":2107,"date":"2011-12-09T08:27:03","date_gmt":"2011-12-09T07:27:03","guid":{"rendered":"http:\/\/klubmamgdynia.pl\/index.php\/produkt\/carrera-carrera292-807-m-53-czarne\/"},"modified":"2026-04-06T12:30:08","modified_gmt":"2026-04-06T10:30:08","slug":"carrera-carrera292-807-m-53-czarne","status":"publish","type":"product","link":"http:\/\/klubmamgdynia.pl\/index.php\/produkt\/carrera-carrera292-807-m-53-czarne\/","title":{"rendered":"Carrera Carrera292 807 M (53) Czarne"},"content":{"rendered":"<p>Carrera Historia Carrery rozpocz\u0119\u0142a si\u0119 w 1956 roku, kiedy Wilhelm Anger zdecydowa\u0142 si\u0119 nazwa\u0107 swoj\u0105 firm\u0119 produkuj\u0105c\u0105 sportowe gogle na cze\u015b\u0107 najd\u0142u\u017cszego, najszybszego i najbardziej niebezpiecznego wy\u015bcigu na \u015bwiecie \u2013 Carrera Panamericana. Dzisiaj, przy wykorzystaniu najnowszej technologii, Carrera perfekcyjnie \u0142\u0105czy w sobie miejski styl ze swoim sportowym dziedzictwem. Dla kogo? Okulary korekcyjne Carrera CARRERA292 807 s\u0105 cz\u0119\u015bci\u0105 najnowszej kolekcji marki Carrera, kt\u00f3ra zosta\u0142a starannie przygotowana dla m\u0119\u017cczyzn. Elegancki model z pe\u0142nymi oprawkami odzwierciedla najnowsze trendy w\u015br\u00f3d okular\u00f3w wsp\u00f3\u0142czesnych projektant\u00f3w, a jego prostok\u0105tny kszta\u0142t sprawia, \u017ce Carrera CARRERA292 stanowi idealny wyb\u00f3r szczeg\u00f3lnie dla okr\u0105g\u0142ej lub kwadratowej twarzy. Materia\u0142y Materia\u0142 u\u017cyty do wytworzenia oprawek to lekkiego propionianu celulozy. W por\u00f3wnaniu do tworzywa sztucznego, propionian jest zdecydowanie l\u017cejszy, bardziej elastyczny i ca\u0142kowicie hipoalergiczny. Darmowa dostawa Kup okulary Carrera CARRERA292 807 na eyerim ju\u017c teraz i skorzystaj z bezp\u0142atnej dostawy w oryginalnym opakowaniu ochronnym bezpo\u015brednio pod Twoje drzwi.<\/p>\n<h2>Carrera Carrera292 807 M (53) Czarne Carrera<\/h2>\n<p>zagadki logiczne matematyczne dla dzieci, alan imie, zabawka dla rocznej dziewczynki, zagadki o wiosnie, miriam imie, mia imie, zaproszenia urodzinowe do wydruku chomikuj, prezent dla nastolatk\u00f3w, zak\u0142adka do ksi\u0105\u017cki szablon do druku, ma\u0142y ksi\u0105\u017c\u0119 cytaty o mi\u0142o\u015bci, nauka pisania wyraz\u00f3w dla dzieci do druku pdf, zagadki o bajkach, dyplomy do druku pdf, fajne rzeczy dla nastolatk\u00f3w, aurora imi\u0119, szlaczki literopodobne, wiosenne zagadki, zagadki o wiosnie, dyplom za udzia\u0142 w konkursie do druku, zagadka logiczna, regina<\/p>\n<p>yyyyy<\/p>\n<p>&nbsp;<\/p>\n","protected":false},"excerpt":{"rendered":"<p>Carrera Historia Carrery rozpocz\u0119\u0142a si\u0119 w 1956 roku, kiedy Wilhelm Anger zdecydowa\u0142 si\u0119 nazwa\u0107 swoj\u0105 firm\u0119 produkuj\u0105c\u0105 sportowe gogle na cze\u015b\u0107 najd\u0142u\u017cszego, najszybszego i najbardziej niebezpiecznego wy\u015bcigu na \u015bwiecie \u2013 Carrera Panamericana. Dzisiaj, przy wykorzystaniu najnowszej technologii, Carrera perfekcyjnie \u0142\u0105czy w sobie miejski styl ze swoim sportowym dziedzictwem. Dla kogo? Okulary korekcyjne Carrera CARRERA292 807 [&hellip;]<\/p>\n","protected":false},"featured_media":2108,"comment_status":"closed","ping_status":"open","template":"","meta":[],"product_cat":[140,149],"product_tag":[790,744,842,856,693],"class_list":["post-2107","product","type-product","status-publish","has-post-thumbnail","hentry","product_cat-carrera","product_cat-okulary-oprawki-i-szkla","product_tag-gry-planszowe-dla-nastolatkow","product_tag-kolorowanki-swiateczne-do-wydruku","product_tag-plac-zabaw-poznan","product_tag-prezent-dla-16-latki","product_tag-zagadki-dla-doroslych"],"_links":{"self":[{"href":"http:\/\/klubmamgdynia.pl\/index.php\/wp-json\/wp\/v2\/product\/2107","targetHints":{"allow":["GET"]}}],"collection":[{"href":"http:\/\/klubmamgdynia.pl\/index.php\/wp-json\/wp\/v2\/product"}],"about":[{"href":"http:\/\/klubmamgdynia.pl\/index.php\/wp-json\/wp\/v2\/types\/product"}],"replies":[{"embeddable":true,"href":"http:\/\/klubmamgdynia.pl\/index.php\/wp-json\/wp\/v2\/comments?post=2107"}],"wp:featuredmedia":[{"embeddable":true,"href":"http:\/\/klubmamgdynia.pl\/index.php\/wp-json\/wp\/v2\/media\/2108"}],"wp:attachment":[{"href":"http:\/\/klubmamgdynia.pl\/index.php\/wp-json\/wp\/v2\/media?parent=2107"}],"wp:term":[{"taxonomy":"product_cat","embeddable":true,"href":"http:\/\/klubmamgdynia.pl\/index.php\/wp-json\/wp\/v2\/product_cat?post=2107"},{"taxonomy":"product_tag","embeddable":true,"href":"http:\/\/klubmamgdynia.pl\/index.php\/wp-json\/wp\/v2\/product_tag?post=2107"}],"curies":[{"name":"wp","href":"https:\/\/api.w.org\/{rel}","templated":true}]}}