{"id":211,"date":"2017-10-31T10:51:54","date_gmt":"2017-10-31T09:51:54","guid":{"rendered":"http:\/\/klubmamgdynia.pl\/index.php\/produkt\/holle-kaszka-ryzowa-pelnoziarnista-bezmleczna-bez-glutenu-250g\/"},"modified":"2026-04-20T15:29:32","modified_gmt":"2026-04-20T13:29:32","slug":"holle-kaszka-ryzowa-pelnoziarnista-bezmleczna-bez-glutenu-250g","status":"publish","type":"product","link":"http:\/\/klubmamgdynia.pl\/index.php\/produkt\/holle-kaszka-ryzowa-pelnoziarnista-bezmleczna-bez-glutenu-250g\/","title":{"rendered":"Holle Kaszka Ry\u017cowa Pe\u0142noziarnista Bezmleczna Bez Glutenu 250G"},"content":{"rendered":"<p>Zdrowa i po\u017cywna kaszka ry\u017cowa z pe\u0142nego przemia\u0142u ziarna, przeznaczona dla naszych pociech od 4-go miesi\u0105ca \u017cycia. Produkt nie zawiera gluten, nie zawiera mleka i cukru. Wyprodukowany z zachowaniem wszystkich zasad rolnictwa ekologicznego, certyfikowany przez DE-001- Okokontrollstelle i AGRO BIO TEST PL-EKO-07.Spos\u00f3b przygotowania: z dodatkiem mleka powy\u017cej 4 m-ca \u017cycia.Przygotowa\u0107 200ml mleka zgodnie z instrukcj\u0105 na opakowaniu, wsypa\u0107 5 \u0142y\u017cek (ok. 25g), dobrze wymiesza\u0107, nie gotowa\u0107. Podawa\u0107 w temp. oko\u0142o 37 C. Przyrz\u0105dzenie dla starszych dzieci i doros\u0142ych: 70ml przegotowanej wody ostudzi\u0107 do temp. oko\u0142o 50 C, doda\u0107 dwie \u0142y\u017cki sto\u0142owe kaszki (ok. 10g).<\/p>\n<h2>Holle Kaszka Ry\u017cowa Pe\u0142noziarnista Bezmleczna Bez Glutenu 250G Holle<\/h2>\n<p>kolorowanki dla dziewczynek do druku, prima aprilis zarty, zagadki wiosna, psi patrol kolorowanka, rysowanki, iwo imi\u0119, testy na znaki drogowe, aaa kotki dwa tekst, miasto dzieci, wzory zaprosze\u0144 zaproszenie na urodziny do druku pdf, trudne zagadki matematyczne, europa stolice quiz, kolorowanka lato<\/p>\n<p>yyyyy<\/p>\n<p>&nbsp;<\/p>\n","protected":false},"excerpt":{"rendered":"<p>Zdrowa i po\u017cywna kaszka ry\u017cowa z pe\u0142nego przemia\u0142u ziarna, przeznaczona dla naszych pociech od 4-go miesi\u0105ca \u017cycia. Produkt nie zawiera gluten, nie zawiera mleka i cukru. Wyprodukowany z zachowaniem wszystkich zasad rolnictwa ekologicznego, certyfikowany przez DE-001- Okokontrollstelle i AGRO BIO TEST PL-EKO-07.Spos\u00f3b przygotowania: z dodatkiem mleka powy\u017cej 4 m-ca \u017cycia.Przygotowa\u0107 200ml mleka zgodnie z instrukcj\u0105 [&hellip;]<\/p>\n","protected":false},"featured_media":212,"comment_status":"closed","ping_status":"open","template":"","meta":[],"product_cat":[106,107],"product_tag":[706,669,584,605,876,843],"class_list":["post-211","product","type-product","status-publish","has-post-thumbnail","hentry","product_cat-holle","product_cat-kaszki-dla-dzieci","product_tag-imie-kuba","product_tag-kolorowanki","product_tag-liwia","product_tag-milena","product_tag-przyjazn","product_tag-smieszne-zagadki-dla-dzieci"],"_links":{"self":[{"href":"http:\/\/klubmamgdynia.pl\/index.php\/wp-json\/wp\/v2\/product\/211","targetHints":{"allow":["GET"]}}],"collection":[{"href":"http:\/\/klubmamgdynia.pl\/index.php\/wp-json\/wp\/v2\/product"}],"about":[{"href":"http:\/\/klubmamgdynia.pl\/index.php\/wp-json\/wp\/v2\/types\/product"}],"replies":[{"embeddable":true,"href":"http:\/\/klubmamgdynia.pl\/index.php\/wp-json\/wp\/v2\/comments?post=211"}],"wp:featuredmedia":[{"embeddable":true,"href":"http:\/\/klubmamgdynia.pl\/index.php\/wp-json\/wp\/v2\/media\/212"}],"wp:attachment":[{"href":"http:\/\/klubmamgdynia.pl\/index.php\/wp-json\/wp\/v2\/media?parent=211"}],"wp:term":[{"taxonomy":"product_cat","embeddable":true,"href":"http:\/\/klubmamgdynia.pl\/index.php\/wp-json\/wp\/v2\/product_cat?post=211"},{"taxonomy":"product_tag","embeddable":true,"href":"http:\/\/klubmamgdynia.pl\/index.php\/wp-json\/wp\/v2\/product_tag?post=211"}],"curies":[{"name":"wp","href":"https:\/\/api.w.org\/{rel}","templated":true}]}}