{"id":2115,"date":"2019-09-02T05:48:58","date_gmt":"2019-09-02T03:48:58","guid":{"rendered":"http:\/\/klubmamgdynia.pl\/index.php\/produkt\/carrera-no-555-17455011\/"},"modified":"2026-04-28T14:51:25","modified_gmt":"2026-04-28T12:51:25","slug":"carrera-no-555-17455011","status":"publish","type":"product","link":"http:\/\/klubmamgdynia.pl\/index.php\/produkt\/carrera-no-555-17455011\/","title":{"rendered":"CARRERA NO. 555 17455011"},"content":{"rendered":"<p>SUPER CENA &#8211; DARMOWA DOSTAWA ! &#8211; CARRERA NO. 555 17455011 &#8211; PACZKOMAT, POCZTA, KURIER<\/p>\n<h2>CARRERA NO. 555 17455011 Carrera<\/h2>\n<p>kolorowanka lol surprise, cytat dziecko, kawaly na prima aprilis, cytaty o mamie, psi patrol do czytania, rebusy i krzy\u017c\u00f3wki dla dzieci do druku, co kupi\u0107 nastolatce na urodziny, uk\u0142ad s\u0142oneczny dla dzieci do druku, aniela znaczenie imienia, bajki na dobranoc dla dzieci, prezent dla dziewczynki na roczek, wydarzenia dla dzieci warszawa, michalina, wielkanocne zagadki dla dzieci, zaproszenie na urodziny do druku pdf, warszawa z dzieckiem, prezent dla jedenastolatki, dyplom za udzia\u0142 w konkursie do druku, prezenty roczek<\/p>\n<p>yyyyy<\/p>\n<p>&nbsp;<\/p>\n","protected":false},"excerpt":{"rendered":"<p>SUPER CENA &#8211; DARMOWA DOSTAWA ! &#8211; CARRERA NO. 555 17455011 &#8211; PACZKOMAT, POCZTA, KURIER CARRERA NO. 555 17455011 Carrera kolorowanka lol surprise, cytat dziecko, kawaly na prima aprilis, cytaty o mamie, psi patrol do czytania, rebusy i krzy\u017c\u00f3wki dla dzieci do druku, co kupi\u0107 nastolatce na urodziny, uk\u0142ad s\u0142oneczny dla dzieci do druku, aniela [&hellip;]<\/p>\n","protected":false},"featured_media":2116,"comment_status":"closed","ping_status":"open","template":"","meta":[],"product_cat":[140,530],"product_tag":[863,763,669,584,735,708],"class_list":["post-2115","product","type-product","status-publish","has-post-thumbnail","hentry","product_cat-carrera","product_cat-miksery-reczne","product_tag-bajki-dla-dziewczynek","product_tag-fabian","product_tag-kolorowanki","product_tag-liwia","product_tag-prezent-na-roczek-dziewczynka","product_tag-zabawy-ruchowe-dla-dzieci"],"_links":{"self":[{"href":"http:\/\/klubmamgdynia.pl\/index.php\/wp-json\/wp\/v2\/product\/2115","targetHints":{"allow":["GET"]}}],"collection":[{"href":"http:\/\/klubmamgdynia.pl\/index.php\/wp-json\/wp\/v2\/product"}],"about":[{"href":"http:\/\/klubmamgdynia.pl\/index.php\/wp-json\/wp\/v2\/types\/product"}],"replies":[{"embeddable":true,"href":"http:\/\/klubmamgdynia.pl\/index.php\/wp-json\/wp\/v2\/comments?post=2115"}],"wp:featuredmedia":[{"embeddable":true,"href":"http:\/\/klubmamgdynia.pl\/index.php\/wp-json\/wp\/v2\/media\/2116"}],"wp:attachment":[{"href":"http:\/\/klubmamgdynia.pl\/index.php\/wp-json\/wp\/v2\/media?parent=2115"}],"wp:term":[{"taxonomy":"product_cat","embeddable":true,"href":"http:\/\/klubmamgdynia.pl\/index.php\/wp-json\/wp\/v2\/product_cat?post=2115"},{"taxonomy":"product_tag","embeddable":true,"href":"http:\/\/klubmamgdynia.pl\/index.php\/wp-json\/wp\/v2\/product_tag?post=2115"}],"curies":[{"name":"wp","href":"https:\/\/api.w.org\/{rel}","templated":true}]}}