{"id":2117,"date":"2019-04-07T14:47:19","date_gmt":"2019-04-07T12:47:19","guid":{"rendered":"http:\/\/klubmamgdynia.pl\/index.php\/produkt\/mega-creative-zest-pieknosci-41x27x5-wb-24-48-zabawka\/"},"modified":"2026-05-17T22:38:05","modified_gmt":"2026-05-17T20:38:05","slug":"mega-creative-zest-pieknosci-41x27x5-wb-24-48-zabawka","status":"publish","type":"product","link":"http:\/\/klubmamgdynia.pl\/index.php\/produkt\/mega-creative-zest-pieknosci-41x27x5-wb-24-48-zabawka\/","title":{"rendered":"Mega Creative Zest Pieknosci 41X27X5 Wb 24\/48 &#8211; Zabawka"},"content":{"rendered":"<p>Zalety produktu rozwija kreatywno\u015b\u0107 dziecka, dziecko mo\u017ce poczu\u0107 si\u0119 jak ma\u0142a Ksi\u0119\u017cniczka, wszystkie elementy posiadaj\u0105 pi\u0119kne diamentowe zdobienia.Zestaw Pi\u0119kno\u015bci to podstawowa pozycja w kolekcji zabawek ka\u017cdej dziewczynki, wchodz\u0105cej coraz wi\u0119kszymi krokami w \u017cycie. Akcesoria MEGA CREATIVE wydob\u0119d\u0105 z niej prawdziw\u0105 m\u0142od\u0105 dam\u0119Zawarto\u015b\u0107 zestawu diadem, naszyjnik, kolczyki, lusterko, grzebie\u0144, 2 x pier\u015bcionki.Wykonane z plastiku.Wymiary\/waga\/baterie wymiary produktu d\u0142. x wys. cm: naszyjnik- 16&#215;20, lusterko-8&#215;21 wymiar opakowania d\u0142. x wys. x g\u0142. cm 41x27x5, nie wymaga zasilania bateriami.Zestaw przeznaczony dla dzieci w wieku 3 .<\/p>\n<h2>Mega Creative Zest Pieknosci 41X27X5 Wb 24\/48 &#8211; Zabawka Mega Creative<\/h2>\n<p>\u017cyczenia wielkanocne dla dzieci kr\u00f3tkie, kolorowanki lol do druku, zaczarowana zagroda &#8211; test, atrakcje dla dzieci tr\u00f3jmiasto<\/p>\n<p>yyyyy<\/p>\n<p>&nbsp;<\/p>\n","protected":false},"excerpt":{"rendered":"<p>Zalety produktu rozwija kreatywno\u015b\u0107 dziecka, dziecko mo\u017ce poczu\u0107 si\u0119 jak ma\u0142a Ksi\u0119\u017cniczka, wszystkie elementy posiadaj\u0105 pi\u0119kne diamentowe zdobienia.Zestaw Pi\u0119kno\u015bci to podstawowa pozycja w kolekcji zabawek ka\u017cdej dziewczynki, wchodz\u0105cej coraz wi\u0119kszymi krokami w \u017cycie. Akcesoria MEGA CREATIVE wydob\u0119d\u0105 z niej prawdziw\u0105 m\u0142od\u0105 dam\u0119Zawarto\u015b\u0107 zestawu diadem, naszyjnik, kolczyki, lusterko, grzebie\u0144, 2 x pier\u015bcionki.Wykonane z plastiku.Wymiary\/waga\/baterie wymiary produktu [&hellip;]<\/p>\n","protected":false},"featured_media":2118,"comment_status":"closed","ping_status":"open","template":"","meta":[],"product_cat":[53,64],"product_tag":[797,583,824],"class_list":["post-2117","product","type-product","status-publish","has-post-thumbnail","hentry","product_cat-kaciki-zabaw","product_cat-mega-creative","product_tag-kiekrz","product_tag-kolysanki-dla-dzieci-tekst","product_tag-warszawa-atrakcje-dla-dzieci"],"_links":{"self":[{"href":"http:\/\/klubmamgdynia.pl\/index.php\/wp-json\/wp\/v2\/product\/2117","targetHints":{"allow":["GET"]}}],"collection":[{"href":"http:\/\/klubmamgdynia.pl\/index.php\/wp-json\/wp\/v2\/product"}],"about":[{"href":"http:\/\/klubmamgdynia.pl\/index.php\/wp-json\/wp\/v2\/types\/product"}],"replies":[{"embeddable":true,"href":"http:\/\/klubmamgdynia.pl\/index.php\/wp-json\/wp\/v2\/comments?post=2117"}],"wp:featuredmedia":[{"embeddable":true,"href":"http:\/\/klubmamgdynia.pl\/index.php\/wp-json\/wp\/v2\/media\/2118"}],"wp:attachment":[{"href":"http:\/\/klubmamgdynia.pl\/index.php\/wp-json\/wp\/v2\/media?parent=2117"}],"wp:term":[{"taxonomy":"product_cat","embeddable":true,"href":"http:\/\/klubmamgdynia.pl\/index.php\/wp-json\/wp\/v2\/product_cat?post=2117"},{"taxonomy":"product_tag","embeddable":true,"href":"http:\/\/klubmamgdynia.pl\/index.php\/wp-json\/wp\/v2\/product_tag?post=2117"}],"curies":[{"name":"wp","href":"https:\/\/api.w.org\/{rel}","templated":true}]}}