{"id":2119,"date":"2019-08-24T20:43:13","date_gmt":"2019-08-24T18:43:13","guid":{"rendered":"http:\/\/klubmamgdynia.pl\/index.php\/produkt\/mega-creative-konstrukcyjne-metalowe-393458\/"},"modified":"2026-04-29T00:11:24","modified_gmt":"2026-04-28T22:11:24","slug":"mega-creative-konstrukcyjne-metalowe-393458","status":"publish","type":"product","link":"http:\/\/klubmamgdynia.pl\/index.php\/produkt\/mega-creative-konstrukcyjne-metalowe-393458\/","title":{"rendered":"Mega Creative Konstrukcyjne Metalowe (393458)"},"content":{"rendered":"<p>Klocki konstrukcyjne metalowe w pud. X616-2 MC &#8211; EURO-TRADE<\/p>\n<h2>Mega Creative Konstrukcyjne Metalowe (393458) Mega Creative<\/h2>\n<p>platformy edukacyjne, gabriel, zagadka o wio\u015bnie, kwiaty polne nazwy i zdj\u0119cia, zagadka matematyczna, kolorowanka mia i ja, prosta zagadka, wroc\u0142aw atrakcje dla dzieci, malowanki do wydruku, podchwytliwe zagadki dla doros\u0142ych, bajka o dinozaurach do czytania, prezenty na roczek, zwierz\u0119ta z plasteliny, kiekrz, wierszyki na lany poniedzia\u0142ek, aaa kotki dwa tekst, jak narysowa\u0107 oko<\/p>\n<p>yyyyy<\/p>\n<p>&nbsp;<\/p>\n","protected":false},"excerpt":{"rendered":"<p>Klocki konstrukcyjne metalowe w pud. X616-2 MC &#8211; EURO-TRADE Mega Creative Konstrukcyjne Metalowe (393458) Mega Creative platformy edukacyjne, gabriel, zagadka o wio\u015bnie, kwiaty polne nazwy i zdj\u0119cia, zagadka matematyczna, kolorowanka mia i ja, prosta zagadka, wroc\u0142aw atrakcje dla dzieci, malowanki do wydruku, podchwytliwe zagadki dla doros\u0142ych, bajka o dinozaurach do czytania, prezenty na roczek, zwierz\u0119ta [&hellip;]<\/p>\n","protected":false},"featured_media":2120,"comment_status":"closed","ping_status":"open","template":"","meta":[],"product_cat":[113,64],"product_tag":[645,674,748,599],"class_list":["post-2119","product","type-product","status-publish","has-post-thumbnail","hentry","product_cat-klocki","product_cat-mega-creative","product_tag-latwe-zagadki","product_tag-miasto-dzieci","product_tag-okolice-wroclawia-atrakcje","product_tag-prezent-dla-nastolatkow-2021"],"_links":{"self":[{"href":"http:\/\/klubmamgdynia.pl\/index.php\/wp-json\/wp\/v2\/product\/2119","targetHints":{"allow":["GET"]}}],"collection":[{"href":"http:\/\/klubmamgdynia.pl\/index.php\/wp-json\/wp\/v2\/product"}],"about":[{"href":"http:\/\/klubmamgdynia.pl\/index.php\/wp-json\/wp\/v2\/types\/product"}],"replies":[{"embeddable":true,"href":"http:\/\/klubmamgdynia.pl\/index.php\/wp-json\/wp\/v2\/comments?post=2119"}],"wp:featuredmedia":[{"embeddable":true,"href":"http:\/\/klubmamgdynia.pl\/index.php\/wp-json\/wp\/v2\/media\/2120"}],"wp:attachment":[{"href":"http:\/\/klubmamgdynia.pl\/index.php\/wp-json\/wp\/v2\/media?parent=2119"}],"wp:term":[{"taxonomy":"product_cat","embeddable":true,"href":"http:\/\/klubmamgdynia.pl\/index.php\/wp-json\/wp\/v2\/product_cat?post=2119"},{"taxonomy":"product_tag","embeddable":true,"href":"http:\/\/klubmamgdynia.pl\/index.php\/wp-json\/wp\/v2\/product_tag?post=2119"}],"curies":[{"name":"wp","href":"https:\/\/api.w.org\/{rel}","templated":true}]}}