{"id":2121,"date":"2013-06-11T08:56:26","date_gmt":"2013-06-11T06:56:26","guid":{"rendered":"http:\/\/klubmamgdynia.pl\/index.php\/produkt\/carrera-go-odcinki-prostej-171-mm-61656\/"},"modified":"2026-04-04T01:13:03","modified_gmt":"2026-04-03T23:13:03","slug":"carrera-go-odcinki-prostej-171-mm-61656","status":"publish","type":"product","link":"http:\/\/klubmamgdynia.pl\/index.php\/produkt\/carrera-go-odcinki-prostej-171-mm-61656\/","title":{"rendered":"Carrera Go!!! Odcinki Prostej 171 Mm 61656"},"content":{"rendered":"<p>o d\u0142ugo\u015b\u0107i: 171 mmZawarto\u015b\u0107 opakowania: 4 sztukiSzeroki asortyment akcesori\u00f3w dodatkowych pozwoli na rozbudowanie toru i urozmaicenie fantastycznej zabawy.Carrera GO!!! to system startowy do \u015awiata Wy\u015bcig\u00f3w Carrera, stworzony w skali 1:43. Wszystkie zestawy z tej serii zawieraj\u0105 kontroler turbo do\u0142adowania, a tak\u017ce oryginalne, licencjonowane samochody, wykonane z ogromn\u0105 dba\u0142o\u015bci\u0105 o szczeg\u00f3\u0142y.Carrera DIGITAL143 to najnowszy system wy\u015bcig\u00f3w b\u0119d\u0105cy po\u0142\u0105czeniem komponent\u00f3w serii GO!!! i techniki cyfrowej. Dzi\u0119ki temu ka\u017cdy zestaw zawiera 3 niezale\u017cnie kontrolowane auta kt\u00f3re poruszaj\u0105 si\u0119 jednocze\u015bnie na torze w skali 1:43. Nowo\u015bci\u0105 sa r\u00f3wnie\u017c elementy pozwalaj\u0105ce na zmian\u0119 pasa i dzi\u0119ki temu na wyprzedzanie. Sterowanie zwrotnicami odbywa si\u0119 poprzez naci\u015bni\u0119cie przycisku na kontrolerze. Wszystkie zestawy z tej serii zawieraj\u0105 oryginalne, licencjonowane samochody, wykonane z ogromn\u0105 dba\u0142o\u015bci\u0105 o szczeg\u00f3\u0142y.Systemy tor\u00f3w s\u0105 niezwykle \u0142atwe w monta\u017cu i demonta\u017cu, dzi\u0119ki unikalnemu systemowi zatrzask\u00f3w.<\/p>\n<h2>Carrera Go!!! Odcinki Prostej 171 Mm 61656 Carrera<\/h2>\n<p>kolorowanki konie z je\u017ad\u017acem, rozrywka dla dzieci, zaproszenie na urodziny do druku, super zings kolorowanki, testy ma\u0142y ksi\u0105\u017ce, kajko i kokosz szko\u0142a latania test z odpowiedziami, marianna imi\u0119, alfabet kolorowanki, pia imi\u0119, zagadki dla 7 latka, nauka polskiego dla dzieci z ukrainy, wz\u00f3r drzewo genealogiczne szablon do wydruku, test z lektury spos\u00f3b na alcybiadesa, trudne zagadki na inteligencje, opis do zdj\u0119cia z dzieckiem, kr\u00f3tkie bajki na dobranoc o mi\u0142o\u015bci, stare wiersze dla dzieci, wiosenna kolorowanka, zabawy z pi\u0142k\u0105, aniela znaczenie imienia<\/p>\n<p>yyyyy<\/p>\n<p>&nbsp;<\/p>\n","protected":false},"excerpt":{"rendered":"<p>o d\u0142ugo\u015b\u0107i: 171 mmZawarto\u015b\u0107 opakowania: 4 sztukiSzeroki asortyment akcesori\u00f3w dodatkowych pozwoli na rozbudowanie toru i urozmaicenie fantastycznej zabawy.Carrera GO!!! to system startowy do \u015awiata Wy\u015bcig\u00f3w Carrera, stworzony w skali 1:43. Wszystkie zestawy z tej serii zawieraj\u0105 kontroler turbo do\u0142adowania, a tak\u017ce oryginalne, licencjonowane samochody, wykonane z ogromn\u0105 dba\u0142o\u015bci\u0105 o szczeg\u00f3\u0142y.Carrera DIGITAL143 to najnowszy system wy\u015bcig\u00f3w [&hellip;]<\/p>\n","protected":false},"featured_media":2122,"comment_status":"closed","ping_status":"open","template":"","meta":[],"product_cat":[140,141],"product_tag":[706,619,593,580,673,794,724],"class_list":["post-2121","product","type-product","status-publish","has-post-thumbnail","hentry","product_cat-carrera","product_cat-parkingi-garaze-i-tory-wyscigowe","product_tag-imie-kuba","product_tag-iwo-imie","product_tag-jak-narysowac-konia","product_tag-janusz","product_tag-juz-blisko-koleda-tekst","product_tag-test-opowiesci-z-narnii-lew-czarownica-i-stara-szafa-do-druku","product_tag-zagadki-podchwytliwe"],"_links":{"self":[{"href":"http:\/\/klubmamgdynia.pl\/index.php\/wp-json\/wp\/v2\/product\/2121","targetHints":{"allow":["GET"]}}],"collection":[{"href":"http:\/\/klubmamgdynia.pl\/index.php\/wp-json\/wp\/v2\/product"}],"about":[{"href":"http:\/\/klubmamgdynia.pl\/index.php\/wp-json\/wp\/v2\/types\/product"}],"replies":[{"embeddable":true,"href":"http:\/\/klubmamgdynia.pl\/index.php\/wp-json\/wp\/v2\/comments?post=2121"}],"wp:featuredmedia":[{"embeddable":true,"href":"http:\/\/klubmamgdynia.pl\/index.php\/wp-json\/wp\/v2\/media\/2122"}],"wp:attachment":[{"href":"http:\/\/klubmamgdynia.pl\/index.php\/wp-json\/wp\/v2\/media?parent=2121"}],"wp:term":[{"taxonomy":"product_cat","embeddable":true,"href":"http:\/\/klubmamgdynia.pl\/index.php\/wp-json\/wp\/v2\/product_cat?post=2121"},{"taxonomy":"product_tag","embeddable":true,"href":"http:\/\/klubmamgdynia.pl\/index.php\/wp-json\/wp\/v2\/product_tag?post=2121"}],"curies":[{"name":"wp","href":"https:\/\/api.w.org\/{rel}","templated":true}]}}