{"id":2123,"date":"2024-03-26T08:09:06","date_gmt":"2024-03-26T07:09:06","guid":{"rendered":"http:\/\/klubmamgdynia.pl\/?post_type=product&#038;p=2123"},"modified":"2026-04-29T08:15:16","modified_gmt":"2026-04-29T06:15:16","slug":"norimpex-auto-osobowka-straz-pozarna-1004819","status":"publish","type":"product","link":"http:\/\/klubmamgdynia.pl\/index.php\/produkt\/norimpex-auto-osobowka-straz-pozarna-1004819\/","title":{"rendered":"Norimpex Auto Osob\u00f3wka Stra\u017c Po\u017carna 1004819"},"content":{"rendered":"<p>Stra\u017c po\u017carna z efektami \u015bwietlnymi i d\u017awi\u0119kowymi.Auto zasilane bateriami 3xAA1,5V(brak w zestawie).Wymiary opakowania: 21 x 12 x 10,5 cmWiek: 3+&#8230;<\/p>\n<h2>Norimpex Auto Osob\u00f3wka Stra\u017c Po\u017carna 1004819 Lena<\/h2>\n<p>zagadki logiczne na inteligencj\u0119, jak namalowa\u0107 psa, jagna imi\u0119, zgadywanki dla dzieci, test z dynastii mizio\u0142k\u00f3w, zabawy ruchowe dla dzieci, stare piosenki, p\u0142onie ognisko w lesie, w\u0142ochy, \u0142amig\u0142\u00f3wki dla dzieci do wydruku, kawa\u0142 na prima aprilis, trudne zagadki dla dzieci, bajki dla chlopcow<\/p>\n<p>yyyyy<\/p>\n<p>&nbsp;<\/p>\n","protected":false},"excerpt":{"rendered":"<p>Stra\u017c po\u017carna z efektami \u015bwietlnymi i d\u017awi\u0119kowymi.Auto zasilane bateriami 3xAA1,5V(brak w zestawie).Wymiary opakowania: 21 x 12 x 10,5 cmWiek: 3+&#8230; Norimpex Auto Osob\u00f3wka Stra\u017c Po\u017carna 1004819 Lena zagadki logiczne na inteligencj\u0119, jak namalowa\u0107 psa, jagna imi\u0119, zgadywanki dla dzieci, test z dynastii mizio\u0142k\u00f3w, zabawy ruchowe dla dzieci, stare piosenki, p\u0142onie ognisko w lesie, w\u0142ochy, \u0142amig\u0142\u00f3wki [&hellip;]<\/p>\n","protected":false},"featured_media":2124,"comment_status":"closed","ping_status":"open","template":"","meta":[],"product_cat":[531,337],"product_tag":[728,851,688,807,795,812],"class_list":["post-2123","product","type-product","status-publish","has-post-thumbnail","hentry","product_cat-lena","product_cat-zabawki-zdalnie-sterowane","product_tag-bezwarunkowa-milosc-do-dziecka-cytaty","product_tag-jak-narysowac-kota","product_tag-kolysanki-tekst","product_tag-logiczne-zagadki","product_tag-mini-zoo-warszawa","product_tag-zagadki-logiczne-na-inteligencje"],"_links":{"self":[{"href":"http:\/\/klubmamgdynia.pl\/index.php\/wp-json\/wp\/v2\/product\/2123","targetHints":{"allow":["GET"]}}],"collection":[{"href":"http:\/\/klubmamgdynia.pl\/index.php\/wp-json\/wp\/v2\/product"}],"about":[{"href":"http:\/\/klubmamgdynia.pl\/index.php\/wp-json\/wp\/v2\/types\/product"}],"replies":[{"embeddable":true,"href":"http:\/\/klubmamgdynia.pl\/index.php\/wp-json\/wp\/v2\/comments?post=2123"}],"wp:featuredmedia":[{"embeddable":true,"href":"http:\/\/klubmamgdynia.pl\/index.php\/wp-json\/wp\/v2\/media\/2124"}],"wp:attachment":[{"href":"http:\/\/klubmamgdynia.pl\/index.php\/wp-json\/wp\/v2\/media?parent=2123"}],"wp:term":[{"taxonomy":"product_cat","embeddable":true,"href":"http:\/\/klubmamgdynia.pl\/index.php\/wp-json\/wp\/v2\/product_cat?post=2123"},{"taxonomy":"product_tag","embeddable":true,"href":"http:\/\/klubmamgdynia.pl\/index.php\/wp-json\/wp\/v2\/product_tag?post=2123"}],"curies":[{"name":"wp","href":"https:\/\/api.w.org\/{rel}","templated":true}]}}