{"id":2125,"date":"2011-09-18T20:23:19","date_gmt":"2011-09-18T18:23:19","guid":{"rendered":"http:\/\/klubmamgdynia.pl\/index.php\/produkt\/malplay-dzwig-dla-dzieci-zdlanie-sterowany-rc-zuraw\/"},"modified":"2026-04-04T02:49:39","modified_gmt":"2026-04-04T00:49:39","slug":"malplay-dzwig-dla-dzieci-zdlanie-sterowany-rc-zuraw","status":"publish","type":"product","link":"http:\/\/klubmamgdynia.pl\/index.php\/produkt\/malplay-dzwig-dla-dzieci-zdlanie-sterowany-rc-zuraw\/","title":{"rendered":"Malplay D\u017awig dla dzieci zdlanie Sterowany Rc \u017buraw"},"content":{"rendered":"<p>Wspania\u0142a zabawka dla ka\u017cdego ma\u0142ego budowniczego. D\u017awig to doskona\u0142a zabawka, kt\u00f3ra ka\u017cdemu ch\u0142opcu sprawi olbrzymi\u0105 rado\u015b\u0107 podczas prac budowniczych!Zabawk\u0119 obs\u0142uguje si\u0119 poprzez sterowanie kablem. Posiada ona ruchom\u0105, obrotow\u0105 kabin\u0119 (o 360 stopni), wysuwany, ruchomy \u017curaw, wind\u0119, podnoszony i opuszczany hak, w komplecie z r\u00f3\u017cnymi akcesoriami budowlanymi.Dzi\u0119ki sterowaniu z pilota , d\u017awigiem mo\u017cna podnosi\u0107 i opuszcza\u0107 materia\u0142y budowlane. R\u0119cznie natomiast &#8211; obraca\u0107 kabin\u0119 z ca\u0142ym ramieniem o 360 stopni.W zestawie znajdziemy dodatkowo :wiaderkospecjaln\u0105 platform\u0119 3 imitacje kamieni2 rury<\/p>\n<h2>Malplay D\u017awig dla dzieci zdlanie Sterowany Rc \u017buraw Malplay<\/h2>\n<p>glupie zagadki, prezent dla dziecka 1 rok, znaczenie imienia marcel, jan pawe\u0142 2 rysunek \u0142atwy dla dzieci, kolorowanki do druku lol, ahmed, kolorowanki lego friends, roszpunka kolorowanka, swinka peppa obrazek, upominek dla nastolatk\u00f3w, cytat rodzina, sybilla, nauka pisania wyraz\u00f3w dla dzieci do druku pdf, weso\u0142e pisanki tekst piosenki, kolorowanka dla dzieci, piosenka na dzie\u0144 mamy tekst, prezent dla rocznego ch\u0142opca, konkurencje sportowe dla dzieci, prezent pod choink\u0119 dla 7 letniej dziewczynki, pikachu do druku<\/p>\n<p>yyyyy<\/p>\n<p>&nbsp;<\/p>\n","protected":false},"excerpt":{"rendered":"<p>Wspania\u0142a zabawka dla ka\u017cdego ma\u0142ego budowniczego. D\u017awig to doskona\u0142a zabawka, kt\u00f3ra ka\u017cdemu ch\u0142opcu sprawi olbrzymi\u0105 rado\u015b\u0107 podczas prac budowniczych!Zabawk\u0119 obs\u0142uguje si\u0119 poprzez sterowanie kablem. Posiada ona ruchom\u0105, obrotow\u0105 kabin\u0119 (o 360 stopni), wysuwany, ruchomy \u017curaw, wind\u0119, podnoszony i opuszczany hak, w komplecie z r\u00f3\u017cnymi akcesoriami budowlanymi.Dzi\u0119ki sterowaniu z pilota , d\u017awigiem mo\u017cna podnosi\u0107 i opuszcza\u0107 [&hellip;]<\/p>\n","protected":false},"featured_media":2126,"comment_status":"closed","ping_status":"open","template":"","meta":[],"product_cat":[84,337],"product_tag":[603,594,830,796],"class_list":["post-2125","product","type-product","status-publish","has-post-thumbnail","hentry","product_cat-malplay","product_cat-zabawki-zdalnie-sterowane","product_tag-bajki-do-czytania","product_tag-podchwytliwe-zagadki-dla-dzieci","product_tag-rodzina-cytaty","product_tag-zagatki"],"_links":{"self":[{"href":"http:\/\/klubmamgdynia.pl\/index.php\/wp-json\/wp\/v2\/product\/2125","targetHints":{"allow":["GET"]}}],"collection":[{"href":"http:\/\/klubmamgdynia.pl\/index.php\/wp-json\/wp\/v2\/product"}],"about":[{"href":"http:\/\/klubmamgdynia.pl\/index.php\/wp-json\/wp\/v2\/types\/product"}],"replies":[{"embeddable":true,"href":"http:\/\/klubmamgdynia.pl\/index.php\/wp-json\/wp\/v2\/comments?post=2125"}],"wp:featuredmedia":[{"embeddable":true,"href":"http:\/\/klubmamgdynia.pl\/index.php\/wp-json\/wp\/v2\/media\/2126"}],"wp:attachment":[{"href":"http:\/\/klubmamgdynia.pl\/index.php\/wp-json\/wp\/v2\/media?parent=2125"}],"wp:term":[{"taxonomy":"product_cat","embeddable":true,"href":"http:\/\/klubmamgdynia.pl\/index.php\/wp-json\/wp\/v2\/product_cat?post=2125"},{"taxonomy":"product_tag","embeddable":true,"href":"http:\/\/klubmamgdynia.pl\/index.php\/wp-json\/wp\/v2\/product_tag?post=2125"}],"curies":[{"name":"wp","href":"https:\/\/api.w.org\/{rel}","templated":true}]}}