{"id":2127,"date":"2016-11-20T23:18:52","date_gmt":"2016-11-20T22:18:52","guid":{"rendered":"http:\/\/klubmamgdynia.pl\/index.php\/produkt\/woopie-duza-koparka-zdalnie-sterowana-na-gasienicach-7-funkcji-dzwiekakc\/"},"modified":"2026-04-03T22:51:00","modified_gmt":"2026-04-03T20:51:00","slug":"woopie-duza-koparka-zdalnie-sterowana-na-gasienicach-7-funkcji-dzwiekakc","status":"publish","type":"product","link":"http:\/\/klubmamgdynia.pl\/index.php\/produkt\/woopie-duza-koparka-zdalnie-sterowana-na-gasienicach-7-funkcji-dzwiekakc\/","title":{"rendered":"Woopie Du\u017ca Koparka Zdalnie Sterowana Na G\u0105sienicach 7 Funkcji D\u017awi\u0119k+Akc."},"content":{"rendered":"<p>Koparka zdalnie sterowana marki WOOPIE to idealna zabawka dla ka\u017cdego ma\u0142ego fana maszyn budowlanych. Pojazd stworzony zosta\u0142 z wysokiej jako\u015bci tworzywa, posiada tak\u017ce szerokie gumowe g\u0105sienice, dzi\u0119ki kt\u00f3rym zabawka poradzi sobie nawet na najbardziej wymagaj\u0105cym terenie. Ponadto podczas zabawy w domu nie porysuje pod\u0142ogi. Wykonana z przywi\u0105zaniem do najdrobniejszych szczeg\u00f3\u0142\u00f3w jest doskona\u0142\u0105 imitacj\u0105 prawdziwej maszyny w skali 1:24. Spraw aby pok\u00f3j Twojego dziecka zamieni\u0142 si\u0119 w prawdziwy plac budowy. Pojazd charakteryzuje si\u0119 wyj\u0105tkow\u0105 dok\u0142adno\u015bci\u0105, a ka\u017cdy szczeg\u00f3\u0142 jest dopracowany. W kabinie znajduje si\u0119 kierownica oraz wszystkie d\u017awignie potrzebne do sterowania maszyn\u0105. Dodatkowo wyrazisto\u015bci zabawce nadaj\u0105 wyj\u0105tkowo intensywne kolory. Koparka posiada gumowe, solidne g\u0105sienice. Pilot, kt\u00f3ry posiada cz\u0119stotliwo\u015b\u0107 2.4 GHz zdecydowanie wyr\u00f3\u017cnia zabawk\u0119 na tle innych. Pojazd rewelacyjnie spe\u0142nia rol\u0119 dydaktyczn\u0105. Jest to \u015bwietny spos\u00f3b na zabaw\u0119 w grupie \u2013 z rodzicami b\u0105d\u017a r\u00f3wie\u015bnikami. Do zestawu do\u0142\u0105czono r\u00f3wnie\u017c 2 znaki ostrzegawcze oraz 2 pacho\u0142ki, kt\u00f3re pozwol\u0105 dziecku na wytoczenie terytorium i uatrakcyjnienie zabawy.Charakterystyka:- koparka obs\u0142ugiwana jest do\u0142\u0105czonym do zestawu pilotem 2.4G,- koparka mo\u017ce jecha\u0107 w prz\u00f3d\/ty\u0142, prawo\/lewo, a tak\u017ce podnosi\u0107 swe rami\u0119 do nabierania materia\u0142\u00f3w \u2014 na przyk\u0142ad piasku lub \u017cwirku,- wydaje d\u017awi\u0119ki m.in. klakson, start- gumowe g\u0105sienice,- akumulator wielokrotnego \u0142adowania,- ruchoma \u0142y\u017cka,- czas \u0142adowania: 120 minut,- cz\u0119stotliwo\u015b\u0107 pracy nadajnika: 2,4 Ghz,- zasilanie koparki: akumulator 4.8V.Zabawka zawiera: &#8211; kopark\u0119,- pilot,- przew\u00f3d do \u0142adowania,- 2 pacho\u0142ki, &#8211; 2 znaki ostrzegawcze, &#8211; akumulator 4.8V.Zabawka rozwija:- ma\u0142a motoryk\u0119,- umiej\u0119tno\u015bci manualne,- koncentracj\u0119, &#8211; szybko\u015b\u0107 my\u015blenia, &#8211; spryt.Zabawki marki Woopie maj\u0105 jeden cel &#8211; wzbudza\u0107 rado\u015b\u0107 dzieci! Po\u015br\u00f3d bogatego asortymentu, Woopie posiada mi\u0119dzy innymi stroje karnawa\u0142owe i przebrania dla dzieci, ale tak\u017ce hu\u015btawki zawieszane, zabawki piankowe, r\u00f3\u017cnego rodzaju zabawki ogrodowe, oraz du\u017co wi\u0119cej! Daj si\u0119 ponie\u015b\u0107 zabawie &#8211; daj si\u0119 ponie\u015b\u0107 Woopie!<\/p>\n<h2>Woopie Du\u017ca Koparka Zdalnie Sterowana Na G\u0105sienicach 7 Funkcji D\u017awi\u0119k+Akc. Woopie<\/h2>\n<p>prezent dla 19 latka, fajne prezenty dla nastolatk\u00f3w, miko\u0142ajki 2021 warszawa, podchwytliwe zagadki dla dzieci, cytaty o przyja\u017ani kr\u00f3tkie, zagadki dla dzieci 7 lat o zwierz\u0119tach, uk\u0142ad s\u0142oneczny dla dzieci do druku, literki, test z lektury asiunia joanna papuzi\u0144ska, pomysly na prezent na roczek, motto dla nauczyciela, cytaty dla dzieci, r\u00f3\u017ca imie, lamiglowki slowne<\/p>\n<p>yyyyy<\/p>\n<p>&nbsp;<\/p>\n","protected":false},"excerpt":{"rendered":"<p>Koparka zdalnie sterowana marki WOOPIE to idealna zabawka dla ka\u017cdego ma\u0142ego fana maszyn budowlanych. Pojazd stworzony zosta\u0142 z wysokiej jako\u015bci tworzywa, posiada tak\u017ce szerokie gumowe g\u0105sienice, dzi\u0119ki kt\u00f3rym zabawka poradzi sobie nawet na najbardziej wymagaj\u0105cym terenie. Ponadto podczas zabawy w domu nie porysuje pod\u0142ogi. Wykonana z przywi\u0105zaniem do najdrobniejszych szczeg\u00f3\u0142\u00f3w jest doskona\u0142\u0105 imitacj\u0105 prawdziwej maszyny [&hellip;]<\/p>\n","protected":false},"featured_media":2128,"comment_status":"closed","ping_status":"open","template":"","meta":[],"product_cat":[177,337],"product_tag":[681,689,858,804,725],"class_list":["post-2127","product","type-product","status-publish","has-post-thumbnail","hentry","product_cat-woopie","product_cat-zabawki-zdalnie-sterowane","product_tag-flagi-europy-quiz","product_tag-linda","product_tag-podchwytliwe-zagadki","product_tag-ryz-z-owocami","product_tag-zgadywanki"],"_links":{"self":[{"href":"http:\/\/klubmamgdynia.pl\/index.php\/wp-json\/wp\/v2\/product\/2127","targetHints":{"allow":["GET"]}}],"collection":[{"href":"http:\/\/klubmamgdynia.pl\/index.php\/wp-json\/wp\/v2\/product"}],"about":[{"href":"http:\/\/klubmamgdynia.pl\/index.php\/wp-json\/wp\/v2\/types\/product"}],"replies":[{"embeddable":true,"href":"http:\/\/klubmamgdynia.pl\/index.php\/wp-json\/wp\/v2\/comments?post=2127"}],"wp:featuredmedia":[{"embeddable":true,"href":"http:\/\/klubmamgdynia.pl\/index.php\/wp-json\/wp\/v2\/media\/2128"}],"wp:attachment":[{"href":"http:\/\/klubmamgdynia.pl\/index.php\/wp-json\/wp\/v2\/media?parent=2127"}],"wp:term":[{"taxonomy":"product_cat","embeddable":true,"href":"http:\/\/klubmamgdynia.pl\/index.php\/wp-json\/wp\/v2\/product_cat?post=2127"},{"taxonomy":"product_tag","embeddable":true,"href":"http:\/\/klubmamgdynia.pl\/index.php\/wp-json\/wp\/v2\/product_tag?post=2127"}],"curies":[{"name":"wp","href":"https:\/\/api.w.org\/{rel}","templated":true}]}}