{"id":2129,"date":"2019-03-05T13:13:50","date_gmt":"2019-03-05T12:13:50","guid":{"rendered":"http:\/\/klubmamgdynia.pl\/index.php\/produkt\/dromader-straz-pozarna-woz-strazacki-duzy-21901\/"},"modified":"2026-04-04T06:50:01","modified_gmt":"2026-04-04T04:50:01","slug":"dromader-straz-pozarna-woz-strazacki-duzy-21901","status":"publish","type":"product","link":"http:\/\/klubmamgdynia.pl\/index.php\/produkt\/dromader-straz-pozarna-woz-strazacki-duzy-21901\/","title":{"rendered":"Dromader Stra\u017c Po\u017carna W\u00f3z stra\u017cacki, du\u017cy (21901)"},"content":{"rendered":"<p>Klocki STRA\u017b PO\u017bARNA W\u00f3z Stra\u017cacki z Ga\u015bnicami 150 el DROMADERZ wyj\u0105tkowymi zestawami klock\u00f3w DROMADER dziecko odkryje niezwyk\u0142e budowle i pojazdy. Na kreatywnego malca czeka a\u017c 150 element\u00f3w, z kt\u00f3rych zbuduje fantastyczny W\u00f3z Stra\u017cacki z Ga\u015bnicami. Rewelacyjny zestaw DROMADER zachwyci dziecko i zapewni mu wci\u0105gaj\u0105ce zaj\u0119cie na bardzo d\u0142ugi czas!Niezwyk\u0142a sceneria b\u0119dzie idealnym t\u0142em do tworzenia mn\u00f3stwa interesuj\u0105cych historyjek oraz porywaj\u0105cych akcji.Wyj\u0105tkowe Klocki STRA\u017b PO\u017bARNA DROMADER otworz\u0105 przed dzieckiem drzwi do \u015bwiata kreatywno\u015bci.Wspania\u0142ej zabawie nie b\u0119dzie ko\u0144ca! Nieograniczone mo\u017cliwo\u015bci tworzenia, w po\u0142\u0105czeniu z wyobra\u017ani\u0105 dziecka zapewni\u0105 mu wci\u0105gaj\u0105ce zaj\u0119cie na bardzo d\u0142ugi czas. Zabawa nimi wspomaga rozw\u00f3j koordynacji r\u0119ka-oko, koncentracji, to doskona\u0142y trening dla ma\u0142ych paluszk\u00f3w. Uk\u0142adanie klock\u00f3w uczy r\u00f3wnie\u017c logicznego my\u015blenia i cierpliwo\u015bci. Wykonane z materia\u0142\u00f3w najwy\u017cszej jako\u015bci elementy zapewni\u0105 d\u0142ugie i bezpieczne u\u017cytkowanie.Wielko\u015b\u0107 klock\u00f3w pozwala na bezproblemowe \u0142\u0105czenie ich z innymi markowymi klockami takimi jak LEGO, COBI czy Dromader.Zestaw zawiera: 150 element\u00f3wfigurk\u0119 stra\u017cakaklocki \u0142\u0105cz\u0105 si\u0119 z klockami LEGO i COBIprodukt nowy, oryginalnie zapakowanyprzeznaczony dla dzieci od 6 roku \u017cycia<\/p>\n<h2>Dromader Stra\u017c Po\u017carna W\u00f3z stra\u017cacki, du\u017cy (21901) Dromader<\/h2>\n<p>opis do zdj\u0119cia z dzieckiem, dyplomy dla dzieci do druku, test z dynastii mizio\u0142k\u00f3w, zagadki dla dzieci 9-10 lat z odpowiedziami, karnawa\u0142 maska karnawa\u0142owa szablon, aurora imi\u0119, stare piosenki, zagadki zimowe dla dzieci, trudne zagadki wielkanocne, p\u0142atki \u015bniegu szablon, akademia pana kleksa &#8211; test z odpowiedziami do druku, zagadki o bajkach, gad\u017cety dla m\u0142odzie\u017cy 2020, audiobooki dla dzieci za darmo, zadania logiczne dla dzieci, sentencja dla dziecka<\/p>\n<p>yyyyy<\/p>\n<p>&nbsp;<\/p>\n","protected":false},"excerpt":{"rendered":"<p>Klocki STRA\u017b PO\u017bARNA W\u00f3z Stra\u017cacki z Ga\u015bnicami 150 el DROMADERZ wyj\u0105tkowymi zestawami klock\u00f3w DROMADER dziecko odkryje niezwyk\u0142e budowle i pojazdy. Na kreatywnego malca czeka a\u017c 150 element\u00f3w, z kt\u00f3rych zbuduje fantastyczny W\u00f3z Stra\u017cacki z Ga\u015bnicami. Rewelacyjny zestaw DROMADER zachwyci dziecko i zapewni mu wci\u0105gaj\u0105ce zaj\u0119cie na bardzo d\u0142ugi czas!Niezwyk\u0142a sceneria b\u0119dzie idealnym t\u0142em do tworzenia [&hellip;]<\/p>\n","protected":false},"featured_media":2130,"comment_status":"closed","ping_status":"open","template":"","meta":[],"product_cat":[60,113],"product_tag":[768,613,639,577],"class_list":["post-2129","product","type-product","status-publish","has-post-thumbnail","hentry","product_cat-dromader","product_cat-klocki","product_tag-krotkie-zagadki-logiczne","product_tag-na-wyspach-bergamutach","product_tag-nela-imie","product_tag-znaki-drogowe-test"],"_links":{"self":[{"href":"http:\/\/klubmamgdynia.pl\/index.php\/wp-json\/wp\/v2\/product\/2129","targetHints":{"allow":["GET"]}}],"collection":[{"href":"http:\/\/klubmamgdynia.pl\/index.php\/wp-json\/wp\/v2\/product"}],"about":[{"href":"http:\/\/klubmamgdynia.pl\/index.php\/wp-json\/wp\/v2\/types\/product"}],"replies":[{"embeddable":true,"href":"http:\/\/klubmamgdynia.pl\/index.php\/wp-json\/wp\/v2\/comments?post=2129"}],"wp:featuredmedia":[{"embeddable":true,"href":"http:\/\/klubmamgdynia.pl\/index.php\/wp-json\/wp\/v2\/media\/2130"}],"wp:attachment":[{"href":"http:\/\/klubmamgdynia.pl\/index.php\/wp-json\/wp\/v2\/media?parent=2129"}],"wp:term":[{"taxonomy":"product_cat","embeddable":true,"href":"http:\/\/klubmamgdynia.pl\/index.php\/wp-json\/wp\/v2\/product_cat?post=2129"},{"taxonomy":"product_tag","embeddable":true,"href":"http:\/\/klubmamgdynia.pl\/index.php\/wp-json\/wp\/v2\/product_tag?post=2129"}],"curies":[{"name":"wp","href":"https:\/\/api.w.org\/{rel}","templated":true}]}}