{"id":2131,"date":"2021-04-28T15:09:52","date_gmt":"2021-04-28T13:09:52","guid":{"rendered":"http:\/\/klubmamgdynia.pl\/index.php\/produkt\/action-base-2-grey\/"},"modified":"2026-04-06T17:12:11","modified_gmt":"2026-04-06T15:12:11","slug":"action-base-2-grey","status":"publish","type":"product","link":"http:\/\/klubmamgdynia.pl\/index.php\/produkt\/action-base-2-grey\/","title":{"rendered":"Action Base 2 Grey"},"content":{"rendered":"<p>Modele Gundam (\u30ac\u30f3\u30c0\u30e0) zwane r\u00f3wnie\u017c jako GUNPLA to modelowe zestawy przedstawiaj\u0105ce w unikalny spos\u00f3b pojazdy i postacie fikcyjnego wszech\u015bwiata Mobile Suit Gundam autorstwa Bandai<\/p>\n<h2>Action Base 2 Grey Bandai<\/h2>\n<p>pomys\u0142y na prezent na roczek, dzieci.pl, kolorowanka konie, kolorowanki lol, nadie\u017cda imi\u0119, kolorowanki \u015bwi\u0119to niepodleg\u0142o\u015bci do druku, \u015bwinka peppa do czytania, rozrywka dla dzieci, samolot z papieru<\/p>\n<p>yyyyy<\/p>\n<p>&nbsp;<\/p>\n","protected":false},"excerpt":{"rendered":"<p>Modele Gundam (\u30ac\u30f3\u30c0\u30e0) zwane r\u00f3wnie\u017c jako GUNPLA to modelowe zestawy przedstawiaj\u0105ce w unikalny spos\u00f3b pojazdy i postacie fikcyjnego wszech\u015bwiata Mobile Suit Gundam autorstwa Bandai Action Base 2 Grey Bandai pomys\u0142y na prezent na roczek, dzieci.pl, kolorowanka konie, kolorowanki lol, nadie\u017cda imi\u0119, kolorowanki \u015bwi\u0119to niepodleg\u0142o\u015bci do druku, \u015bwinka peppa do czytania, rozrywka dla dzieci, samolot z [&hellip;]<\/p>\n","protected":false},"featured_media":2132,"comment_status":"closed","ping_status":"open","template":"","meta":[],"product_cat":[96,97],"product_tag":[772,851,729,856,721,607,715],"class_list":["post-2131","product","type-product","status-publish","has-post-thumbnail","hentry","product_cat-bandai","product_cat-figurki-kolekcjonerskie","product_tag-45-panstw-europy-i-ich-stolice-quiz","product_tag-jak-narysowac-kota","product_tag-madre-bajki-dla-dzieci-do-czytania","product_tag-prezent-dla-16-latki","product_tag-zagadki-matematyczne","product_tag-zarty-na-prima-aprilis-dla-rodzicow","product_tag-zosia-samosia"],"_links":{"self":[{"href":"http:\/\/klubmamgdynia.pl\/index.php\/wp-json\/wp\/v2\/product\/2131","targetHints":{"allow":["GET"]}}],"collection":[{"href":"http:\/\/klubmamgdynia.pl\/index.php\/wp-json\/wp\/v2\/product"}],"about":[{"href":"http:\/\/klubmamgdynia.pl\/index.php\/wp-json\/wp\/v2\/types\/product"}],"replies":[{"embeddable":true,"href":"http:\/\/klubmamgdynia.pl\/index.php\/wp-json\/wp\/v2\/comments?post=2131"}],"wp:featuredmedia":[{"embeddable":true,"href":"http:\/\/klubmamgdynia.pl\/index.php\/wp-json\/wp\/v2\/media\/2132"}],"wp:attachment":[{"href":"http:\/\/klubmamgdynia.pl\/index.php\/wp-json\/wp\/v2\/media?parent=2131"}],"wp:term":[{"taxonomy":"product_cat","embeddable":true,"href":"http:\/\/klubmamgdynia.pl\/index.php\/wp-json\/wp\/v2\/product_cat?post=2131"},{"taxonomy":"product_tag","embeddable":true,"href":"http:\/\/klubmamgdynia.pl\/index.php\/wp-json\/wp\/v2\/product_tag?post=2131"}],"curies":[{"name":"wp","href":"https:\/\/api.w.org\/{rel}","templated":true}]}}