{"id":2133,"date":"2016-12-17T14:38:21","date_gmt":"2016-12-17T13:38:21","guid":{"rendered":"http:\/\/klubmamgdynia.pl\/index.php\/produkt\/buddy-toys-rc-jeep-wrangler-1-10-zolty-57000312\/"},"modified":"2026-05-17T22:46:25","modified_gmt":"2026-05-17T20:46:25","slug":"buddy-toys-rc-jeep-wrangler-1-10-zolty-57000312","status":"publish","type":"product","link":"http:\/\/klubmamgdynia.pl\/index.php\/produkt\/buddy-toys-rc-jeep-wrangler-1-10-zolty-57000312\/","title":{"rendered":"Buddy Toys RC Jeep Wrangler 1\/10 \u017c\u00f3\u0142ty (57000312)"},"content":{"rendered":"<p>Zdalnie sterowany samoch\u00f3d RC Jeep Wrangler 1\/10 \u017c\u00f3\u0142ty marki Buddy Toys wyposa\u017cony jest w dzia\u0142aj\u0105ce przednie i tylne \u015bwiat\u0142a LED. Ten model o rozmiarze 43 cm mo\u017ce podr\u00f3\u017cowa\u0107 z pr\u0119dko\u015bci\u0105 7\u201310 km \/ h.<\/p>\n<h2>Buddy Toys RC Jeep Wrangler 1\/10 \u017c\u00f3\u0142ty (57000312) Buddy Toys<\/h2>\n<p>ja\u015bmina imi\u0119, krotkie zagadki, samochwa\u0142a, podchwytliwe zagadki dla doros\u0142ych, m\u0105dra my\u015bl na dobranoc, kanapki dla dzieci, sporty po francusku, trudne zagadki, jan pawe\u0142 2 rysunek \u0142atwy dla dzieci, miriam imie, u\u015bmiech dziecka wiersz, szablony postacie do szopki do druku, prezenty dla nastolatek, miasto dzieci pl, na wyspach bergamutach tekst, co kupi\u0107 na roczek dla ch\u0142opca, podchwytliwe zagadki dla dzieci, kartk\u00f3wki z zegara, malowane kamienie, iwo<\/p>\n<p>yyyyy<\/p>\n<p>&nbsp;<\/p>\n","protected":false},"excerpt":{"rendered":"<p>Zdalnie sterowany samoch\u00f3d RC Jeep Wrangler 1\/10 \u017c\u00f3\u0142ty marki Buddy Toys wyposa\u017cony jest w dzia\u0142aj\u0105ce przednie i tylne \u015bwiat\u0142a LED. Ten model o rozmiarze 43 cm mo\u017ce podr\u00f3\u017cowa\u0107 z pr\u0119dko\u015bci\u0105 7\u201310 km \/ h. Buddy Toys RC Jeep Wrangler 1\/10 \u017c\u00f3\u0142ty (57000312) Buddy Toys ja\u015bmina imi\u0119, krotkie zagadki, samochwa\u0142a, podchwytliwe zagadki dla doros\u0142ych, m\u0105dra my\u015bl [&hellip;]<\/p>\n","protected":false},"featured_media":2134,"comment_status":"closed","ping_status":"open","template":"","meta":[],"product_cat":[532,337],"product_tag":[700,650,589,641],"class_list":["post-2133","product","type-product","status-publish","has-post-thumbnail","hentry","product_cat-buddy-toys","product_cat-zabawki-zdalnie-sterowane","product_tag-bajki-do-czytania-dla-dzieci","product_tag-choinka-z-bibuly","product_tag-prezent-dla-rocznego-dziecka","product_tag-trudne-zagadki-logiczne"],"_links":{"self":[{"href":"http:\/\/klubmamgdynia.pl\/index.php\/wp-json\/wp\/v2\/product\/2133","targetHints":{"allow":["GET"]}}],"collection":[{"href":"http:\/\/klubmamgdynia.pl\/index.php\/wp-json\/wp\/v2\/product"}],"about":[{"href":"http:\/\/klubmamgdynia.pl\/index.php\/wp-json\/wp\/v2\/types\/product"}],"replies":[{"embeddable":true,"href":"http:\/\/klubmamgdynia.pl\/index.php\/wp-json\/wp\/v2\/comments?post=2133"}],"wp:featuredmedia":[{"embeddable":true,"href":"http:\/\/klubmamgdynia.pl\/index.php\/wp-json\/wp\/v2\/media\/2134"}],"wp:attachment":[{"href":"http:\/\/klubmamgdynia.pl\/index.php\/wp-json\/wp\/v2\/media?parent=2133"}],"wp:term":[{"taxonomy":"product_cat","embeddable":true,"href":"http:\/\/klubmamgdynia.pl\/index.php\/wp-json\/wp\/v2\/product_cat?post=2133"},{"taxonomy":"product_tag","embeddable":true,"href":"http:\/\/klubmamgdynia.pl\/index.php\/wp-json\/wp\/v2\/product_tag?post=2133"}],"curies":[{"name":"wp","href":"https:\/\/api.w.org\/{rel}","templated":true}]}}