{"id":2135,"date":"2014-09-04T23:30:23","date_gmt":"2014-09-04T21:30:23","guid":{"rendered":"http:\/\/klubmamgdynia.pl\/index.php\/produkt\/buddy-toys-brc-32-411-rc-bebek-bialo-niebieski\/"},"modified":"2026-04-06T09:59:40","modified_gmt":"2026-04-06T07:59:40","slug":"buddy-toys-brc-32-411-rc-bebek-bialo-niebieski","status":"publish","type":"product","link":"http:\/\/klubmamgdynia.pl\/index.php\/produkt\/buddy-toys-brc-32-411-rc-bebek-bialo-niebieski\/","title":{"rendered":"Buddy Toys Brc 32.411 Rc Bebek Bia\u0142o Niebieski"},"content":{"rendered":"<p>RC Bebek jest samochodem zdalnie sterowanym, wykonanym w skali 1:32 i ma d\u0142ugo\u015b\u0107 14 cm. Ma nap\u0119d na 4 ko\u0142a i jest odpowiedni do ci\u0119\u017ckiego terenu. Jego \u015brednia pr\u0119dko\u015b\u0107 wynosi 8 km \/ h. Sterownik ma zasi\u0119g do 50 m. Odpowiedni dla dzieci od 6 roku \u017cycia.<\/p>\n<h2>Buddy Toys Brc 32.411 Rc Bebek Bia\u0142o Niebieski Buddy Toys<\/h2>\n<p>rysowanie po \u015bladzie, lucjan, krotkie zagadki, zosia samosia wiersz, bezpieczne kosmetyki do makija\u017cu dla dzieci<\/p>\n<p>yyyyy<\/p>\n<p>&nbsp;<\/p>\n","protected":false},"excerpt":{"rendered":"<p>RC Bebek jest samochodem zdalnie sterowanym, wykonanym w skali 1:32 i ma d\u0142ugo\u015b\u0107 14 cm. Ma nap\u0119d na 4 ko\u0142a i jest odpowiedni do ci\u0119\u017ckiego terenu. Jego \u015brednia pr\u0119dko\u015b\u0107 wynosi 8 km \/ h. Sterownik ma zasi\u0119g do 50 m. Odpowiedni dla dzieci od 6 roku \u017cycia. Buddy Toys Brc 32.411 Rc Bebek Bia\u0142o Niebieski [&hellip;]<\/p>\n","protected":false},"featured_media":2136,"comment_status":"closed","ping_status":"open","template":"","meta":[],"product_cat":[532,337],"product_tag":[801,680,593,617,644,605,586],"class_list":["post-2135","product","type-product","status-publish","has-post-thumbnail","hentry","product_cat-buddy-toys","product_cat-zabawki-zdalnie-sterowane","product_tag-bajki-terapeutyczne-o-emocjach","product_tag-cytaty-z-malego-ksiecia","product_tag-jak-narysowac-konia","product_tag-keyword","product_tag-mia","product_tag-milena","product_tag-smieszne-zagadki"],"_links":{"self":[{"href":"http:\/\/klubmamgdynia.pl\/index.php\/wp-json\/wp\/v2\/product\/2135","targetHints":{"allow":["GET"]}}],"collection":[{"href":"http:\/\/klubmamgdynia.pl\/index.php\/wp-json\/wp\/v2\/product"}],"about":[{"href":"http:\/\/klubmamgdynia.pl\/index.php\/wp-json\/wp\/v2\/types\/product"}],"replies":[{"embeddable":true,"href":"http:\/\/klubmamgdynia.pl\/index.php\/wp-json\/wp\/v2\/comments?post=2135"}],"wp:featuredmedia":[{"embeddable":true,"href":"http:\/\/klubmamgdynia.pl\/index.php\/wp-json\/wp\/v2\/media\/2136"}],"wp:attachment":[{"href":"http:\/\/klubmamgdynia.pl\/index.php\/wp-json\/wp\/v2\/media?parent=2135"}],"wp:term":[{"taxonomy":"product_cat","embeddable":true,"href":"http:\/\/klubmamgdynia.pl\/index.php\/wp-json\/wp\/v2\/product_cat?post=2135"},{"taxonomy":"product_tag","embeddable":true,"href":"http:\/\/klubmamgdynia.pl\/index.php\/wp-json\/wp\/v2\/product_tag?post=2135"}],"curies":[{"name":"wp","href":"https:\/\/api.w.org\/{rel}","templated":true}]}}